{"id":941,"date":"2023-06-10T21:20:46","date_gmt":"2023-06-10T21:20:46","guid":{"rendered":"https:\/\/littlepandas.ch\/pricing\/"},"modified":"2026-01-03T15:24:57","modified_gmt":"2026-01-03T15:24:57","slug":"tarifs","status":"publish","type":"page","link":"https:\/\/littlepandas.ch\/fr\/tarifs\/","title":{"rendered":"Tarifs"},"content":{"rendered":"\t\t<div data-elementor-type=\"wp-post\" data-elementor-id=\"941\" class=\"elementor elementor-941 elementor-908\" data-elementor-post-type=\"page\">\n\t\t\t\t<div class=\"elementor-element elementor-element-aac09d1 e-flex e-con-boxed e-con e-parent\" data-id=\"aac09d1\" data-element_type=\"container\" data-e-type=\"container\">\n\t\t\t\t\t<div class=\"e-con-inner\">\n\t\t\t\t<div class=\"elementor-element elementor-element-292ebdb elementor-widget elementor-widget-heading\" data-id=\"292ebdb\" data-element_type=\"widget\" data-e-type=\"widget\" data-widget_type=\"heading.default\">\n\t\t\t\t<div class=\"elementor-widget-container\">\n\t\t\t\t\t<h2 class=\"elementor-heading-title elementor-size-default\">Nos tarifs en un coup d'\u0153il<\/h2>\t\t\t\t<\/div>\n\t\t\t\t<\/div>\n\t\t\t\t<div class=\"elementor-element elementor-element-5055a53 elementor-widget elementor-widget-text-editor\" data-id=\"5055a53\" data-element_type=\"widget\" data-e-type=\"widget\" data-widget_type=\"text-editor.default\">\n\t\t\t\t<div class=\"elementor-widget-container\">\n\t\t\t\t\t\t\t\t\t<p>Chez LittlePandas, tous nos ateliers sont au m\u00eame prix. Cela vous offre la flexibilit\u00e9 d&rsquo;acheter des packs et de profiter de l&rsquo;ensemble des activit\u00e9s que nous proposons.<\/p><p>Pour optimiser votre exp\u00e9rience, nous vous recommandons vivement d&rsquo;inscrire votre enfant en tant que membre. L&rsquo;adh\u00e9sion vous permet d&rsquo;acc\u00e9der \u00e0 nos diff\u00e9rentes options de packs. Pour rejoindre notre programme de membres, des frais d&rsquo;adh\u00e9sion de CHF 75.- sont requis, \u00e0 r\u00e9gler avant la premi\u00e8re s\u00e9ance, en plus des packs que vous choisissez d\u2019acheter.<\/p>\t\t\t\t\t\t\t\t<\/div>\n\t\t\t\t<\/div>\n\t\t\t\t\t<\/div>\n\t\t\t\t<\/div>\n\t\t<div class=\"elementor-element elementor-element-0f2bfde e-con-full e-flex e-con e-parent\" data-id=\"0f2bfde\" data-element_type=\"container\" data-e-type=\"container\">\n\t\t\t\t<div class=\"elementor-element elementor-element-3e191f4 elementor-widget elementor-widget-price-list\" data-id=\"3e191f4\" data-element_type=\"widget\" data-e-type=\"widget\" data-widget_type=\"price-list.default\">\n\t\t\t\t<div class=\"elementor-widget-container\">\n\t\t\t\t\t\n\t\t<ul class=\"elementor-price-list\">\n\n\t\t\t\t\t\t\t\t\t<li><a class=\"elementor-price-list-item\" href=\"https:\/\/backoffice.bsport.io\/m\/Little%20Pandas\/1668\/pass\/?isPreview=true&#038;paymentPackCategories=&#038;privatePassCategories=\">\t\t\t\t\n\t\t\t\t<div class=\"elementor-price-list-text\">\n\t\t\t\t\t\t\t\t\t<div class=\"elementor-price-list-header\">\n\t\t\t\t\t\t\t\t\t\t\t<span class=\"elementor-price-list-title\">\n\t\t\t\t\t\t\tCours d'Essai Motri-Gym\t\t\t\t\t\t<\/span>\n\t\t\t\t\t\t\t\t\t\t\t\t\t\t\t\t\t\t\t\t\t\t\t\t<span class=\"elementor-price-list-price\">CHF 20.50\/par enfant.<\/span>\n\t\t\t\t\t\t\t\t\t\t<\/div>\n\t\t\t\t\t\t\t\t\t\t\t\t\t\t\t<p class=\"elementor-price-list-description\">\n\t\t\t\t\t\t\t<U>CLIQUEZ ICI POUR VOUS INSCRIRE<\/U> \t\t\t\t\t\t<\/p>\n\t\t\t\t\t\t\t\t<\/div>\n\t\t\t\t<\/a><\/li>\t\t\t\t\t\t\t\t\t\t\t\t<li><a class=\"elementor-price-list-item\" href=\"https:\/\/backoffice.bsport.io\/m\/Little%20Pandas\/1668\/pass\/?isPreview=true&#038;paymentPackCategories=&#038;privatePassCategories=\">\t\t\t\t\n\t\t\t\t<div class=\"elementor-price-list-text\">\n\t\t\t\t\t\t\t\t\t<div class=\"elementor-price-list-header\">\n\t\t\t\t\t\t\t\t\t\t\t<span class=\"elementor-price-list-title\">\n\t\t\t\t\t\t\tCours d'Essai Art et Cuisine\t\t\t\t\t\t<\/span>\n\t\t\t\t\t\t\t\t\t\t\t\t\t\t\t\t\t\t\t\t\t\t\t\t<span class=\"elementor-price-list-price\">CHF 25.50\/par enfant.<\/span>\n\t\t\t\t\t\t\t\t\t\t<\/div>\n\t\t\t\t\t\t\t\t\t\t\t\t\t\t\t<p class=\"elementor-price-list-description\">\n\t\t\t\t\t\t\t<U>CLIQUEZ ICI POUR VOUS INSCRIRE<\/U> \t\t\t\t\t\t<\/p>\n\t\t\t\t\t\t\t\t<\/div>\n\t\t\t\t<\/a><\/li>\t\t\t\t\t\t\t\t\t\t\t\t<li><a class=\"elementor-price-list-item\" href=\"https:\/\/backoffice.bsport.io\/m\/Little%20Pandas\/1668\/pass\/?isPreview=true&#038;paymentPackCategories=&#038;privatePassCategories=\">\t\t\t\t\n\t\t\t\t<div class=\"elementor-price-list-text\">\n\t\t\t\t\t\t\t\t\t<div class=\"elementor-price-list-header\">\n\t\t\t\t\t\t\t\t\t\t\t<span class=\"elementor-price-list-title\">\n\t\t\t\t\t\t\tAdh\u00e9sion pour Devenir Membre:\t\t\t\t\t\t<\/span>\n\t\t\t\t\t\t\t\t\t\t\t\t\t\t\t\t\t\t\t\t\t\t\t\t<span class=\"elementor-price-list-price\">CHF 85.50\/par enfant.<\/span>\n\t\t\t\t\t\t\t\t\t\t<\/div>\n\t\t\t\t\t\t\t\t\t\t\t\t\t\t\t<p class=\"elementor-price-list-description\">\n\t\t\t\t\t\t\t<U>CLIQUEZ ICI POUR VOUS INSCRIRE<\/U>\t\t\t\t\t\t<\/p>\n\t\t\t\t\t\t\t\t<\/div>\n\t\t\t\t<\/a><\/li>\t\t\t\t\t\t\t\t\t\t\t\t<li><a class=\"elementor-price-list-item\" href=\"https:\/\/backoffice.bsport.io\/m\/Little%20Pandas\/1668\/pass\/?isPreview=true&#038;paymentPackCategories=&#038;privatePassCategories=\">\t\t\t\t\n\t\t\t\t<div class=\"elementor-price-list-text\">\n\t\t\t\t\t\t\t\t\t<div class=\"elementor-price-list-header\">\n\t\t\t\t\t\t\t\t\t\t\t<span class=\"elementor-price-list-title\">\n\t\t\t\t\t\t\tCours Membre:\t\t\t\t\t\t<\/span>\n\t\t\t\t\t\t\t\t\t\t\t\t\t\t\t\t\t\t\t\t\t\t\t\t<span class=\"elementor-price-list-price\">CHF 35.50\/par enfant.<\/span>\n\t\t\t\t\t\t\t\t\t\t<\/div>\n\t\t\t\t\t\t\t\t\t\t\t\t\t\t\t<p class=\"elementor-price-list-description\">\n\t\t\t\t\t\t\t<U>CLIQUEZ ICI POUR VOUS INSCRIRE\n<\/U>\t\t\t\t\t\t<\/p>\n\t\t\t\t\t\t\t\t<\/div>\n\t\t\t\t<\/a><\/li>\t\t\t\t\t\t\t\t\t\t\t\t<li><a class=\"elementor-price-list-item\" href=\"https:\/\/backoffice.bsport.io\/m\/Little%20Pandas\/1668\/pass\/?isPreview=true&#038;paymentPackCategories=&#038;privatePassCategories=\">\t\t\t\t\n\t\t\t\t<div class=\"elementor-price-list-text\">\n\t\t\t\t\t\t\t\t\t<div class=\"elementor-price-list-header\">\n\t\t\t\t\t\t\t\t\t\t\t<span class=\"elementor-price-list-title\">\n\t\t\t\t\t\t\tCours Non-Membre:\t\t\t\t\t\t<\/span>\n\t\t\t\t\t\t\t\t\t\t\t\t\t\t\t\t\t\t\t\t\t\t\t\t<span class=\"elementor-price-list-price\">CHF 45.50\/par enfant.<\/span>\n\t\t\t\t\t\t\t\t\t\t<\/div>\n\t\t\t\t\t\t\t\t\t\t\t\t\t\t\t<p class=\"elementor-price-list-description\">\n\t\t\t\t\t\t\t<U>CLIQUEZ ICI POUR VOUS INSCRIRE\n<\/U>\t\t\t\t\t\t<\/p>\n\t\t\t\t\t\t\t\t<\/div>\n\t\t\t\t<\/a><\/li>\t\t\t\t\t\t\t\t\t\t\t\t<li><a class=\"elementor-price-list-item\" href=\"https:\/\/backoffice.bsport.io\/m\/Little%20Pandas\/1668\/pass\/?isPreview=true&#038;paymentPackCategories=&#038;privatePassCategories=\">\t\t\t\t\n\t\t\t\t<div class=\"elementor-price-list-text\">\n\t\t\t\t\t\t\t\t\t<div class=\"elementor-price-list-header\">\n\t\t\t\t\t\t\t\t\t\t\t<span class=\"elementor-price-list-title\">\n\t\t\t\t\t\t\tPack de 10 Cours:\t\t\t\t\t\t<\/span>\n\t\t\t\t\t\t\t\t\t\t\t\t\t\t\t\t\t\t\t\t\t\t\t\t<span class=\"elementor-price-list-price\">CHF 335.-<\/span>\n\t\t\t\t\t\t\t\t\t\t<\/div>\n\t\t\t\t\t\t\t\t\t\t\t\t\t\t\t<p class=\"elementor-price-list-description\">\n\t\t\t\t\t\t\t<U>CLIQUEZ ICI POUR VOUS INSCRIRE<\/U>\t\t\t\t\t\t<\/p>\n\t\t\t\t\t\t\t\t<\/div>\n\t\t\t\t<\/a><\/li>\t\t\t\t\t\t\t\t\t\t\t\t<li><a class=\"elementor-price-list-item\" href=\"https:\/\/backoffice.bsport.io\/m\/Little%20Pandas\/1668\/pass\/?isPreview=true&#038;paymentPackCategories=&#038;privatePassCategories=\">\t\t\t\t\n\t\t\t\t<div class=\"elementor-price-list-text\">\n\t\t\t\t\t\t\t\t\t<div class=\"elementor-price-list-header\">\n\t\t\t\t\t\t\t\t\t\t\t<span class=\"elementor-price-list-title\">\n\t\t\t\t\t\t\tPack de 20 Cours:\t\t\t\t\t\t<\/span>\n\t\t\t\t\t\t\t\t\t\t\t\t\t\t\t\t\t\t\t\t\t\t\t\t<span class=\"elementor-price-list-price\">CHF 635.-<\/span>\n\t\t\t\t\t\t\t\t\t\t<\/div>\n\t\t\t\t\t\t\t\t\t\t\t\t\t\t\t<p class=\"elementor-price-list-description\">\n\t\t\t\t\t\t\t<U>CLIQUEZ ICI POUR VOUS INSCRIRE<\/U>\t\t\t\t\t\t<\/p>\n\t\t\t\t\t\t\t\t<\/div>\n\t\t\t\t<\/a><\/li>\t\t\t\t\t\t\t\t\t\t\t\t<li><a class=\"elementor-price-list-item\" href=\"https:\/\/backoffice.bsport.io\/m\/Little%20Pandas\/1668\/pass\/?isPreview=true&#038;paymentPackCategories=&#038;privatePassCategories=\">\t\t\t\t\n\t\t\t\t<div class=\"elementor-price-list-text\">\n\t\t\t\t\t\t\t\t\t<div class=\"elementor-price-list-header\">\n\t\t\t\t\t\t\t\t\t\t\t<span class=\"elementor-price-list-title\">\n\t\t\t\t\t\t\tPack de 30 Cours:\t\t\t\t\t\t<\/span>\n\t\t\t\t\t\t\t\t\t\t\t\t\t\t\t\t\t\t\t\t\t\t\t\t<span class=\"elementor-price-list-price\">CHF 905.-<\/span>\n\t\t\t\t\t\t\t\t\t\t<\/div>\n\t\t\t\t\t\t\t\t\t\t\t\t\t\t\t<p class=\"elementor-price-list-description\">\n\t\t\t\t\t\t\t<U>CLIQUEZ ICI POUR VOUS INSCRIRE<\/U>\t\t\t\t\t\t<\/p>\n\t\t\t\t\t\t\t\t<\/div>\n\t\t\t\t<\/a><\/li>\t\t\t\t\t\n\t\t<\/ul>\n\n\t\t\t\t\t\t<\/div>\n\t\t\t\t<\/div>\n\t\t\t\t<div class=\"elementor-element elementor-element-c8b06bf elementor-widget elementor-widget-spacer\" data-id=\"c8b06bf\" data-element_type=\"widget\" data-e-type=\"widget\" data-widget_type=\"spacer.default\">\n\t\t\t\t<div class=\"elementor-widget-container\">\n\t\t\t\t\t\t\t<div class=\"elementor-spacer\">\n\t\t\t<div class=\"elementor-spacer-inner\"><\/div>\n\t\t<\/div>\n\t\t\t\t\t\t<\/div>\n\t\t\t\t<\/div>\n\t\t\t\t<\/div>\n\t\t\t\t<\/div>\n\t\t","protected":false},"excerpt":{"rendered":"<p>Nos tarifs en un coup d&rsquo;\u0153il Chez LittlePandas, tous nos ateliers sont au m\u00eame prix. Cela vous offre la flexibilit\u00e9 d&rsquo;acheter des packs et de profiter de l&rsquo;ensemble des activit\u00e9s que nous proposons. Pour optimiser votre exp\u00e9rience, nous vous recommandons vivement d&rsquo;inscrire votre enfant en tant que membre. L&rsquo;adh\u00e9sion vous permet d&rsquo;acc\u00e9der \u00e0 nos diff\u00e9rentes [&hellip;]<\/p>\n","protected":false},"author":1,"featured_media":1702,"parent":0,"menu_order":0,"comment_status":"closed","ping_status":"closed","template":"","meta":{"_acf_changed":false,"_seopress_robots_primary_cat":"","_seopress_titles_title":"","_seopress_titles_desc":"","_seopress_robots_index":"","footnotes":""},"class_list":["post-941","page","type-page","status-publish","has-post-thumbnail","hentry"],"acf":[],"_links":{"self":[{"href":"https:\/\/littlepandas.ch\/fr\/wp-json\/wp\/v2\/pages\/941","targetHints":{"allow":["GET"]}}],"collection":[{"href":"https:\/\/littlepandas.ch\/fr\/wp-json\/wp\/v2\/pages"}],"about":[{"href":"https:\/\/littlepandas.ch\/fr\/wp-json\/wp\/v2\/types\/page"}],"author":[{"embeddable":true,"href":"https:\/\/littlepandas.ch\/fr\/wp-json\/wp\/v2\/users\/1"}],"replies":[{"embeddable":true,"href":"https:\/\/littlepandas.ch\/fr\/wp-json\/wp\/v2\/comments?post=941"}],"version-history":[{"count":3,"href":"https:\/\/littlepandas.ch\/fr\/wp-json\/wp\/v2\/pages\/941\/revisions"}],"predecessor-version":[{"id":7973,"href":"https:\/\/littlepandas.ch\/fr\/wp-json\/wp\/v2\/pages\/941\/revisions\/7973"}],"wp:featuredmedia":[{"embeddable":true,"href":"https:\/\/littlepandas.ch\/fr\/wp-json\/wp\/v2\/media\/1702"}],"wp:attachment":[{"href":"https:\/\/littlepandas.ch\/fr\/wp-json\/wp\/v2\/media?parent=941"}],"curies":[{"name":"wp","href":"https:\/\/api.w.org\/{rel}","templated":true}]}}