{"id":6761,"date":"2024-05-08T13:37:51","date_gmt":"2024-05-08T13:37:51","guid":{"rendered":"https:\/\/littlepandas.ch\/?page_id=6761"},"modified":"2024-05-15T18:26:51","modified_gmt":"2024-05-15T18:26:51","slug":"baby-gym-geneve","status":"publish","type":"page","link":"https:\/\/littlepandas.ch\/fr\/baby-gym-geneve\/","title":{"rendered":"Baby-Gym Gen\u00e8ve"},"content":{"rendered":"\t\t<div data-elementor-type=\"wp-post\" data-elementor-id=\"6761\" class=\"elementor elementor-6761 elementor-6753\" data-elementor-post-type=\"page\">\n\t\t\t\t<div class=\"elementor-element elementor-element-aac09d1 e-flex e-con-boxed e-con e-parent\" data-id=\"aac09d1\" data-element_type=\"container\" data-e-type=\"container\">\n\t\t\t\t\t<div class=\"e-con-inner\">\n\t\t\t\t<div class=\"elementor-element elementor-element-292ebdb elementor-widget elementor-widget-heading\" data-id=\"292ebdb\" data-element_type=\"widget\" data-e-type=\"widget\" data-widget_type=\"heading.default\">\n\t\t\t\t<div class=\"elementor-widget-container\">\n\t\t\t\t\t<h2 class=\"elementor-heading-title elementor-size-default\">Construire des liens solides gr\u00e2ce aux cours parents b\u00e9b\u00e9s <\/h2>\t\t\t\t<\/div>\n\t\t\t\t<\/div>\n\t\t\t\t<div class=\"elementor-element elementor-element-423d1f0 elementor-widget elementor-widget-text-editor\" data-id=\"423d1f0\" data-element_type=\"widget\" data-e-type=\"widget\" data-widget_type=\"text-editor.default\">\n\t\t\t\t<div class=\"elementor-widget-container\">\n\t\t\t\t\t\t\t\t\t<p><strong>Bienvenue \u00e0 Baby Gym Geneva! Nous sommes tr\u00e8s heureux que vous soyez ici.<\/strong><\/p><p>Notre centre est situ\u00e9 au c\u0153ur de Gen\u00e8ve et nous sommes enti\u00e8rement d\u00e9di\u00e9s \u00e0 favoriser le lien entre les parents et leurs b\u00e9b\u00e9s gr\u00e2ce \u00e0 des activit\u00e9s stimulantes et enrichissantes.<\/p><p>\u00c0 LittlePandas Gen\u00e8ve, nous croyons que chaque interaction entre un parent et son enfant est une occasion de croissance et de connexion. C&rsquo;est pourquoi nos cours sont con\u00e7us pour stimuler le d\u00e9veloppement physique et cognitif tout en renfor\u00e7ant le lien sp\u00e9cial entre les soignants et leurs petits. Nos cours pour parents et b\u00e9b\u00e9s sont anim\u00e9s par des instructeurs exp\u00e9riment\u00e9s qui savent exactement quoi faire pour aider votre petit \u00e0 grandir et \u00e0 apprendre. Nous incluons une vari\u00e9t\u00e9 d&rsquo;exercices appropri\u00e9s \u00e0 l&rsquo;\u00e2ge, de jeux et d&rsquo;activit\u00e9s sensorielles pour aider votre b\u00e9b\u00e9 \u00e0 d\u00e9velopper ses comp\u00e9tences motrices, sa coordination et son interaction sociale. Chaque session est tr\u00e8s soigneusement con\u00e7ue pour \u00eatre ludique et encourageante, et notre installation spacieuse et color\u00e9e offre le d\u00e9cor parfait pour l&rsquo;exploration et la d\u00e9couverte. De ramper \u00e0 travers des tunnels, \u00e0 atteindre pour des jouets color\u00e9s et \u00e0 rebondir sur des tapis doux, les b\u00e9b\u00e9s ont la libert\u00e9 de se d\u00e9placer et d&rsquo;explorer \u00e0 leur propre rythme, tandis que les parents les encouragent \u00e0 chaque \u00e9tape du chemin.<\/p><p>Mais Baby Gym Geneva est bien plus qu&rsquo;un endroit pour jouer &#8211; c&rsquo;est une communaut\u00e9 o\u00f9 les familles se rassemblent pour partager des exp\u00e9riences, des rires et des \u00e9tapes importantes. Nos cours, ateliers et \u00e9v\u00e9nements sp\u00e9ciaux sont une excellente occasion pour les parents de se connecter les uns avec les autres, de partager des conseils et des astuces et de se lier d&rsquo;amiti\u00e9 pour la vie.<\/p><p>Que vous cherchiez \u00e0 renforcer le lien avec votre b\u00e9b\u00e9, \u00e0 soutenir son d\u00e9veloppement ou simplement \u00e0 profiter de moments de qualit\u00e9 ensemble, Baby Gym Geneva vous invite \u00e0 nous rejoindre dans cette passionnante aventure de croissance, d&rsquo;apprentissage et d&rsquo;amour. Venez d\u00e9couvrir la joie de la parentalit\u00e9 en mouvement \u00e0 Baby Gym Geneva!<\/p>\t\t\t\t\t\t\t\t<\/div>\n\t\t\t\t<\/div>\n\t\t<div class=\"elementor-element elementor-element-3f7024e e-flex e-con-boxed e-con e-child\" data-id=\"3f7024e\" data-element_type=\"container\" data-e-type=\"container\">\n\t\t\t\t\t<div class=\"e-con-inner\">\n\t\t\t\t<div class=\"elementor-element elementor-element-353dea9 elementor-widget elementor-widget-button\" data-id=\"353dea9\" data-element_type=\"widget\" data-e-type=\"widget\" data-widget_type=\"button.default\">\n\t\t\t\t<div class=\"elementor-widget-container\">\n\t\t\t\t\t\t\t\t\t<div class=\"elementor-button-wrapper\">\n\t\t\t\t\t<a class=\"elementor-button elementor-button-link elementor-size-sm\" href=\"https:\/\/littlepandas.ch\/fr\/book-now\/\">\n\t\t\t\t\t\t<span class=\"elementor-button-content-wrapper\">\n\t\t\t\t\t\t<span class=\"elementor-button-icon\">\n\t\t\t\t<svg xmlns=\"http:\/\/www.w3.org\/2000\/svg\" xmlns:xlink=\"http:\/\/www.w3.org\/1999\/xlink\" id=\"Layer_1\" x=\"0px\" y=\"0px\" width=\"50px\" height=\"23.917px\" viewBox=\"0 13.167 50 23.917\" xml:space=\"preserve\"><path fill=\"#FFFFFF\" d=\"M38.035,13.988c-0.406-0.008-0.777,0.234-0.941,0.605c-0.16,0.375-0.078,0.809,0.207,1.098L45.277,24H2.023 c-0.359-0.004-0.695,0.184-0.875,0.496c-0.184,0.313-0.184,0.695,0,1.008c0.18,0.313,0.516,0.5,0.875,0.496h43.254l-7.977,8.309 c-0.383,0.398-0.367,1.031,0.031,1.414s1.031,0.371,1.414-0.031L49.012,25L38.746,14.309C38.563,14.109,38.305,13.996,38.035,13.988 z\"><\/path><\/svg>\t\t\t<\/span>\n\t\t\t\t\t\t\t\t\t<span class=\"elementor-button-text\">Renseignez-vous maintenant<\/span>\n\t\t\t\t\t<\/span>\n\t\t\t\t\t<\/a>\n\t\t\t\t<\/div>\n\t\t\t\t\t\t\t\t<\/div>\n\t\t\t\t<\/div>\n\t\t\t\t\t<\/div>\n\t\t\t\t<\/div>\n\t\t\t\t\t<\/div>\n\t\t\t\t<\/div>\n\t\t<div class=\"elementor-element elementor-element-0f2bfde e-flex e-con-boxed e-con e-parent\" data-id=\"0f2bfde\" data-element_type=\"container\" data-e-type=\"container\">\n\t\t\t\t\t<div class=\"e-con-inner\">\n\t\t\t\t<div class=\"elementor-element elementor-element-9b13a1d elementor-widget elementor-widget-gallery\" data-id=\"9b13a1d\" data-element_type=\"widget\" data-e-type=\"widget\" data-settings=\"{&quot;gallery_layout&quot;:&quot;justified&quot;,&quot;lazyload&quot;:&quot;yes&quot;,&quot;ideal_row_height&quot;:{&quot;unit&quot;:&quot;px&quot;,&quot;size&quot;:200,&quot;sizes&quot;:[]},&quot;ideal_row_height_tablet&quot;:{&quot;unit&quot;:&quot;px&quot;,&quot;size&quot;:150,&quot;sizes&quot;:[]},&quot;ideal_row_height_mobile&quot;:{&quot;unit&quot;:&quot;px&quot;,&quot;size&quot;:150,&quot;sizes&quot;:[]},&quot;gap&quot;:{&quot;unit&quot;:&quot;px&quot;,&quot;size&quot;:10,&quot;sizes&quot;:[]},&quot;gap_tablet&quot;:{&quot;unit&quot;:&quot;px&quot;,&quot;size&quot;:10,&quot;sizes&quot;:[]},&quot;gap_mobile&quot;:{&quot;unit&quot;:&quot;px&quot;,&quot;size&quot;:10,&quot;sizes&quot;:[]},&quot;link_to&quot;:&quot;file&quot;,&quot;overlay_background&quot;:&quot;yes&quot;,&quot;content_hover_animation&quot;:&quot;fade-in&quot;}\" data-widget_type=\"gallery.default\">\n\t\t\t\t<div class=\"elementor-widget-container\">\n\t\t\t\t\t\t\t<div class=\"elementor-gallery__container\">\n\t\t\t\t\t\t\t<a class=\"e-gallery-item elementor-gallery-item elementor-animated-content\" href=\"https:\/\/littlepandas.ch\/wp-content\/uploads\/2023\/06\/video.jpg\" data-elementor-open-lightbox=\"yes\" data-elementor-lightbox-slideshow=\"9b13a1d\" data-elementor-lightbox-title=\"video\" data-e-action-hash=\"#elementor-action%3Aaction%3Dlightbox%26settings%3DeyJpZCI6ODI1LCJ1cmwiOiJodHRwczpcL1wvbGl0dGxlcGFuZGFzLmNoXC93cC1jb250ZW50XC91cGxvYWRzXC8yMDIzXC8wNlwvdmlkZW8uanBnIiwic2xpZGVzaG93IjoiOWIxM2ExZCJ9\">\n\t\t\t\t\t<div class=\"e-gallery-image elementor-gallery-item__image\" data-thumbnail=\"https:\/\/littlepandas.ch\/wp-content\/uploads\/2023\/06\/video-225x300.jpg\" data-width=\"225\" data-height=\"300\" aria-label=\"\" role=\"img\" ><\/div>\n\t\t\t\t\t\t\t\t\t\t\t<div class=\"elementor-gallery-item__overlay\"><\/div>\n\t\t\t\t\t\t\t\t\t\t\t\t\t\t<\/a>\n\t\t\t\t\t\t\t<a class=\"e-gallery-item elementor-gallery-item elementor-animated-content\" href=\"https:\/\/littlepandas.ch\/wp-content\/uploads\/2023\/06\/hands.jpg\" data-elementor-open-lightbox=\"yes\" data-elementor-lightbox-slideshow=\"9b13a1d\" data-elementor-lightbox-title=\"hands\" data-e-action-hash=\"#elementor-action%3Aaction%3Dlightbox%26settings%3DeyJpZCI6Nzk4LCJ1cmwiOiJodHRwczpcL1wvbGl0dGxlcGFuZGFzLmNoXC93cC1jb250ZW50XC91cGxvYWRzXC8yMDIzXC8wNlwvaGFuZHMuanBnIiwic2xpZGVzaG93IjoiOWIxM2ExZCJ9\">\n\t\t\t\t\t<div class=\"e-gallery-image elementor-gallery-item__image\" data-thumbnail=\"https:\/\/littlepandas.ch\/wp-content\/uploads\/2023\/06\/hands-300x200.jpg\" data-width=\"300\" data-height=\"200\" aria-label=\"\" role=\"img\" ><\/div>\n\t\t\t\t\t\t\t\t\t\t\t<div class=\"elementor-gallery-item__overlay\"><\/div>\n\t\t\t\t\t\t\t\t\t\t\t\t\t\t<\/a>\n\t\t\t\t\t\t\t<a class=\"e-gallery-item elementor-gallery-item elementor-animated-content\" href=\"https:\/\/littlepandas.ch\/wp-content\/uploads\/2023\/06\/girl.jpg\" data-elementor-open-lightbox=\"yes\" data-elementor-lightbox-slideshow=\"9b13a1d\" data-elementor-lightbox-title=\"girl\" data-e-action-hash=\"#elementor-action%3Aaction%3Dlightbox%26settings%3DeyJpZCI6NzU1LCJ1cmwiOiJodHRwczpcL1wvbGl0dGxlcGFuZGFzLmNoXC93cC1jb250ZW50XC91cGxvYWRzXC8yMDIzXC8wNlwvZ2lybC5qcGciLCJzbGlkZXNob3ciOiI5YjEzYTFkIn0%3D\">\n\t\t\t\t\t<div class=\"e-gallery-image elementor-gallery-item__image\" data-thumbnail=\"https:\/\/littlepandas.ch\/wp-content\/uploads\/2023\/06\/girl-300x200.jpg\" data-width=\"300\" data-height=\"200\" aria-label=\"\" role=\"img\" ><\/div>\n\t\t\t\t\t\t\t\t\t\t\t<div class=\"elementor-gallery-item__overlay\"><\/div>\n\t\t\t\t\t\t\t\t\t\t\t\t\t\t<\/a>\n\t\t\t\t\t\t\t<a class=\"e-gallery-item elementor-gallery-item elementor-animated-content\" href=\"https:\/\/littlepandas.ch\/wp-content\/uploads\/2023\/06\/ramin-talebi-u_b0jWnkgM0-unsplash_1920x1280.jpg\" data-elementor-open-lightbox=\"yes\" data-elementor-lightbox-slideshow=\"9b13a1d\" data-elementor-lightbox-title=\"ramin-talebi-u_b0jWnkgM0-unsplash_1920x1280\" data-e-action-hash=\"#elementor-action%3Aaction%3Dlightbox%26settings%3DeyJpZCI6MzQ1LCJ1cmwiOiJodHRwczpcL1wvbGl0dGxlcGFuZGFzLmNoXC93cC1jb250ZW50XC91cGxvYWRzXC8yMDIzXC8wNlwvcmFtaW4tdGFsZWJpLXVfYjBqV25rZ00wLXVuc3BsYXNoXzE5MjB4MTI4MC5qcGciLCJzbGlkZXNob3ciOiI5YjEzYTFkIn0%3D\">\n\t\t\t\t\t<div class=\"e-gallery-image elementor-gallery-item__image\" data-thumbnail=\"https:\/\/littlepandas.ch\/wp-content\/uploads\/2023\/06\/ramin-talebi-u_b0jWnkgM0-unsplash_1920x1280-300x200.jpg\" data-width=\"300\" data-height=\"200\" aria-label=\"\" role=\"img\" ><\/div>\n\t\t\t\t\t\t\t\t\t\t\t<div class=\"elementor-gallery-item__overlay\"><\/div>\n\t\t\t\t\t\t\t\t\t\t\t\t\t\t<\/a>\n\t\t\t\t\t\t\t<a class=\"e-gallery-item elementor-gallery-item elementor-animated-content\" href=\"https:\/\/littlepandas.ch\/wp-content\/uploads\/2023\/06\/markus-spiske-OO89_95aUC0-unsplash_1280x1920.jpg\" data-elementor-open-lightbox=\"yes\" data-elementor-lightbox-slideshow=\"9b13a1d\" data-elementor-lightbox-title=\"markus-spiske-OO89_95aUC0-unsplash_1280x1920\" data-e-action-hash=\"#elementor-action%3Aaction%3Dlightbox%26settings%3DeyJpZCI6MzIwLCJ1cmwiOiJodHRwczpcL1wvbGl0dGxlcGFuZGFzLmNoXC93cC1jb250ZW50XC91cGxvYWRzXC8yMDIzXC8wNlwvbWFya3VzLXNwaXNrZS1PTzg5Xzk1YVVDMC11bnNwbGFzaF8xMjgweDE5MjAuanBnIiwic2xpZGVzaG93IjoiOWIxM2ExZCJ9\">\n\t\t\t\t\t<div class=\"e-gallery-image elementor-gallery-item__image\" data-thumbnail=\"https:\/\/littlepandas.ch\/wp-content\/uploads\/2023\/06\/markus-spiske-OO89_95aUC0-unsplash_1280x1920-200x300.jpg\" data-width=\"200\" data-height=\"300\" aria-label=\"\" role=\"img\" ><\/div>\n\t\t\t\t\t\t\t\t\t\t\t<div class=\"elementor-gallery-item__overlay\"><\/div>\n\t\t\t\t\t\t\t\t\t\t\t\t\t\t<\/a>\n\t\t\t\t\t\t\t<a class=\"e-gallery-item elementor-gallery-item elementor-animated-content\" href=\"https:\/\/littlepandas.ch\/wp-content\/uploads\/2023\/06\/bernard-hermant-5zu86kyV_UY-unsplash_1920x1280-1.jpg\" data-elementor-open-lightbox=\"yes\" data-elementor-lightbox-slideshow=\"9b13a1d\" data-elementor-lightbox-title=\"bernard-hermant-5zu86kyV_UY-unsplash_1920x1280\" data-e-action-hash=\"#elementor-action%3Aaction%3Dlightbox%26settings%3DeyJpZCI6MTczLCJ1cmwiOiJodHRwczpcL1wvbGl0dGxlcGFuZGFzLmNoXC93cC1jb250ZW50XC91cGxvYWRzXC8yMDIzXC8wNlwvYmVybmFyZC1oZXJtYW50LTV6dTg2a3lWX1VZLXVuc3BsYXNoXzE5MjB4MTI4MC0xLmpwZyIsInNsaWRlc2hvdyI6IjliMTNhMWQifQ%3D%3D\">\n\t\t\t\t\t<div class=\"e-gallery-image elementor-gallery-item__image\" data-thumbnail=\"https:\/\/littlepandas.ch\/wp-content\/uploads\/2023\/06\/bernard-hermant-5zu86kyV_UY-unsplash_1920x1280-1-300x200.jpg\" data-width=\"300\" data-height=\"200\" aria-label=\"\" role=\"img\" ><\/div>\n\t\t\t\t\t\t\t\t\t\t\t<div class=\"elementor-gallery-item__overlay\"><\/div>\n\t\t\t\t\t\t\t\t\t\t\t\t\t\t<\/a>\n\t\t\t\t\t\t\t<a class=\"e-gallery-item elementor-gallery-item elementor-animated-content\" href=\"https:\/\/littlepandas.ch\/wp-content\/uploads\/2023\/06\/gabriel-tovar-CXYs-w8a4vA-unsplash_1920x1280.jpg\" data-elementor-open-lightbox=\"yes\" data-elementor-lightbox-slideshow=\"9b13a1d\" data-elementor-lightbox-title=\"gabriel-tovar-CXYs-w8a4vA-unsplash_1920x1280\" data-e-action-hash=\"#elementor-action%3Aaction%3Dlightbox%26settings%3DeyJpZCI6MzQsInVybCI6Imh0dHBzOlwvXC9saXR0bGVwYW5kYXMuY2hcL3dwLWNvbnRlbnRcL3VwbG9hZHNcLzIwMjNcLzA2XC9nYWJyaWVsLXRvdmFyLUNYWXMtdzhhNHZBLXVuc3BsYXNoXzE5MjB4MTI4MC5qcGciLCJzbGlkZXNob3ciOiI5YjEzYTFkIn0%3D\">\n\t\t\t\t\t<div class=\"e-gallery-image elementor-gallery-item__image\" data-thumbnail=\"https:\/\/littlepandas.ch\/wp-content\/uploads\/2023\/06\/gabriel-tovar-CXYs-w8a4vA-unsplash_1920x1280-300x200.jpg\" data-width=\"300\" data-height=\"200\" aria-label=\"\" role=\"img\" ><\/div>\n\t\t\t\t\t\t\t\t\t\t\t<div class=\"elementor-gallery-item__overlay\"><\/div>\n\t\t\t\t\t\t\t\t\t\t\t\t\t\t<\/a>\n\t\t\t\t\t<\/div>\n\t\t\t\t\t<\/div>\n\t\t\t\t<\/div>\n\t\t\t\t<div class=\"elementor-element elementor-element-973091a elementor-widget elementor-widget-spacer\" data-id=\"973091a\" data-element_type=\"widget\" data-e-type=\"widget\" data-widget_type=\"spacer.default\">\n\t\t\t\t<div class=\"elementor-widget-container\">\n\t\t\t\t\t\t\t<div class=\"elementor-spacer\">\n\t\t\t<div class=\"elementor-spacer-inner\"><\/div>\n\t\t<\/div>\n\t\t\t\t\t\t<\/div>\n\t\t\t\t<\/div>\n\t\t\t\t\t<\/div>\n\t\t\t\t<\/div>\n\t\t\t\t<\/div>\n\t\t","protected":false},"excerpt":{"rendered":"<p>Construire des liens solides gr\u00e2ce aux cours parents b\u00e9b\u00e9s Bienvenue \u00e0 Baby Gym Geneva! Nous sommes tr\u00e8s heureux que vous soyez ici. Notre centre est situ\u00e9 au c\u0153ur de Gen\u00e8ve et nous sommes enti\u00e8rement d\u00e9di\u00e9s \u00e0 favoriser le lien entre les parents et leurs b\u00e9b\u00e9s gr\u00e2ce \u00e0 des activit\u00e9s stimulantes et enrichissantes. \u00c0 LittlePandas Gen\u00e8ve, [&hellip;]<\/p>\n","protected":false},"author":1,"featured_media":3036,"parent":0,"menu_order":0,"comment_status":"closed","ping_status":"closed","template":"","meta":{"_acf_changed":false,"_seopress_robots_primary_cat":"","_seopress_titles_title":"Baby-Gym Gen\u00e8ve | Groupes de jeux et classes","_seopress_titles_desc":"D\u00e9couvrez Baby Gym Gen\u00e8ve pour des cours parents-b\u00e9b\u00e9s stimulant le d\u00e9veloppement et renfor\u00e7ant les liens. Rejoignez-nous pour grandir ensemble!","_seopress_robots_index":"","footnotes":""},"class_list":["post-6761","page","type-page","status-publish","has-post-thumbnail","hentry"],"acf":[],"_links":{"self":[{"href":"https:\/\/littlepandas.ch\/fr\/wp-json\/wp\/v2\/pages\/6761","targetHints":{"allow":["GET"]}}],"collection":[{"href":"https:\/\/littlepandas.ch\/fr\/wp-json\/wp\/v2\/pages"}],"about":[{"href":"https:\/\/littlepandas.ch\/fr\/wp-json\/wp\/v2\/types\/page"}],"author":[{"embeddable":true,"href":"https:\/\/littlepandas.ch\/fr\/wp-json\/wp\/v2\/users\/1"}],"replies":[{"embeddable":true,"href":"https:\/\/littlepandas.ch\/fr\/wp-json\/wp\/v2\/comments?post=6761"}],"version-history":[{"count":0,"href":"https:\/\/littlepandas.ch\/fr\/wp-json\/wp\/v2\/pages\/6761\/revisions"}],"wp:featuredmedia":[{"embeddable":true,"href":"https:\/\/littlepandas.ch\/fr\/wp-json\/wp\/v2\/media\/3036"}],"wp:attachment":[{"href":"https:\/\/littlepandas.ch\/fr\/wp-json\/wp\/v2\/media?parent=6761"}],"curies":[{"name":"wp","href":"https:\/\/api.w.org\/{rel}","templated":true}]}}