{"id":6668,"date":"2024-05-02T19:50:36","date_gmt":"2024-05-02T19:50:36","guid":{"rendered":"https:\/\/littlepandas.ch\/?page_id=6668"},"modified":"2024-05-16T10:06:06","modified_gmt":"2024-05-16T10:06:06","slug":"garderie-geneva","status":"publish","type":"page","link":"https:\/\/littlepandas.ch\/fr\/garderie-geneva\/","title":{"rendered":"Garderie enfant Gen\u00e8ve"},"content":{"rendered":"\t\t<div data-elementor-type=\"wp-post\" data-elementor-id=\"6668\" class=\"elementor elementor-6668 elementor-6666\" data-elementor-post-type=\"page\">\n\t\t\t\t<div class=\"elementor-element elementor-element-aac09d1 e-flex e-con-boxed e-con e-parent\" data-id=\"aac09d1\" data-element_type=\"container\" data-e-type=\"container\">\n\t\t\t\t\t<div class=\"e-con-inner\">\n\t\t\t\t<div class=\"elementor-element elementor-element-292ebdb elementor-widget elementor-widget-heading\" data-id=\"292ebdb\" data-element_type=\"widget\" data-e-type=\"widget\" data-widget_type=\"heading.default\">\n\t\t\t\t<div class=\"elementor-widget-container\">\n\t\t\t\t\t<h2 class=\"elementor-heading-title elementor-size-default\">D\u00e8s le mois de septembre 2024, nous proposons une garderie pour enfant tous les mercredis!<\/h2>\t\t\t\t<\/div>\n\t\t\t\t<\/div>\n\t\t\t\t<div class=\"elementor-element elementor-element-423d1f0 elementor-widget elementor-widget-text-editor\" data-id=\"423d1f0\" data-element_type=\"widget\" data-e-type=\"widget\" data-widget_type=\"text-editor.default\">\n\t\t\t\t<div class=\"elementor-widget-container\">\n\t\t\t\t\t\t\t\t\t<p>Votre enfant n&rsquo;a pas \u00e9cole le mercredi? Nous sommes l\u00e0 pour \u00e7a!\u00a0<\/p><p><span style=\"font-weight: 400;\">Notre <strong>Garderie Enfant<\/strong> ouvre ses portes pour accueillir vos enfants d\u00e8s 4 ans dans un environnement s\u00fbr, chaleureux et enrichissant. Nos journ\u00e9es sont remplies d&rsquo;activit\u00e9s ludiques, \u00e9ducatives et cr\u00e9atives, con\u00e7ues pour stimuler l&rsquo;imagination et favoriser le d\u00e9veloppement de chaque enfant.<\/span><\/p><p><span style=\"font-weight: 400;\">Durant nos <strong>Garderie Enfant,<\/strong> nos \u00e9ducateurs qualifi\u00e9s veillent attentivement sur les enfants, en leur offrant un soutien affectif et en encourageant leur curiosit\u00e9 naturelle. Que ce soit \u00e0 travers des jeux, des arts, des activit\u00e9s en plein air ou des moments de d\u00e9tente, nous nous engageons \u00e0 offrir \u00e0 vos enfants une exp\u00e9rience m\u00e9morable et stimulante.<\/span><\/p><p><span style=\"font-weight: 400;\">Rejoignez-nous les mercredis pour des journ\u00e9es compl\u00e8tes ou demi-journ\u00e9es remplies de d\u00e9couvertes et de joie lors de nos <strong>Garderie Enfant <\/strong>chez <strong>Little Pandas Kids Club<\/strong> \u00e0 Gen\u00e8ve. Nous sommes impatients de partager ces moments pr\u00e9cieux avec vos enfants!<\/span><\/p><p><span style=\"font-weight: 400;\">Contactez-nous d\u00e8s aujourd&rsquo;hui pour en savoir plus et r\u00e9server votre place \ud83d\ude42<\/span><\/p>\t\t\t\t\t\t\t\t<\/div>\n\t\t\t\t<\/div>\n\t\t<div class=\"elementor-element elementor-element-3f7024e e-flex e-con-boxed e-con e-child\" data-id=\"3f7024e\" data-element_type=\"container\" data-e-type=\"container\">\n\t\t\t\t\t<div class=\"e-con-inner\">\n\t\t\t\t<div class=\"elementor-element elementor-element-353dea9 elementor-widget elementor-widget-button\" data-id=\"353dea9\" data-element_type=\"widget\" data-e-type=\"widget\" data-widget_type=\"button.default\">\n\t\t\t\t<div class=\"elementor-widget-container\">\n\t\t\t\t\t\t\t\t\t<div class=\"elementor-button-wrapper\">\n\t\t\t\t\t<a class=\"elementor-button elementor-button-link elementor-size-sm\" href=\"https:\/\/littlepandas.ch\/inquiry-kids-camp\/\">\n\t\t\t\t\t\t<span class=\"elementor-button-content-wrapper\">\n\t\t\t\t\t\t<span class=\"elementor-button-icon\">\n\t\t\t\t<svg xmlns=\"http:\/\/www.w3.org\/2000\/svg\" xmlns:xlink=\"http:\/\/www.w3.org\/1999\/xlink\" id=\"Layer_1\" x=\"0px\" y=\"0px\" width=\"50px\" height=\"23.917px\" viewBox=\"0 13.167 50 23.917\" xml:space=\"preserve\"><path fill=\"#FFFFFF\" d=\"M38.035,13.988c-0.406-0.008-0.777,0.234-0.941,0.605c-0.16,0.375-0.078,0.809,0.207,1.098L45.277,24H2.023 c-0.359-0.004-0.695,0.184-0.875,0.496c-0.184,0.313-0.184,0.695,0,1.008c0.18,0.313,0.516,0.5,0.875,0.496h43.254l-7.977,8.309 c-0.383,0.398-0.367,1.031,0.031,1.414s1.031,0.371,1.414-0.031L49.012,25L38.746,14.309C38.563,14.109,38.305,13.996,38.035,13.988 z\"><\/path><\/svg>\t\t\t<\/span>\n\t\t\t\t\t\t\t\t\t<span class=\"elementor-button-text\">renseignez-vous maintenant<\/span>\n\t\t\t\t\t<\/span>\n\t\t\t\t\t<\/a>\n\t\t\t\t<\/div>\n\t\t\t\t\t\t\t\t<\/div>\n\t\t\t\t<\/div>\n\t\t\t\t\t<\/div>\n\t\t\t\t<\/div>\n\t\t\t\t<div class=\"elementor-element elementor-element-a529cbe elementor-widget elementor-widget-spacer\" data-id=\"a529cbe\" data-element_type=\"widget\" data-e-type=\"widget\" data-widget_type=\"spacer.default\">\n\t\t\t\t<div class=\"elementor-widget-container\">\n\t\t\t\t\t\t\t<div class=\"elementor-spacer\">\n\t\t\t<div class=\"elementor-spacer-inner\"><\/div>\n\t\t<\/div>\n\t\t\t\t\t\t<\/div>\n\t\t\t\t<\/div>\n\t\t\t\t\t<\/div>\n\t\t\t\t<\/div>\n\t\t\t\t<\/div>\n\t\t","protected":false},"excerpt":{"rendered":"<p>D\u00e8s le mois de septembre 2024, nous proposons une garderie pour enfant tous les mercredis! Votre enfant n&rsquo;a pas \u00e9cole le mercredi? Nous sommes l\u00e0 pour \u00e7a!\u00a0 Notre Garderie Enfant ouvre ses portes pour accueillir vos enfants d\u00e8s 4 ans dans un environnement s\u00fbr, chaleureux et enrichissant. Nos journ\u00e9es sont remplies d&rsquo;activit\u00e9s ludiques, \u00e9ducatives et [&hellip;]<\/p>\n","protected":false},"author":1,"featured_media":6717,"parent":0,"menu_order":0,"comment_status":"closed","ping_status":"closed","template":"","meta":{"_acf_changed":false,"_seopress_robots_primary_cat":"","_seopress_titles_title":"Garderie enfant Gen\u00e8ve","_seopress_titles_desc":"Notre garderie \u00e0 Gen\u00e8ve accueille les enfants d\u00e8s 4 ans dans un environnement s\u00e9curis\u00e9, chaleureux et enrichissant, favorisant leur d\u00e9veloppement.","_seopress_robots_index":"","footnotes":""},"class_list":["post-6668","page","type-page","status-publish","has-post-thumbnail","hentry"],"acf":[],"_links":{"self":[{"href":"https:\/\/littlepandas.ch\/fr\/wp-json\/wp\/v2\/pages\/6668","targetHints":{"allow":["GET"]}}],"collection":[{"href":"https:\/\/littlepandas.ch\/fr\/wp-json\/wp\/v2\/pages"}],"about":[{"href":"https:\/\/littlepandas.ch\/fr\/wp-json\/wp\/v2\/types\/page"}],"author":[{"embeddable":true,"href":"https:\/\/littlepandas.ch\/fr\/wp-json\/wp\/v2\/users\/1"}],"replies":[{"embeddable":true,"href":"https:\/\/littlepandas.ch\/fr\/wp-json\/wp\/v2\/comments?post=6668"}],"version-history":[{"count":0,"href":"https:\/\/littlepandas.ch\/fr\/wp-json\/wp\/v2\/pages\/6668\/revisions"}],"wp:featuredmedia":[{"embeddable":true,"href":"https:\/\/littlepandas.ch\/fr\/wp-json\/wp\/v2\/media\/6717"}],"wp:attachment":[{"href":"https:\/\/littlepandas.ch\/fr\/wp-json\/wp\/v2\/media?parent=6668"}],"curies":[{"name":"wp","href":"https:\/\/api.w.org\/{rel}","templated":true}]}}