{"id":5382,"date":"2024-01-24T13:57:23","date_gmt":"2024-01-24T13:57:23","guid":{"rendered":"https:\/\/littlepandas.ch\/kids-camp-geneva\/"},"modified":"2026-02-25T14:59:38","modified_gmt":"2026-02-25T14:59:38","slug":"stage-de-vacances-geneve","status":"publish","type":"page","link":"https:\/\/littlepandas.ch\/fr\/stage-de-vacances-geneve\/","title":{"rendered":"Stage de vacances Gen\u00e8ve"},"content":{"rendered":"\t\t<div data-elementor-type=\"wp-post\" data-elementor-id=\"5382\" class=\"elementor elementor-5382 elementor-5278\" data-elementor-post-type=\"page\">\n\t\t\t\t<div class=\"elementor-element elementor-element-aac09d1 e-flex e-con-boxed e-con e-parent\" data-id=\"aac09d1\" data-element_type=\"container\" data-e-type=\"container\">\n\t\t\t\t\t<div class=\"e-con-inner\">\n\t\t\t\t<div class=\"elementor-element elementor-element-292ebdb elementor-widget elementor-widget-heading\" data-id=\"292ebdb\" data-element_type=\"widget\" data-e-type=\"widget\" data-widget_type=\"heading.default\">\n\t\t\t\t<div class=\"elementor-widget-container\">\n\t\t\t\t\t<h2 class=\"elementor-heading-title elementor-size-default\">Pendant les vacances scolaires nous proposons des stages pour vos enfants con\u00e7us pour rendre chaque moment inoubliable!<\/h2>\t\t\t\t<\/div>\n\t\t\t\t<\/div>\n\t\t\t\t<div class=\"elementor-element elementor-element-423d1f0 elementor-widget elementor-widget-text-editor\" data-id=\"423d1f0\" data-element_type=\"widget\" data-e-type=\"widget\" data-widget_type=\"text-editor.default\">\n\t\t\t\t<div class=\"elementor-widget-container\">\n\t\t\t\t\t\t\t\t\t<p>Pendant les vacances scolaires, nous proposons des\u00a0<strong>stage de vacances enfant Gen\u00e8ve<\/strong>\u00a0con\u00e7us pour rendre chaque moment inoubliable!<\/p><p>Chez Little Pandas Kids Club, nous transformons les vacances scolaires en exp\u00e9riences m\u00e9morables d\u2019apprentissage, de rires et d\u2019amiti\u00e9s avec nos stage de vacances enfant Gen\u00e8ve pour les enfants de 4 \u00e0 10 ans.<\/p><p><strong>Pourquoi choisir nos stages?<\/strong><\/p><ul><li style=\"font-weight: 400;\" aria-level=\"1\"><p><strong>Activit\u00e9s Captivantes<\/strong>: Des aventures en plein air, des ateliers captivants en int\u00e9rieur, nos stages offrent une gamme diversifi\u00e9e d&rsquo;activit\u00e9s adapt\u00e9es \u00e0 tous les centres d&rsquo;int\u00e9r\u00eat des enfants. Que ce soit des ateliers cr\u00e9atifs, de la gym, des cours de cuisine ou des jeux de construction d&rsquo;\u00e9quipe, nous avons tout pr\u00e9vu!<\/p><\/li><li style=\"font-weight: 400;\" aria-level=\"1\"><p><strong>Environnement S\u00fbr et Supervis\u00e9:<\/strong> Nos stages accordent la priorit\u00e9 \u00e0 la s\u00e9curit\u00e9 et au bien-\u00eatre de chaque enfant. Notre personnel exp\u00e9riment\u00e9 et attentionn\u00e9 assure un environnement s\u00e9curis\u00e9, favorisant un sentiment d&rsquo;ind\u00e9pendance et de responsabilit\u00e9.<\/p><\/li><li style=\"font-weight: 400;\" aria-level=\"1\"><p><strong>Apprentissage par le Plaisir<\/strong>: Nous croyons fermement au pouvoir de l&rsquo;apprentissage par le jeu. Nos stages int\u00e8grent des \u00e9l\u00e9ments \u00e9ducatifs dans chaque activit\u00e9, offrant un \u00e9quilibre parfait entre plaisir et acquisition de connaissances.<\/p><\/li><li style=\"font-weight: 400;\" aria-level=\"1\"><p><strong>Croissance Sociale:<\/strong> Les stages sont d&rsquo;excellentes occasions pour les enfants de se faire de nouveaux amis, de d\u00e9velopper des comp\u00e9tences en travail d&rsquo;\u00e9quipe et de renforcer leur confiance sociale. Notre environnement favorable encourage des interactions positives.<\/p><\/li><li style=\"font-weight: 400;\" aria-level=\"1\"><p><strong>Options Flexibles:<\/strong> Choisissez parmi une vari\u00e9t\u00e9 de th\u00e8mes de stage et de dur\u00e9es qui conviennent aux int\u00e9r\u00eats de votre enfant et \u00e0 votre emploi du temps. Que ce soit une demi-journ\u00e9e, une journ\u00e9e compl\u00e8te ou une aventure d&rsquo;une semaine, nos options sont flexibles pour r\u00e9pondre \u00e0 vos besoins.<\/p><p>Offrez \u00e0 votre enfant un cadeau de vacances scolaires extraordinaire, rempli de rires, d&rsquo;apprentissage et de souvenirs inoubliables.<\/p><p>Les places sont limit\u00e9es, alors assurez-vous d&rsquo;inscrire votre enfant \u00e0 notre prochain stage chez Little Pandas Kids Club Geneva rapidement.<\/p><\/li><\/ul><p><strong>\u00c0 partir de 2023, les d\u00e9penses li\u00e9es aux camps de vacances des enfants \u00e2g\u00e9s jusqu&rsquo;\u00e0 14 ans pourront \u00eatre d\u00e9duites des imp\u00f4ts. Les frais de garde seront admissibles jusqu&rsquo;\u00e0 concurrence de 250 CHF par semaine. <\/strong><\/p>\t\t\t\t\t\t\t\t<\/div>\n\t\t\t\t<\/div>\n\t\t<div class=\"elementor-element elementor-element-3f7024e e-flex e-con-boxed e-con e-child\" data-id=\"3f7024e\" data-element_type=\"container\" data-e-type=\"container\">\n\t\t\t\t\t<div class=\"e-con-inner\">\n\t\t\t\t<div class=\"elementor-element elementor-element-353dea9 elementor-widget elementor-widget-button\" data-id=\"353dea9\" data-element_type=\"widget\" data-e-type=\"widget\" data-widget_type=\"button.default\">\n\t\t\t\t<div class=\"elementor-widget-container\">\n\t\t\t\t\t\t\t\t\t<div class=\"elementor-button-wrapper\">\n\t\t\t\t\t<a class=\"elementor-button elementor-button-link elementor-size-sm\" href=\"https:\/\/littlepandas.ch\/fr\/inquiry-kids-camp\/\">\n\t\t\t\t\t\t<span class=\"elementor-button-content-wrapper\">\n\t\t\t\t\t\t<span class=\"elementor-button-icon\">\n\t\t\t\t<svg xmlns=\"http:\/\/www.w3.org\/2000\/svg\" xmlns:xlink=\"http:\/\/www.w3.org\/1999\/xlink\" id=\"Layer_1\" x=\"0px\" y=\"0px\" width=\"50px\" height=\"23.917px\" viewBox=\"0 13.167 50 23.917\" xml:space=\"preserve\"><path fill=\"#FFFFFF\" d=\"M38.035,13.988c-0.406-0.008-0.777,0.234-0.941,0.605c-0.16,0.375-0.078,0.809,0.207,1.098L45.277,24H2.023 c-0.359-0.004-0.695,0.184-0.875,0.496c-0.184,0.313-0.184,0.695,0,1.008c0.18,0.313,0.516,0.5,0.875,0.496h43.254l-7.977,8.309 c-0.383,0.398-0.367,1.031,0.031,1.414s1.031,0.371,1.414-0.031L49.012,25L38.746,14.309C38.563,14.109,38.305,13.996,38.035,13.988 z\"><\/path><\/svg>\t\t\t<\/span>\n\t\t\t\t\t\t\t\t\t<span class=\"elementor-button-text\">Renseignez-vous maintenant<\/span>\n\t\t\t\t\t<\/span>\n\t\t\t\t\t<\/a>\n\t\t\t\t<\/div>\n\t\t\t\t\t\t\t\t<\/div>\n\t\t\t\t<\/div>\n\t\t\t\t\t<\/div>\n\t\t\t\t<\/div>\n\t\t\t\t<div class=\"elementor-element elementor-element-f477cdf gallery-spacing-custom elementor-widget elementor-widget-image-gallery\" data-id=\"f477cdf\" data-element_type=\"widget\" data-e-type=\"widget\" data-widget_type=\"image-gallery.default\">\n\t\t\t\t<div class=\"elementor-widget-container\">\n\t\t\t\t\t\t\t<div class=\"elementor-image-gallery\">\n\t\t\t<div id='gallery-1' class='gallery galleryid-5382 gallery-columns-4 gallery-size-full'><figure class='gallery-item'>\n\t\t\t<div class='gallery-icon portrait'>\n\t\t\t\t<a data-elementor-open-lightbox=\"yes\" data-elementor-lightbox-slideshow=\"f477cdf\" data-elementor-lightbox-title=\"Little Pandas Camps\" data-e-action-hash=\"#elementor-action%3Aaction%3Dlightbox%26settings%3DeyJpZCI6ODA1NywidXJsIjoiaHR0cHM6XC9cL2xpdHRsZXBhbmRhcy5jaFwvd3AtY29udGVudFwvdXBsb2Fkc1wvMjAyNlwvMDJcL0xpdHRsZS1QYW5kYXMtQ2FtcHMtMS5qcGciLCJzbGlkZXNob3ciOiJmNDc3Y2RmIn0%3D\" href='https:\/\/littlepandas.ch\/wp-content\/uploads\/2026\/02\/Little-Pandas-Camps-1.jpg'><img fetchpriority=\"high\" decoding=\"async\" width=\"1414\" height=\"2000\" src=\"https:\/\/littlepandas.ch\/wp-content\/uploads\/2026\/02\/Little-Pandas-Camps-1.jpg\" class=\"attachment-full size-full\" alt=\"\" \/><\/a>\n\t\t\t<\/div><\/figure><figure class='gallery-item'>\n\t\t\t<div class='gallery-icon landscape'>\n\t\t\t\t<a data-elementor-open-lightbox=\"yes\" data-elementor-lightbox-slideshow=\"f477cdf\" data-elementor-lightbox-title=\"Planning Avril 2026\" data-e-action-hash=\"#elementor-action%3Aaction%3Dlightbox%26settings%3DeyJpZCI6ODA1MiwidXJsIjoiaHR0cHM6XC9cL2xpdHRsZXBhbmRhcy5jaFwvd3AtY29udGVudFwvdXBsb2Fkc1wvMjAyNlwvMDJcL1BsYW5uaW5nLUF2cmlsLTIwMjYucG5nIiwic2xpZGVzaG93IjoiZjQ3N2NkZiJ9\" href='https:\/\/littlepandas.ch\/wp-content\/uploads\/2026\/02\/Planning-Avril-2026.png'><img decoding=\"async\" width=\"2000\" height=\"1414\" src=\"https:\/\/littlepandas.ch\/wp-content\/uploads\/2026\/02\/Planning-Avril-2026.png\" class=\"attachment-full size-full\" alt=\"\" \/><\/a>\n\t\t\t<\/div><\/figure><figure class='gallery-item'>\n\t\t\t<div class='gallery-icon landscape'>\n\t\t\t\t<a data-elementor-open-lightbox=\"yes\" data-elementor-lightbox-slideshow=\"f477cdf\" data-elementor-lightbox-title=\"Planning Avril 2026 (2)\" data-e-action-hash=\"#elementor-action%3Aaction%3Dlightbox%26settings%3DeyJpZCI6ODA1MCwidXJsIjoiaHR0cHM6XC9cL2xpdHRsZXBhbmRhcy5jaFwvd3AtY29udGVudFwvdXBsb2Fkc1wvMjAyNlwvMDJcL1BsYW5uaW5nLUF2cmlsLTIwMjYtMi5wbmciLCJzbGlkZXNob3ciOiJmNDc3Y2RmIn0%3D\" href='https:\/\/littlepandas.ch\/wp-content\/uploads\/2026\/02\/Planning-Avril-2026-2.png'><img decoding=\"async\" width=\"2000\" height=\"1414\" src=\"https:\/\/littlepandas.ch\/wp-content\/uploads\/2026\/02\/Planning-Avril-2026-2.png\" class=\"attachment-full size-full\" alt=\"\" \/><\/a>\n\t\t\t<\/div><\/figure>\n\t\t<\/div>\n\t\t<\/div>\n\t\t\t\t\t\t<\/div>\n\t\t\t\t<\/div>\n\t\t\t\t\t<\/div>\n\t\t\t\t<\/div>\n\t\t\t\t<\/div>\n\t\t","protected":false},"excerpt":{"rendered":"<p>Pendant les vacances scolaires nous proposons des stages pour vos enfants con\u00e7us pour rendre chaque moment inoubliable! Pendant les vacances scolaires, nous proposons des\u00a0stage de vacances enfant Gen\u00e8ve\u00a0con\u00e7us pour rendre chaque moment inoubliable! Chez Little Pandas Kids Club, nous transformons les vacances scolaires en exp\u00e9riences m\u00e9morables d\u2019apprentissage, de rires et d\u2019amiti\u00e9s avec nos stage de [&hellip;]<\/p>\n","protected":false},"author":1,"featured_media":2185,"parent":0,"menu_order":0,"comment_status":"closed","ping_status":"closed","template":"","meta":{"_acf_changed":false,"_seopress_robots_primary_cat":"","_seopress_titles_title":"Stage de vacances Gen\u00e8ve","_seopress_titles_desc":"Notre camp pour enfants \u00e0 Gen\u00e8ve transforme vos vacances scolaires en exp\u00e9riences inoubliables d'apprentissage, de rires et d'amiti\u00e9s.","_seopress_robots_index":"","footnotes":""},"class_list":["post-5382","page","type-page","status-publish","has-post-thumbnail","hentry"],"acf":[],"_links":{"self":[{"href":"https:\/\/littlepandas.ch\/fr\/wp-json\/wp\/v2\/pages\/5382","targetHints":{"allow":["GET"]}}],"collection":[{"href":"https:\/\/littlepandas.ch\/fr\/wp-json\/wp\/v2\/pages"}],"about":[{"href":"https:\/\/littlepandas.ch\/fr\/wp-json\/wp\/v2\/types\/page"}],"author":[{"embeddable":true,"href":"https:\/\/littlepandas.ch\/fr\/wp-json\/wp\/v2\/users\/1"}],"replies":[{"embeddable":true,"href":"https:\/\/littlepandas.ch\/fr\/wp-json\/wp\/v2\/comments?post=5382"}],"version-history":[{"count":3,"href":"https:\/\/littlepandas.ch\/fr\/wp-json\/wp\/v2\/pages\/5382\/revisions"}],"predecessor-version":[{"id":8060,"href":"https:\/\/littlepandas.ch\/fr\/wp-json\/wp\/v2\/pages\/5382\/revisions\/8060"}],"wp:featuredmedia":[{"embeddable":true,"href":"https:\/\/littlepandas.ch\/fr\/wp-json\/wp\/v2\/media\/2185"}],"wp:attachment":[{"href":"https:\/\/littlepandas.ch\/fr\/wp-json\/wp\/v2\/media?parent=5382"}],"curies":[{"name":"wp","href":"https:\/\/api.w.org\/{rel}","templated":true}]}}