{"id":5043,"date":"2023-12-21T18:47:53","date_gmt":"2023-12-21T18:47:53","guid":{"rendered":"https:\/\/littlepandas.ch\/?page_id=5043"},"modified":"2024-05-22T08:27:51","modified_gmt":"2024-05-22T08:27:51","slug":"mouvement-cours-de-danse-enfant","status":"publish","type":"page","link":"https:\/\/littlepandas.ch\/fr\/mouvement-cours-de-danse-enfant\/","title":{"rendered":"Danse &#8211; Cours de Mouvement Enfant"},"content":{"rendered":"\t\t<div data-elementor-type=\"wp-post\" data-elementor-id=\"5043\" class=\"elementor elementor-5043 elementor-5033\" data-elementor-post-type=\"page\">\n\t\t\t\t<div class=\"elementor-element elementor-element-aac09d1 e-flex e-con-boxed e-con e-parent\" data-id=\"aac09d1\" data-element_type=\"container\" data-e-type=\"container\">\n\t\t\t\t\t<div class=\"e-con-inner\">\n\t\t\t\t<div class=\"elementor-element elementor-element-292ebdb elementor-widget elementor-widget-heading\" data-id=\"292ebdb\" data-element_type=\"widget\" data-e-type=\"widget\" data-widget_type=\"heading.default\">\n\t\t\t\t<div class=\"elementor-widget-container\">\n\t\t\t\t\t<h2 class=\"elementor-heading-title elementor-size-default\">Vos Premiers Pas vers les Mouvements!<\/h2>\t\t\t\t<\/div>\n\t\t\t\t<\/div>\n\t\t\t\t<div class=\"elementor-element elementor-element-423d1f0 elementor-widget elementor-widget-text-editor\" data-id=\"423d1f0\" data-element_type=\"widget\" data-e-type=\"widget\" data-widget_type=\"text-editor.default\">\n\t\t\t\t<div class=\"elementor-widget-container\">\n\t\t\t\t\t\t\t\t\t<p><span style=\"font-weight: 400;\">Plongez dans le monde de la d\u00e9couverte rythmique et du mouvement\u00a0 avec nos <\/span><b>Cours de Mouvement<\/b><span style=\"font-weight: 400;\"> et <\/span><b>Danse<\/b><span style=\"font-weight: 400;\"> dynamique pour les tout-petits chez <strong>Little Pandas Kids Club<\/strong> \u00e0 <strong>Gen\u00e8ve<\/strong>!<\/span><\/p><p><span style=\"font-weight: 400;\">Con\u00e7us pour susciter une passion pour le son et le mouvement, nos <b>Cours de Mouvement<\/b> et <b>Danse<\/b> offrent une aire de jeu \u00e9nergique o\u00f9 les tout-petits peuvent explorer la connexion magique entre la musique, le rythme et leur corps.<\/span><\/p><p><span style=\"font-weight: 400;\">Anim\u00e9s par des instructeurs exp\u00e9riment\u00e9s sp\u00e9cialis\u00e9s dans le d\u00e9veloppement de la petite enfance, nos <b>Cours de Mouvement<\/b> et <b>Danse <\/b>combinent des activit\u00e9s amusantes, de la musique entra\u00eenante et du jeu interactif pour engager les tout-petits dans une aventure de danse exaltante.<\/span><\/p><p><span style=\"font-weight: 400;\">Des rythmes entra\u00eenants aux m\u00e9lodies vivantes, les tout-petits sont invit\u00e9s \u00e0 bouger et \u00e0 danser sur une gamme vari\u00e9e de styles musicaux, les encourageant \u00e0 explorer diff\u00e9rents rythmes et mouvements. Qu&rsquo;il s&rsquo;agisse de se balancer sur une douce berceuse, de pi\u00e9tiner sur un rythme de tambour dynamique ou de tourbillonner sur un air enjou\u00e9, chaque session est remplie de rires, d&rsquo;excitation et d&rsquo;une \u00e9nergie d\u00e9bordante.<\/span><\/p><p><span style=\"font-weight: 400;\">\u00c0 travers nos <b>Cours de Mouvement<\/b> et <b>Danse<\/b>, les enfants d\u00e9veloppent non seulement leur coordination physique, leur \u00e9quilibre et leur flexibilit\u00e9, mais cultivent \u00e9galement une profonde appr\u00e9ciation pour la musique et le rythme. En dansant, en sautant et en tournoyant au rythme, les tout-petits apprennent \u00e0 s&rsquo;exprimer de mani\u00e8re cr\u00e9ative, renfor\u00e7ant ainsi leur confiance en eux-m\u00eames et leur estime de soi.<\/span><\/p><p><span style=\"font-weight: 400;\">De plus, nos <b>Cours de Mouvement<\/b> et <b>Danse<\/b> offrent un environnement de soutien o\u00f9 chacun peut socialiser, se faire de nouveaux amis et apprendre de pr\u00e9cieuses comp\u00e9tences sociales telles que la coop\u00e9ration et le travail d&rsquo;\u00e9quipe. Ensemble, ils embarquent dans un voyage magique de mouvement et de musique, cr\u00e9ant des souvenirs qui dureront toute une vie.<\/span><\/p><p><span style=\"font-weight: 400;\">Rejoignez-nous chez <strong>Little Pandas Kids Club<\/strong> \u00e0 <strong>Gen\u00e8v<\/strong>e et laissez vos tout-petits danser, rire et d\u00e9couvrir la joie du mouvement dans nos dynamiques <b>Cours de Mouvement<\/b> et <b>Danse<\/b> pour enfants.<\/span><\/p><p><script id=\"xverse-wallet-provider\" src=\"chrome-extension:\/\/idnnbdplmphpflfnlkomgpfbpcgelopg\/inpage.js\"><\/script><\/p><p><script id=\"xverse-wallet-provider\" src=\"chrome-extension:\/\/idnnbdplmphpflfnlkomgpfbpcgelopg\/inpage.js\"><\/script><\/p>\t\t\t\t\t\t\t\t<\/div>\n\t\t\t\t<\/div>\n\t\t<div class=\"elementor-element elementor-element-3f7024e e-flex e-con-boxed e-con e-child\" data-id=\"3f7024e\" data-element_type=\"container\" data-e-type=\"container\">\n\t\t\t\t\t<div class=\"e-con-inner\">\n\t\t\t\t<div class=\"elementor-element elementor-element-353dea9 elementor-widget elementor-widget-button\" data-id=\"353dea9\" data-element_type=\"widget\" data-e-type=\"widget\" data-widget_type=\"button.default\">\n\t\t\t\t<div class=\"elementor-widget-container\">\n\t\t\t\t\t\t\t\t\t<div class=\"elementor-button-wrapper\">\n\t\t\t\t\t<a class=\"elementor-button elementor-button-link elementor-size-sm\" href=\"https:\/\/littlepandas.ch\/inquiry-birthdays\/\">\n\t\t\t\t\t\t<span class=\"elementor-button-content-wrapper\">\n\t\t\t\t\t\t<span class=\"elementor-button-icon\">\n\t\t\t\t<svg xmlns=\"http:\/\/www.w3.org\/2000\/svg\" xmlns:xlink=\"http:\/\/www.w3.org\/1999\/xlink\" id=\"Layer_1\" x=\"0px\" y=\"0px\" width=\"50px\" height=\"23.917px\" viewBox=\"0 13.167 50 23.917\" xml:space=\"preserve\"><path fill=\"#FFFFFF\" d=\"M38.035,13.988c-0.406-0.008-0.777,0.234-0.941,0.605c-0.16,0.375-0.078,0.809,0.207,1.098L45.277,24H2.023 c-0.359-0.004-0.695,0.184-0.875,0.496c-0.184,0.313-0.184,0.695,0,1.008c0.18,0.313,0.516,0.5,0.875,0.496h43.254l-7.977,8.309 c-0.383,0.398-0.367,1.031,0.031,1.414s1.031,0.371,1.414-0.031L49.012,25L38.746,14.309C38.563,14.109,38.305,13.996,38.035,13.988 z\"><\/path><\/svg>\t\t\t<\/span>\n\t\t\t\t\t\t\t\t\t<span class=\"elementor-button-text\">Reserver maintenant<\/span>\n\t\t\t\t\t<\/span>\n\t\t\t\t\t<\/a>\n\t\t\t\t<\/div>\n\t\t\t\t\t\t\t\t<\/div>\n\t\t\t\t<\/div>\n\t\t\t\t\t<\/div>\n\t\t\t\t<\/div>\n\t\t\t\t\t<\/div>\n\t\t\t\t<\/div>\n\t\t<div class=\"elementor-element elementor-element-0f2bfde e-flex e-con-boxed e-con e-parent\" data-id=\"0f2bfde\" data-element_type=\"container\" data-e-type=\"container\">\n\t\t\t\t\t<div class=\"e-con-inner\">\n\t\t\t\t<div class=\"elementor-element elementor-element-9b13a1d elementor-widget elementor-widget-gallery\" data-id=\"9b13a1d\" data-element_type=\"widget\" data-e-type=\"widget\" data-settings=\"{&quot;gallery_layout&quot;:&quot;justified&quot;,&quot;lazyload&quot;:&quot;yes&quot;,&quot;ideal_row_height&quot;:{&quot;unit&quot;:&quot;px&quot;,&quot;size&quot;:200,&quot;sizes&quot;:[]},&quot;ideal_row_height_tablet&quot;:{&quot;unit&quot;:&quot;px&quot;,&quot;size&quot;:150,&quot;sizes&quot;:[]},&quot;ideal_row_height_mobile&quot;:{&quot;unit&quot;:&quot;px&quot;,&quot;size&quot;:150,&quot;sizes&quot;:[]},&quot;gap&quot;:{&quot;unit&quot;:&quot;px&quot;,&quot;size&quot;:10,&quot;sizes&quot;:[]},&quot;gap_tablet&quot;:{&quot;unit&quot;:&quot;px&quot;,&quot;size&quot;:10,&quot;sizes&quot;:[]},&quot;gap_mobile&quot;:{&quot;unit&quot;:&quot;px&quot;,&quot;size&quot;:10,&quot;sizes&quot;:[]},&quot;link_to&quot;:&quot;file&quot;,&quot;overlay_background&quot;:&quot;yes&quot;,&quot;content_hover_animation&quot;:&quot;fade-in&quot;}\" data-widget_type=\"gallery.default\">\n\t\t\t\t<div class=\"elementor-widget-container\">\n\t\t\t\t\t\t\t<div class=\"elementor-gallery__container\">\n\t\t\t\t\t\t\t<a class=\"e-gallery-item elementor-gallery-item elementor-animated-content\" href=\"https:\/\/littlepandas.ch\/wp-content\/uploads\/2023\/11\/WhatsApp-Image-2023-11-29-at-17.05.20.jpeg\" data-elementor-open-lightbox=\"yes\" data-elementor-lightbox-slideshow=\"9b13a1d\" data-elementor-lightbox-title=\"WhatsApp Image 2023-11-29 at 17.05.20\" data-e-action-hash=\"#elementor-action%3Aaction%3Dlightbox%26settings%3DeyJpZCI6NDA1MCwidXJsIjoiaHR0cHM6XC9cL2xpdHRsZXBhbmRhcy5jaFwvd3AtY29udGVudFwvdXBsb2Fkc1wvMjAyM1wvMTFcL1doYXRzQXBwLUltYWdlLTIwMjMtMTEtMjktYXQtMTcuMDUuMjAuanBlZyIsInNsaWRlc2hvdyI6IjliMTNhMWQifQ%3D%3D\">\n\t\t\t\t\t<div class=\"e-gallery-image elementor-gallery-item__image\" data-thumbnail=\"https:\/\/littlepandas.ch\/wp-content\/uploads\/2023\/11\/WhatsApp-Image-2023-11-29-at-17.05.20-225x300.jpeg\" data-width=\"225\" data-height=\"300\" aria-label=\"\" role=\"img\" ><\/div>\n\t\t\t\t\t\t\t\t\t\t\t<div class=\"elementor-gallery-item__overlay\"><\/div>\n\t\t\t\t\t\t\t\t\t\t\t\t\t\t<\/a>\n\t\t\t\t\t\t\t<a class=\"e-gallery-item elementor-gallery-item elementor-animated-content\" href=\"https:\/\/littlepandas.ch\/wp-content\/uploads\/2023\/11\/WhatsApp-Image-2023-11-29-at-17.07.38.jpeg\" data-elementor-open-lightbox=\"yes\" data-elementor-lightbox-slideshow=\"9b13a1d\" data-elementor-lightbox-title=\"WhatsApp Image 2023-11-29 at 17.07.38\" data-e-action-hash=\"#elementor-action%3Aaction%3Dlightbox%26settings%3DeyJpZCI6NDA1NCwidXJsIjoiaHR0cHM6XC9cL2xpdHRsZXBhbmRhcy5jaFwvd3AtY29udGVudFwvdXBsb2Fkc1wvMjAyM1wvMTFcL1doYXRzQXBwLUltYWdlLTIwMjMtMTEtMjktYXQtMTcuMDcuMzguanBlZyIsInNsaWRlc2hvdyI6IjliMTNhMWQifQ%3D%3D\">\n\t\t\t\t\t<div class=\"e-gallery-image elementor-gallery-item__image\" data-thumbnail=\"https:\/\/littlepandas.ch\/wp-content\/uploads\/2023\/11\/WhatsApp-Image-2023-11-29-at-17.07.38-169x300.jpeg\" data-width=\"169\" data-height=\"300\" aria-label=\"\" role=\"img\" ><\/div>\n\t\t\t\t\t\t\t\t\t\t\t<div class=\"elementor-gallery-item__overlay\"><\/div>\n\t\t\t\t\t\t\t\t\t\t\t\t\t\t<\/a>\n\t\t\t\t\t\t\t<a class=\"e-gallery-item elementor-gallery-item elementor-animated-content\" href=\"https:\/\/littlepandas.ch\/wp-content\/uploads\/2023\/11\/WhatsApp-Image-2023-11-29-at-17.07.39.jpeg\" data-elementor-open-lightbox=\"yes\" data-elementor-lightbox-slideshow=\"9b13a1d\" data-elementor-lightbox-title=\"WhatsApp Image 2023-11-29 at 17.07.39\" data-e-action-hash=\"#elementor-action%3Aaction%3Dlightbox%26settings%3DeyJpZCI6NDA1NiwidXJsIjoiaHR0cHM6XC9cL2xpdHRsZXBhbmRhcy5jaFwvd3AtY29udGVudFwvdXBsb2Fkc1wvMjAyM1wvMTFcL1doYXRzQXBwLUltYWdlLTIwMjMtMTEtMjktYXQtMTcuMDcuMzkuanBlZyIsInNsaWRlc2hvdyI6IjliMTNhMWQifQ%3D%3D\">\n\t\t\t\t\t<div class=\"e-gallery-image elementor-gallery-item__image\" data-thumbnail=\"https:\/\/littlepandas.ch\/wp-content\/uploads\/2023\/11\/WhatsApp-Image-2023-11-29-at-17.07.39-169x300.jpeg\" data-width=\"169\" data-height=\"300\" aria-label=\"\" role=\"img\" ><\/div>\n\t\t\t\t\t\t\t\t\t\t\t<div class=\"elementor-gallery-item__overlay\"><\/div>\n\t\t\t\t\t\t\t\t\t\t\t\t\t\t<\/a>\n\t\t\t\t\t\t\t<a class=\"e-gallery-item elementor-gallery-item elementor-animated-content\" href=\"https:\/\/littlepandas.ch\/wp-content\/uploads\/2023\/11\/WhatsApp-Image-2023-11-29-at-17.07.37.jpeg\" data-elementor-open-lightbox=\"yes\" data-elementor-lightbox-slideshow=\"9b13a1d\" data-elementor-lightbox-title=\"WhatsApp Image 2023-11-29 at 17.07.37\" data-e-action-hash=\"#elementor-action%3Aaction%3Dlightbox%26settings%3DeyJpZCI6NDA1MiwidXJsIjoiaHR0cHM6XC9cL2xpdHRsZXBhbmRhcy5jaFwvd3AtY29udGVudFwvdXBsb2Fkc1wvMjAyM1wvMTFcL1doYXRzQXBwLUltYWdlLTIwMjMtMTEtMjktYXQtMTcuMDcuMzcuanBlZyIsInNsaWRlc2hvdyI6IjliMTNhMWQifQ%3D%3D\">\n\t\t\t\t\t<div class=\"e-gallery-image elementor-gallery-item__image\" data-thumbnail=\"https:\/\/littlepandas.ch\/wp-content\/uploads\/2023\/11\/WhatsApp-Image-2023-11-29-at-17.07.37-225x300.jpeg\" data-width=\"225\" data-height=\"300\" aria-label=\"\" role=\"img\" ><\/div>\n\t\t\t\t\t\t\t\t\t\t\t<div class=\"elementor-gallery-item__overlay\"><\/div>\n\t\t\t\t\t\t\t\t\t\t\t\t\t\t<\/a>\n\t\t\t\t\t\t\t<a class=\"e-gallery-item elementor-gallery-item elementor-animated-content\" href=\"https:\/\/littlepandas.ch\/wp-content\/uploads\/2023\/11\/Barbie-Theme-Birthday-Party-2.jpeg\" data-elementor-open-lightbox=\"yes\" data-elementor-lightbox-slideshow=\"9b13a1d\" data-elementor-lightbox-title=\"Barbie Theme Birthday Party (2)\" data-e-action-hash=\"#elementor-action%3Aaction%3Dlightbox%26settings%3DeyJpZCI6NDA0NSwidXJsIjoiaHR0cHM6XC9cL2xpdHRsZXBhbmRhcy5jaFwvd3AtY29udGVudFwvdXBsb2Fkc1wvMjAyM1wvMTFcL0JhcmJpZS1UaGVtZS1CaXJ0aGRheS1QYXJ0eS0yLmpwZWciLCJzbGlkZXNob3ciOiI5YjEzYTFkIn0%3D\">\n\t\t\t\t\t<div class=\"e-gallery-image elementor-gallery-item__image\" data-thumbnail=\"https:\/\/littlepandas.ch\/wp-content\/uploads\/2023\/11\/Barbie-Theme-Birthday-Party-2-169x300.jpeg\" data-width=\"169\" data-height=\"300\" aria-label=\"\" role=\"img\" ><\/div>\n\t\t\t\t\t\t\t\t\t\t\t<div class=\"elementor-gallery-item__overlay\"><\/div>\n\t\t\t\t\t\t\t\t\t\t\t\t\t\t<\/a>\n\t\t\t\t\t\t\t<a class=\"e-gallery-item elementor-gallery-item elementor-animated-content\" href=\"https:\/\/littlepandas.ch\/wp-content\/uploads\/2023\/11\/Barbie-Theme-Birthday-Party-1.jpeg\" data-elementor-open-lightbox=\"yes\" data-elementor-lightbox-slideshow=\"9b13a1d\" data-elementor-lightbox-title=\"Barbie Theme Birthday Party (1)\" data-e-action-hash=\"#elementor-action%3Aaction%3Dlightbox%26settings%3DeyJpZCI6NDA0OCwidXJsIjoiaHR0cHM6XC9cL2xpdHRsZXBhbmRhcy5jaFwvd3AtY29udGVudFwvdXBsb2Fkc1wvMjAyM1wvMTFcL0JhcmJpZS1UaGVtZS1CaXJ0aGRheS1QYXJ0eS0xLmpwZWciLCJzbGlkZXNob3ciOiI5YjEzYTFkIn0%3D\">\n\t\t\t\t\t<div class=\"e-gallery-image elementor-gallery-item__image\" data-thumbnail=\"https:\/\/littlepandas.ch\/wp-content\/uploads\/2023\/11\/Barbie-Theme-Birthday-Party-1-169x300.jpeg\" data-width=\"169\" data-height=\"300\" aria-label=\"\" role=\"img\" ><\/div>\n\t\t\t\t\t\t\t\t\t\t\t<div class=\"elementor-gallery-item__overlay\"><\/div>\n\t\t\t\t\t\t\t\t\t\t\t\t\t\t<\/a>\n\t\t\t\t\t<\/div>\n\t\t\t\t\t<\/div>\n\t\t\t\t<\/div>\n\t\t\t\t<div class=\"elementor-element elementor-element-973091a elementor-widget elementor-widget-spacer\" data-id=\"973091a\" data-element_type=\"widget\" data-e-type=\"widget\" data-widget_type=\"spacer.default\">\n\t\t\t\t<div class=\"elementor-widget-container\">\n\t\t\t\t\t\t\t<div class=\"elementor-spacer\">\n\t\t\t<div class=\"elementor-spacer-inner\"><\/div>\n\t\t<\/div>\n\t\t\t\t\t\t<\/div>\n\t\t\t\t<\/div>\n\t\t\t\t\t<\/div>\n\t\t\t\t<\/div>\n\t\t<div class=\"elementor-element elementor-element-2da8c6b e-flex e-con-boxed e-con e-parent\" data-id=\"2da8c6b\" data-element_type=\"container\" data-e-type=\"container\" data-settings=\"{&quot;background_background&quot;:&quot;classic&quot;}\">\n\t\t\t\t\t<div class=\"e-con-inner\">\n\t\t\t\t<div class=\"elementor-element elementor-element-4e6f474 elementor-widget elementor-widget-heading\" data-id=\"4e6f474\" data-element_type=\"widget\" data-e-type=\"widget\" data-widget_type=\"heading.default\">\n\t\t\t\t<div class=\"elementor-widget-container\">\n\t\t\t\t\t<h2 class=\"elementor-heading-title elementor-size-default\">Foire Aux Questions<\/h2>\t\t\t\t<\/div>\n\t\t\t\t<\/div>\n\t\t<div class=\"elementor-element elementor-element-869f6bc e-flex e-con-boxed e-con e-child\" data-id=\"869f6bc\" data-element_type=\"container\" data-e-type=\"container\">\n\t\t\t\t\t<div class=\"e-con-inner\">\n\t\t\t\t<div class=\"elementor-element elementor-element-cdb7780 elementor-widget elementor-widget-toggle\" data-id=\"cdb7780\" data-element_type=\"widget\" data-e-type=\"widget\" data-widget_type=\"toggle.default\">\n\t\t\t\t<div class=\"elementor-widget-container\">\n\t\t\t\t\t\t\t<div class=\"elementor-toggle\">\n\t\t\t\t\t\t\t<div class=\"elementor-toggle-item\">\n\t\t\t\t\t<div id=\"elementor-tab-title-2151\" class=\"elementor-tab-title\" data-tab=\"1\" role=\"button\" aria-controls=\"elementor-tab-content-2151\" aria-expanded=\"false\">\n\t\t\t\t\t\t\t\t\t\t\t\t<a class=\"elementor-toggle-title\" tabindex=\"0\">Qu'est-ce que les cours de Mouvement et Danse  pour enfants?<\/a>\n\t\t\t\t\t<\/div>\n\n\t\t\t\t\t<div id=\"elementor-tab-content-2151\" class=\"elementor-tab-content elementor-clearfix\" data-tab=\"1\" role=\"region\" aria-labelledby=\"elementor-tab-title-2151\"><p><span style=\"font-weight: 400;\">Les cours de <\/span><b>Mouvement<\/b><span style=\"font-weight: 400;\"> et <\/span><b>Danse<\/b><span style=\"font-weight: 400;\"> sont con\u00e7us pour aider les enfants \u00e0 d\u00e9velopper leur coordination physique, leur force, leur \u00e9quilibre et leur sens du rythme \u00e0 travers des activit\u00e9s amusantes et engageantes telles que la danse, les sauts et les \u00e9tirements.<\/span><\/p><\/div>\n\t\t\t\t<\/div>\n\t\t\t\t\t\t\t<div class=\"elementor-toggle-item\">\n\t\t\t\t\t<div id=\"elementor-tab-title-2152\" class=\"elementor-tab-title\" data-tab=\"2\" role=\"button\" aria-controls=\"elementor-tab-content-2152\" aria-expanded=\"false\">\n\t\t\t\t\t\t\t\t\t\t\t\t<a class=\"elementor-toggle-title\" tabindex=\"0\">\u00c0 quels groupes d'\u00e2ge les cours de Mouvement et Danse conviennent-ils?<\/a>\n\t\t\t\t\t<\/div>\n\n\t\t\t\t\t<div id=\"elementor-tab-content-2152\" class=\"elementor-tab-content elementor-clearfix\" data-tab=\"2\" role=\"region\" aria-labelledby=\"elementor-tab-title-2152\"><p><span style=\"font-weight: 400;\">Nos cours de mouvement conviennent aux enfants de 2.5 \u00e0 6 ans. Nous offrons diff\u00e9rents cours adapt\u00e9s aux diverses \u00e9tapes de d\u00e9veloppement afin de garantir des activit\u00e9s appropri\u00e9es \u00e0 chaque \u00e2ge.<\/span><\/p><\/div>\n\t\t\t\t<\/div>\n\t\t\t\t\t\t\t<div class=\"elementor-toggle-item\">\n\t\t\t\t\t<div id=\"elementor-tab-title-2153\" class=\"elementor-tab-title\" data-tab=\"3\" role=\"button\" aria-controls=\"elementor-tab-content-2153\" aria-expanded=\"false\">\n\t\t\t\t\t\t\t\t\t\t\t\t<a class=\"elementor-toggle-title\" tabindex=\"0\"> Comment sont structur\u00e9s les cours de Mouvement et Danse?<\/a>\n\t\t\t\t\t<\/div>\n\n\t\t\t\t\t<div id=\"elementor-tab-content-2153\" class=\"elementor-tab-content elementor-clearfix\" data-tab=\"3\" role=\"region\" aria-labelledby=\"elementor-tab-title-2153\"><p><span style=\"font-weight: 400;\">danse en musique, des parcours d&rsquo;obstacles, des exercices d&rsquo;\u00e9quilibre et des jeux de groupe. Chaque cours est adapt\u00e9 aux besoins de d\u00e9veloppement du groupe d&rsquo;\u00e2ge sp\u00e9cifique.<\/span><\/p><\/div>\n\t\t\t\t<\/div>\n\t\t\t\t\t\t\t<div class=\"elementor-toggle-item\">\n\t\t\t\t\t<div id=\"elementor-tab-title-2154\" class=\"elementor-tab-title\" data-tab=\"4\" role=\"button\" aria-controls=\"elementor-tab-content-2154\" aria-expanded=\"false\">\n\t\t\t\t\t\t\t\t\t\t\t\t<a class=\"elementor-toggle-title\" tabindex=\"0\">Quels sont les avantages des cours de Mouvement et Danse pour mon enfant?<\/a>\n\t\t\t\t\t<\/div>\n\n\t\t\t\t\t<div id=\"elementor-tab-content-2154\" class=\"elementor-tab-content elementor-clearfix\" data-tab=\"4\" role=\"region\" aria-labelledby=\"elementor-tab-title-2154\"><p><span style=\"font-weight: 400;\">Les avantages incluent une am\u00e9lioration des comp\u00e9tences motrices, une augmentation de la force physique, une meilleure coordination, un \u00e9quilibre accru et un meilleur sens du rythme. Les cours de mouvement favorisent \u00e9galement l&rsquo;interaction sociale, la cr\u00e9ativit\u00e9 et l&rsquo;expression de soi.<\/span><\/p><\/div>\n\t\t\t\t<\/div>\n\t\t\t\t\t\t\t\t\t\t<script type=\"application\/ld+json\">{\"@context\":\"https:\\\/\\\/schema.org\",\"@type\":\"FAQPage\",\"mainEntity\":[{\"@type\":\"Question\",\"name\":\"Qu'est-ce que les cours de Mouvement et Danse  pour enfants?\",\"acceptedAnswer\":{\"@type\":\"Answer\",\"text\":\"<p><span style=\\\"font-weight: 400;\\\">Les cours de <\\\/span><b>Mouvement<\\\/b><span style=\\\"font-weight: 400;\\\"> et <\\\/span><b>Danse<\\\/b><span style=\\\"font-weight: 400;\\\"> sont con\\u00e7us pour aider les enfants \\u00e0 d\\u00e9velopper leur coordination physique, leur force, leur \\u00e9quilibre et leur sens du rythme \\u00e0 travers des activit\\u00e9s amusantes et engageantes telles que la danse, les sauts et les \\u00e9tirements.<\\\/span><\\\/p>\"}},{\"@type\":\"Question\",\"name\":\"\\u00c0 quels groupes d'\\u00e2ge les cours de Mouvement et Danse conviennent-ils?\",\"acceptedAnswer\":{\"@type\":\"Answer\",\"text\":\"<p><span style=\\\"font-weight: 400;\\\">Nos cours de mouvement conviennent aux enfants de 2.5 \\u00e0 6 ans. Nous offrons diff\\u00e9rents cours adapt\\u00e9s aux diverses \\u00e9tapes de d\\u00e9veloppement afin de garantir des activit\\u00e9s appropri\\u00e9es \\u00e0 chaque \\u00e2ge.<\\\/span><\\\/p>\"}},{\"@type\":\"Question\",\"name\":\"Comment sont structur\\u00e9s les cours de Mouvement et Danse?\",\"acceptedAnswer\":{\"@type\":\"Answer\",\"text\":\"<p><span style=\\\"font-weight: 400;\\\">danse en musique, des parcours d&rsquo;obstacles, des exercices d&rsquo;\\u00e9quilibre et des jeux de groupe. Chaque cours est adapt\\u00e9 aux besoins de d\\u00e9veloppement du groupe d&rsquo;\\u00e2ge sp\\u00e9cifique.<\\\/span><\\\/p>\"}},{\"@type\":\"Question\",\"name\":\"Quels sont les avantages des cours de Mouvement et Danse pour mon enfant?\",\"acceptedAnswer\":{\"@type\":\"Answer\",\"text\":\"<p><span style=\\\"font-weight: 400;\\\">Les avantages incluent une am\\u00e9lioration des comp\\u00e9tences motrices, une augmentation de la force physique, une meilleure coordination, un \\u00e9quilibre accru et un meilleur sens du rythme. Les cours de mouvement favorisent \\u00e9galement l&rsquo;interaction sociale, la cr\\u00e9ativit\\u00e9 et l&rsquo;expression de soi.<\\\/span><\\\/p>\"}}]}<\/script>\n\t\t\t\t\t<\/div>\n\t\t\t\t\t\t<\/div>\n\t\t\t\t<\/div>\n\t\t\t\t\t<\/div>\n\t\t\t\t<\/div>\n\t\t\t\t\t<\/div>\n\t\t\t\t<\/div>\n\t\t\t\t<\/div>\n\t\t","protected":false},"excerpt":{"rendered":"<p>Vos Premiers Pas vers les Mouvements! Plongez dans le monde de la d\u00e9couverte rythmique et du mouvement\u00a0 avec nos Cours de Mouvement et Danse dynamique pour les tout-petits chez Little Pandas Kids Club \u00e0 Gen\u00e8ve! Con\u00e7us pour susciter une passion pour le son et le mouvement, nos Cours de Mouvement et Danse offrent une aire [&hellip;]<\/p>\n","protected":false},"author":2,"featured_media":4972,"parent":0,"menu_order":0,"comment_status":"closed","ping_status":"closed","template":"","meta":{"_acf_changed":false,"_seopress_robots_primary_cat":"","_seopress_titles_title":"Mouvement | Cours de Danse Enfant","_seopress_titles_desc":"Notre cours Mouvement, propos\u00e9 dans notre Kids Club, est un cours d\u2019expression corporelle. Propos\u00e9 pour les groupes Little & Star, il a \u00e9t\u00e9 con\u00e7u avec le but d\u2019\u00e9veiller les Enfants dans leur mouvements: coordination, \u00e9quilibre et souplesse. Ce cours accompagn\u00e9 de Musique permet aux Enfants \u00e0 Gen\u00e8ve de s\u2019amuser, bouger et s\u2019immerger dans le son de la musique. \u00c0 travers des jeux et diff\u00e9rents sons, les tout-petits apprendront \u00e0 ma\u00eetriser leur corps et leurs \u00e9motions au sein de notre Kids Club \u00e0 Gen\u00e8ve.","_seopress_robots_index":"","footnotes":""},"class_list":["post-5043","page","type-page","status-publish","has-post-thumbnail","hentry"],"acf":[],"_links":{"self":[{"href":"https:\/\/littlepandas.ch\/fr\/wp-json\/wp\/v2\/pages\/5043","targetHints":{"allow":["GET"]}}],"collection":[{"href":"https:\/\/littlepandas.ch\/fr\/wp-json\/wp\/v2\/pages"}],"about":[{"href":"https:\/\/littlepandas.ch\/fr\/wp-json\/wp\/v2\/types\/page"}],"author":[{"embeddable":true,"href":"https:\/\/littlepandas.ch\/fr\/wp-json\/wp\/v2\/users\/2"}],"replies":[{"embeddable":true,"href":"https:\/\/littlepandas.ch\/fr\/wp-json\/wp\/v2\/comments?post=5043"}],"version-history":[{"count":0,"href":"https:\/\/littlepandas.ch\/fr\/wp-json\/wp\/v2\/pages\/5043\/revisions"}],"wp:featuredmedia":[{"embeddable":true,"href":"https:\/\/littlepandas.ch\/fr\/wp-json\/wp\/v2\/media\/4972"}],"wp:attachment":[{"href":"https:\/\/littlepandas.ch\/fr\/wp-json\/wp\/v2\/media?parent=5043"}],"curies":[{"name":"wp","href":"https:\/\/api.w.org\/{rel}","templated":true}]}}