{"id":5018,"date":"2023-12-21T18:37:25","date_gmt":"2023-12-21T18:37:25","guid":{"rendered":"https:\/\/littlepandas.ch\/?page_id=5018"},"modified":"2024-05-21T08:22:51","modified_gmt":"2024-05-21T08:22:51","slug":"sensory-activite-sensorielle-geneve","status":"publish","type":"page","link":"https:\/\/littlepandas.ch\/fr\/sensory-activite-sensorielle-geneve\/","title":{"rendered":"Sensory &#8211; Activit\u00e9 Sensorielle Gen\u00e8ve"},"content":{"rendered":"\t\t<div data-elementor-type=\"wp-post\" data-elementor-id=\"5018\" class=\"elementor elementor-5018 elementor-5001\" data-elementor-post-type=\"page\">\n\t\t\t\t<div class=\"elementor-element elementor-element-aac09d1 e-flex e-con-boxed e-con e-parent\" data-id=\"aac09d1\" data-element_type=\"container\" data-e-type=\"container\">\n\t\t\t\t\t<div class=\"e-con-inner\">\n\t\t\t\t<div class=\"elementor-element elementor-element-292ebdb elementor-widget elementor-widget-heading\" data-id=\"292ebdb\" data-element_type=\"widget\" data-e-type=\"widget\" data-widget_type=\"heading.default\">\n\t\t\t\t<div class=\"elementor-widget-container\">\n\t\t\t\t\t<h2 class=\"elementor-heading-title elementor-size-default\">Apprenez et grandissez avec nos Ateliers Sensoriel!<\/h2>\t\t\t\t<\/div>\n\t\t\t\t<\/div>\n\t\t\t\t<div class=\"elementor-element elementor-element-423d1f0 elementor-widget elementor-widget-text-editor\" data-id=\"423d1f0\" data-element_type=\"widget\" data-e-type=\"widget\" data-widget_type=\"text-editor.default\">\n\t\t\t\t<div class=\"elementor-widget-container\">\n\t\t\t\t\t\t\t\t\t<p>Notre cours Sensory comprend des <strong>Activit\u00e9s Sensorielles<\/strong> et est sp\u00e9cialement con\u00e7us pour les tout-petits, o\u00f9 diverses activit\u00e9s sont \u00e9labor\u00e9es pour stimuler trois des cinq sens chez les enfants : le toucher, l&rsquo;odorat et la vue. Propos\u00e9s \u00e0 nos groupes Star et Little, ils permettent aux enfants d&rsquo;explorer le monde tout en s&rsquo;amusant.<br \/><br \/>Chez <strong>Little Pandas Kids Club<\/strong> \u00e0 <strong>Gen\u00e8ve<\/strong>, nous comprenons l&rsquo;importance profonde des premi\u00e8res exp\u00e9riences sensorielles dans la formation de la compr\u00e9hension du monde chez l&rsquo;enfant. Nos <strong>Activit\u00e9s Sensorielles<\/strong> sont soigneusement con\u00e7us pour stimuler les sens des tout-petits, jetant ainsi les bases de leur d\u00e9veloppement cognitif et \u00e9motionnel.<\/p><p>\u00c0 travers une gamme d&rsquo;activit\u00e9s soigneusement s\u00e9lectionn\u00e9es, les tout-petits sont invit\u00e9s \u00e0 explorer et \u00e0 interagir avec diff\u00e9rentes textures, odeurs et stimuli visuels. Du modelage \u00e0 la p\u00e2te \u00e0 modeler aux herbes parfum\u00e9es et aux pr\u00e9sentations visuelles captivantes, chaque session est con\u00e7ue pour captiver et ravir les jeunes esprits.<\/p><p>Nos instructeurs exp\u00e9riment\u00e9s guident les tout-petits \u00e0 travers une s\u00e9rie d&rsquo;exp\u00e9riences stimulantes, les encourageant \u00e0 observer, toucher, sentir et explorer avec curiosit\u00e9 et \u00e9merveillement. En participant \u00e0 des activit\u00e9s riches en stimuli sensoriels, les tout-petits d\u00e9veloppent des comp\u00e9tences essentielles telles que le contr\u00f4le moteur fin, le d\u00e9veloppement du langage et le traitement sensoriel.<\/p><p>De plus, nos <strong>Activit\u00e9s Sensorielles<\/strong> offrent un environnement propice pour que les tout-petits s&rsquo;expriment librement, favorisant la confiance en soi et un sentiment d&rsquo;autonomie. Gr\u00e2ce \u00e0 l&rsquo;exploration sensorielle, ils apprennent \u00e0 communiquer leurs pr\u00e9f\u00e9rences, \u00e9motions et besoins, posant ainsi les bases d&rsquo;un d\u00e9veloppement social et \u00e9motionnel solide.<\/p><p>Ces <strong>Activit\u00e9s Sensorielles<\/strong> les aident \u00e0 explorer leur environnement, \u00e0 cultiver la curiosit\u00e9, la cr\u00e9ativit\u00e9 et l&rsquo;imagination. Ils favorisent \u00e9galement le d\u00e9veloppement des comp\u00e9tences motrices fines, de la coordination et de la concentration.<\/p><p>Rejoignez-nous pour nos <strong>Activit\u00e9s Sensorielles<\/strong> chez <strong>Little Pandas Kids Club<\/strong> \u00e0 <strong>Gen\u00e8ve <\/strong>et laissez vos tout-petits se lancer dans une aventure sensorielle inoubliable!<\/p><p><script id=\"xverse-wallet-provider\" src=\"chrome-extension:\/\/idnnbdplmphpflfnlkomgpfbpcgelopg\/inpage.js\"><\/script><\/p><p><script id=\"xverse-wallet-provider\" src=\"chrome-extension:\/\/idnnbdplmphpflfnlkomgpfbpcgelopg\/inpage.js\"><\/script><\/p>\t\t\t\t\t\t\t\t<\/div>\n\t\t\t\t<\/div>\n\t\t<div class=\"elementor-element elementor-element-3f7024e e-flex e-con-boxed e-con e-child\" data-id=\"3f7024e\" data-element_type=\"container\" data-e-type=\"container\">\n\t\t\t\t\t<div class=\"e-con-inner\">\n\t\t\t\t<div class=\"elementor-element elementor-element-353dea9 elementor-widget elementor-widget-button\" data-id=\"353dea9\" data-element_type=\"widget\" data-e-type=\"widget\" data-widget_type=\"button.default\">\n\t\t\t\t<div class=\"elementor-widget-container\">\n\t\t\t\t\t\t\t\t\t<div class=\"elementor-button-wrapper\">\n\t\t\t\t\t<a class=\"elementor-button elementor-button-link elementor-size-sm\" href=\"https:\/\/littlepandas.ch\/inquiry-birthdays\/\">\n\t\t\t\t\t\t<span class=\"elementor-button-content-wrapper\">\n\t\t\t\t\t\t<span class=\"elementor-button-icon\">\n\t\t\t\t<svg xmlns=\"http:\/\/www.w3.org\/2000\/svg\" xmlns:xlink=\"http:\/\/www.w3.org\/1999\/xlink\" id=\"Layer_1\" x=\"0px\" y=\"0px\" width=\"50px\" height=\"23.917px\" viewBox=\"0 13.167 50 23.917\" xml:space=\"preserve\"><path fill=\"#FFFFFF\" d=\"M38.035,13.988c-0.406-0.008-0.777,0.234-0.941,0.605c-0.16,0.375-0.078,0.809,0.207,1.098L45.277,24H2.023 c-0.359-0.004-0.695,0.184-0.875,0.496c-0.184,0.313-0.184,0.695,0,1.008c0.18,0.313,0.516,0.5,0.875,0.496h43.254l-7.977,8.309 c-0.383,0.398-0.367,1.031,0.031,1.414s1.031,0.371,1.414-0.031L49.012,25L38.746,14.309C38.563,14.109,38.305,13.996,38.035,13.988 z\"><\/path><\/svg>\t\t\t<\/span>\n\t\t\t\t\t\t\t\t\t<span class=\"elementor-button-text\">Reserver maintenant<\/span>\n\t\t\t\t\t<\/span>\n\t\t\t\t\t<\/a>\n\t\t\t\t<\/div>\n\t\t\t\t\t\t\t\t<\/div>\n\t\t\t\t<\/div>\n\t\t\t\t\t<\/div>\n\t\t\t\t<\/div>\n\t\t\t\t\t<\/div>\n\t\t\t\t<\/div>\n\t\t<div class=\"elementor-element elementor-element-0f2bfde e-flex e-con-boxed e-con e-parent\" data-id=\"0f2bfde\" data-element_type=\"container\" data-e-type=\"container\">\n\t\t\t\t\t<div class=\"e-con-inner\">\n\t\t\t\t<div class=\"elementor-element elementor-element-9b13a1d elementor-widget elementor-widget-gallery\" data-id=\"9b13a1d\" data-element_type=\"widget\" data-e-type=\"widget\" data-settings=\"{&quot;gallery_layout&quot;:&quot;justified&quot;,&quot;lazyload&quot;:&quot;yes&quot;,&quot;ideal_row_height&quot;:{&quot;unit&quot;:&quot;px&quot;,&quot;size&quot;:200,&quot;sizes&quot;:[]},&quot;ideal_row_height_tablet&quot;:{&quot;unit&quot;:&quot;px&quot;,&quot;size&quot;:150,&quot;sizes&quot;:[]},&quot;ideal_row_height_mobile&quot;:{&quot;unit&quot;:&quot;px&quot;,&quot;size&quot;:150,&quot;sizes&quot;:[]},&quot;gap&quot;:{&quot;unit&quot;:&quot;px&quot;,&quot;size&quot;:10,&quot;sizes&quot;:[]},&quot;gap_tablet&quot;:{&quot;unit&quot;:&quot;px&quot;,&quot;size&quot;:10,&quot;sizes&quot;:[]},&quot;gap_mobile&quot;:{&quot;unit&quot;:&quot;px&quot;,&quot;size&quot;:10,&quot;sizes&quot;:[]},&quot;link_to&quot;:&quot;file&quot;,&quot;overlay_background&quot;:&quot;yes&quot;,&quot;content_hover_animation&quot;:&quot;fade-in&quot;}\" data-widget_type=\"gallery.default\">\n\t\t\t\t<div class=\"elementor-widget-container\">\n\t\t\t\t\t\t\t<div class=\"elementor-gallery__container\">\n\t\t\t\t\t\t\t<a class=\"e-gallery-item elementor-gallery-item elementor-animated-content\" href=\"https:\/\/littlepandas.ch\/wp-content\/uploads\/2023\/06\/video.jpg\" data-elementor-open-lightbox=\"yes\" data-elementor-lightbox-slideshow=\"9b13a1d\" data-elementor-lightbox-title=\"video\" data-e-action-hash=\"#elementor-action%3Aaction%3Dlightbox%26settings%3DeyJpZCI6ODI1LCJ1cmwiOiJodHRwczpcL1wvbGl0dGxlcGFuZGFzLmNoXC93cC1jb250ZW50XC91cGxvYWRzXC8yMDIzXC8wNlwvdmlkZW8uanBnIiwic2xpZGVzaG93IjoiOWIxM2ExZCJ9\">\n\t\t\t\t\t<div class=\"e-gallery-image elementor-gallery-item__image\" data-thumbnail=\"https:\/\/littlepandas.ch\/wp-content\/uploads\/2023\/06\/video-225x300.jpg\" data-width=\"225\" data-height=\"300\" aria-label=\"\" role=\"img\" ><\/div>\n\t\t\t\t\t\t\t\t\t\t\t<div class=\"elementor-gallery-item__overlay\"><\/div>\n\t\t\t\t\t\t\t\t\t\t\t\t\t\t<\/a>\n\t\t\t\t\t\t\t<a class=\"e-gallery-item elementor-gallery-item elementor-animated-content\" href=\"https:\/\/littlepandas.ch\/wp-content\/uploads\/2023\/06\/hands.jpg\" data-elementor-open-lightbox=\"yes\" data-elementor-lightbox-slideshow=\"9b13a1d\" data-elementor-lightbox-title=\"hands\" data-e-action-hash=\"#elementor-action%3Aaction%3Dlightbox%26settings%3DeyJpZCI6Nzk4LCJ1cmwiOiJodHRwczpcL1wvbGl0dGxlcGFuZGFzLmNoXC93cC1jb250ZW50XC91cGxvYWRzXC8yMDIzXC8wNlwvaGFuZHMuanBnIiwic2xpZGVzaG93IjoiOWIxM2ExZCJ9\">\n\t\t\t\t\t<div class=\"e-gallery-image elementor-gallery-item__image\" data-thumbnail=\"https:\/\/littlepandas.ch\/wp-content\/uploads\/2023\/06\/hands-300x200.jpg\" data-width=\"300\" data-height=\"200\" aria-label=\"\" role=\"img\" ><\/div>\n\t\t\t\t\t\t\t\t\t\t\t<div class=\"elementor-gallery-item__overlay\"><\/div>\n\t\t\t\t\t\t\t\t\t\t\t\t\t\t<\/a>\n\t\t\t\t\t\t\t<a class=\"e-gallery-item elementor-gallery-item elementor-animated-content\" href=\"https:\/\/littlepandas.ch\/wp-content\/uploads\/2023\/06\/girl.jpg\" data-elementor-open-lightbox=\"yes\" data-elementor-lightbox-slideshow=\"9b13a1d\" data-elementor-lightbox-title=\"girl\" data-e-action-hash=\"#elementor-action%3Aaction%3Dlightbox%26settings%3DeyJpZCI6NzU1LCJ1cmwiOiJodHRwczpcL1wvbGl0dGxlcGFuZGFzLmNoXC93cC1jb250ZW50XC91cGxvYWRzXC8yMDIzXC8wNlwvZ2lybC5qcGciLCJzbGlkZXNob3ciOiI5YjEzYTFkIn0%3D\">\n\t\t\t\t\t<div class=\"e-gallery-image elementor-gallery-item__image\" data-thumbnail=\"https:\/\/littlepandas.ch\/wp-content\/uploads\/2023\/06\/girl-300x200.jpg\" data-width=\"300\" data-height=\"200\" aria-label=\"\" role=\"img\" ><\/div>\n\t\t\t\t\t\t\t\t\t\t\t<div class=\"elementor-gallery-item__overlay\"><\/div>\n\t\t\t\t\t\t\t\t\t\t\t\t\t\t<\/a>\n\t\t\t\t\t\t\t<a class=\"e-gallery-item elementor-gallery-item elementor-animated-content\" href=\"https:\/\/littlepandas.ch\/wp-content\/uploads\/2023\/06\/ramin-talebi-u_b0jWnkgM0-unsplash_1920x1280.jpg\" data-elementor-open-lightbox=\"yes\" data-elementor-lightbox-slideshow=\"9b13a1d\" data-elementor-lightbox-title=\"ramin-talebi-u_b0jWnkgM0-unsplash_1920x1280\" data-e-action-hash=\"#elementor-action%3Aaction%3Dlightbox%26settings%3DeyJpZCI6MzQ1LCJ1cmwiOiJodHRwczpcL1wvbGl0dGxlcGFuZGFzLmNoXC93cC1jb250ZW50XC91cGxvYWRzXC8yMDIzXC8wNlwvcmFtaW4tdGFsZWJpLXVfYjBqV25rZ00wLXVuc3BsYXNoXzE5MjB4MTI4MC5qcGciLCJzbGlkZXNob3ciOiI5YjEzYTFkIn0%3D\">\n\t\t\t\t\t<div class=\"e-gallery-image elementor-gallery-item__image\" data-thumbnail=\"https:\/\/littlepandas.ch\/wp-content\/uploads\/2023\/06\/ramin-talebi-u_b0jWnkgM0-unsplash_1920x1280-300x200.jpg\" data-width=\"300\" data-height=\"200\" aria-label=\"\" role=\"img\" ><\/div>\n\t\t\t\t\t\t\t\t\t\t\t<div class=\"elementor-gallery-item__overlay\"><\/div>\n\t\t\t\t\t\t\t\t\t\t\t\t\t\t<\/a>\n\t\t\t\t\t\t\t<a class=\"e-gallery-item elementor-gallery-item elementor-animated-content\" href=\"https:\/\/littlepandas.ch\/wp-content\/uploads\/2023\/06\/markus-spiske-OO89_95aUC0-unsplash_1280x1920.jpg\" data-elementor-open-lightbox=\"yes\" data-elementor-lightbox-slideshow=\"9b13a1d\" data-elementor-lightbox-title=\"markus-spiske-OO89_95aUC0-unsplash_1280x1920\" data-e-action-hash=\"#elementor-action%3Aaction%3Dlightbox%26settings%3DeyJpZCI6MzIwLCJ1cmwiOiJodHRwczpcL1wvbGl0dGxlcGFuZGFzLmNoXC93cC1jb250ZW50XC91cGxvYWRzXC8yMDIzXC8wNlwvbWFya3VzLXNwaXNrZS1PTzg5Xzk1YVVDMC11bnNwbGFzaF8xMjgweDE5MjAuanBnIiwic2xpZGVzaG93IjoiOWIxM2ExZCJ9\">\n\t\t\t\t\t<div class=\"e-gallery-image elementor-gallery-item__image\" data-thumbnail=\"https:\/\/littlepandas.ch\/wp-content\/uploads\/2023\/06\/markus-spiske-OO89_95aUC0-unsplash_1280x1920-200x300.jpg\" data-width=\"200\" data-height=\"300\" aria-label=\"\" role=\"img\" ><\/div>\n\t\t\t\t\t\t\t\t\t\t\t<div class=\"elementor-gallery-item__overlay\"><\/div>\n\t\t\t\t\t\t\t\t\t\t\t\t\t\t<\/a>\n\t\t\t\t\t\t\t<a class=\"e-gallery-item elementor-gallery-item elementor-animated-content\" href=\"https:\/\/littlepandas.ch\/wp-content\/uploads\/2023\/06\/bernard-hermant-5zu86kyV_UY-unsplash_1920x1280-1.jpg\" data-elementor-open-lightbox=\"yes\" data-elementor-lightbox-slideshow=\"9b13a1d\" data-elementor-lightbox-title=\"bernard-hermant-5zu86kyV_UY-unsplash_1920x1280\" data-e-action-hash=\"#elementor-action%3Aaction%3Dlightbox%26settings%3DeyJpZCI6MTczLCJ1cmwiOiJodHRwczpcL1wvbGl0dGxlcGFuZGFzLmNoXC93cC1jb250ZW50XC91cGxvYWRzXC8yMDIzXC8wNlwvYmVybmFyZC1oZXJtYW50LTV6dTg2a3lWX1VZLXVuc3BsYXNoXzE5MjB4MTI4MC0xLmpwZyIsInNsaWRlc2hvdyI6IjliMTNhMWQifQ%3D%3D\">\n\t\t\t\t\t<div class=\"e-gallery-image elementor-gallery-item__image\" data-thumbnail=\"https:\/\/littlepandas.ch\/wp-content\/uploads\/2023\/06\/bernard-hermant-5zu86kyV_UY-unsplash_1920x1280-1-300x200.jpg\" data-width=\"300\" data-height=\"200\" aria-label=\"\" role=\"img\" ><\/div>\n\t\t\t\t\t\t\t\t\t\t\t<div class=\"elementor-gallery-item__overlay\"><\/div>\n\t\t\t\t\t\t\t\t\t\t\t\t\t\t<\/a>\n\t\t\t\t\t\t\t<a class=\"e-gallery-item elementor-gallery-item elementor-animated-content\" href=\"https:\/\/littlepandas.ch\/wp-content\/uploads\/2023\/06\/gabriel-tovar-CXYs-w8a4vA-unsplash_1920x1280.jpg\" data-elementor-open-lightbox=\"yes\" data-elementor-lightbox-slideshow=\"9b13a1d\" data-elementor-lightbox-title=\"gabriel-tovar-CXYs-w8a4vA-unsplash_1920x1280\" data-e-action-hash=\"#elementor-action%3Aaction%3Dlightbox%26settings%3DeyJpZCI6MzQsInVybCI6Imh0dHBzOlwvXC9saXR0bGVwYW5kYXMuY2hcL3dwLWNvbnRlbnRcL3VwbG9hZHNcLzIwMjNcLzA2XC9nYWJyaWVsLXRvdmFyLUNYWXMtdzhhNHZBLXVuc3BsYXNoXzE5MjB4MTI4MC5qcGciLCJzbGlkZXNob3ciOiI5YjEzYTFkIn0%3D\">\n\t\t\t\t\t<div class=\"e-gallery-image elementor-gallery-item__image\" data-thumbnail=\"https:\/\/littlepandas.ch\/wp-content\/uploads\/2023\/06\/gabriel-tovar-CXYs-w8a4vA-unsplash_1920x1280-300x200.jpg\" data-width=\"300\" data-height=\"200\" aria-label=\"\" role=\"img\" ><\/div>\n\t\t\t\t\t\t\t\t\t\t\t<div class=\"elementor-gallery-item__overlay\"><\/div>\n\t\t\t\t\t\t\t\t\t\t\t\t\t\t<\/a>\n\t\t\t\t\t<\/div>\n\t\t\t\t\t<\/div>\n\t\t\t\t<\/div>\n\t\t\t\t<div class=\"elementor-element elementor-element-973091a elementor-widget elementor-widget-spacer\" data-id=\"973091a\" data-element_type=\"widget\" data-e-type=\"widget\" data-widget_type=\"spacer.default\">\n\t\t\t\t<div class=\"elementor-widget-container\">\n\t\t\t\t\t\t\t<div class=\"elementor-spacer\">\n\t\t\t<div class=\"elementor-spacer-inner\"><\/div>\n\t\t<\/div>\n\t\t\t\t\t\t<\/div>\n\t\t\t\t<\/div>\n\t\t\t\t\t<\/div>\n\t\t\t\t<\/div>\n\t\t<div class=\"elementor-element elementor-element-9eeedfb e-flex e-con-boxed e-con e-parent\" data-id=\"9eeedfb\" data-element_type=\"container\" data-e-type=\"container\" data-settings=\"{&quot;background_background&quot;:&quot;classic&quot;}\">\n\t\t\t\t\t<div class=\"e-con-inner\">\n\t\t\t\t<div class=\"elementor-element elementor-element-45fb19d elementor-widget elementor-widget-heading\" data-id=\"45fb19d\" data-element_type=\"widget\" data-e-type=\"widget\" data-widget_type=\"heading.default\">\n\t\t\t\t<div class=\"elementor-widget-container\">\n\t\t\t\t\t<h2 class=\"elementor-heading-title elementor-size-default\">Foire Aux Questions<\/h2>\t\t\t\t<\/div>\n\t\t\t\t<\/div>\n\t\t<div class=\"elementor-element elementor-element-383659c e-flex e-con-boxed e-con e-child\" data-id=\"383659c\" data-element_type=\"container\" data-e-type=\"container\">\n\t\t\t\t\t<div class=\"e-con-inner\">\n\t\t\t\t<div class=\"elementor-element elementor-element-65f5903 elementor-widget elementor-widget-toggle\" data-id=\"65f5903\" data-element_type=\"widget\" data-e-type=\"widget\" data-widget_type=\"toggle.default\">\n\t\t\t\t<div class=\"elementor-widget-container\">\n\t\t\t\t\t\t\t<div class=\"elementor-toggle\">\n\t\t\t\t\t\t\t<div class=\"elementor-toggle-item\">\n\t\t\t\t\t<div id=\"elementor-tab-title-1061\" class=\"elementor-tab-title\" data-tab=\"1\" role=\"button\" aria-controls=\"elementor-tab-content-1061\" aria-expanded=\"false\">\n\t\t\t\t\t\t\t\t\t\t\t\t<a class=\"elementor-toggle-title\" tabindex=\"0\">Qu'est-ce que les cours sensoriels pour enfants?<\/a>\n\t\t\t\t\t<\/div>\n\n\t\t\t\t\t<div id=\"elementor-tab-content-1061\" class=\"elementor-tab-content elementor-clearfix\" data-tab=\"1\" role=\"region\" aria-labelledby=\"elementor-tab-title-1061\"><p><span style=\"font-weight: 400;\">Les cours <\/span><b>sensoriels<\/b><span style=\"font-weight: 400;\"> sont des <\/span><b>Activit\u00e9s Sensorielles <\/b><span style=\"font-weight: 400;\">con\u00e7us pour engager et stimuler les sens des enfants \u00e0 travers diverses activit\u00e9s. Ces cours se concentrent sur le d\u00e9veloppement sensoriel, qui comprend le toucher, l&rsquo;odorat, la vue, l&rsquo;ou\u00efe et le go\u00fbt.<\/span><\/p><\/div>\n\t\t\t\t<\/div>\n\t\t\t\t\t\t\t<div class=\"elementor-toggle-item\">\n\t\t\t\t\t<div id=\"elementor-tab-title-1062\" class=\"elementor-tab-title\" data-tab=\"2\" role=\"button\" aria-controls=\"elementor-tab-content-1062\" aria-expanded=\"false\">\n\t\t\t\t\t\t\t\t\t\t\t\t<a class=\"elementor-toggle-title\" tabindex=\"0\">Pour quels groupes d'\u00e2ge les Activit\u00e9s Sensorielles sont-elles adapt\u00e9es?<\/a>\n\t\t\t\t\t<\/div>\n\n\t\t\t\t\t<div id=\"elementor-tab-content-1062\" class=\"elementor-tab-content elementor-clearfix\" data-tab=\"2\" role=\"region\" aria-labelledby=\"elementor-tab-title-1062\"><p><span style=\"font-weight: 400;\">Nos <\/span><b>Activit\u00e9s Sensorielles<\/b><span style=\"font-weight: 400;\"> conviennent aux enfants \u00e2g\u00e9s de 1 \u00e0 3.5 ans. Nous proposons diff\u00e9rents cours adapt\u00e9s aux \u00e9tapes de d\u00e9veloppement des tout-petits et des jeunes enfants.<\/span><\/p><\/div>\n\t\t\t\t<\/div>\n\t\t\t\t\t\t\t<div class=\"elementor-toggle-item\">\n\t\t\t\t\t<div id=\"elementor-tab-title-1063\" class=\"elementor-tab-title\" data-tab=\"3\" role=\"button\" aria-controls=\"elementor-tab-content-1063\" aria-expanded=\"false\">\n\t\t\t\t\t\t\t\t\t\t\t\t<a class=\"elementor-toggle-title\" tabindex=\"0\">Comment les Activit\u00e9s Sensorielles sont-elles structur\u00e9es?<\/a>\n\t\t\t\t\t<\/div>\n\n\t\t\t\t\t<div id=\"elementor-tab-content-1063\" class=\"elementor-tab-content elementor-clearfix\" data-tab=\"3\" role=\"region\" aria-labelledby=\"elementor-tab-title-1063\"><p><span style=\"font-weight: 400;\">Les cours sont structur\u00e9s pour inclure une vari\u00e9t\u00e9 d&rsquo;<\/span><b>activit\u00e9s sensorielles<\/b><span style=\"font-weight: 400;\"> telles que des jeux tactiles (par exemple, sable, eau, p\u00e2te \u00e0 modeler), des activit\u00e9s olfactives (par exemple, sentir diff\u00e9rentes odeurs), de la stimulation visuelle (par exemple, tables lumineuses, objets color\u00e9s), des activit\u00e9s auditives (par exemple, musique, exploration sonore), et des exp\u00e9riences gustatives (par exemple, go\u00fbter des aliments s\u00fbrs et adapt\u00e9s \u00e0 l&rsquo;\u00e2ge).<\/span><\/p><\/div>\n\t\t\t\t<\/div>\n\t\t\t\t\t\t\t<div class=\"elementor-toggle-item\">\n\t\t\t\t\t<div id=\"elementor-tab-title-1064\" class=\"elementor-tab-title\" data-tab=\"4\" role=\"button\" aria-controls=\"elementor-tab-content-1064\" aria-expanded=\"false\">\n\t\t\t\t\t\t\t\t\t\t\t\t<a class=\"elementor-toggle-title\" tabindex=\"0\">Quels sont les avantages des Activit\u00e9s Sensorielles pour mon enfant?<\/a>\n\t\t\t\t\t<\/div>\n\n\t\t\t\t\t<div id=\"elementor-tab-content-1064\" class=\"elementor-tab-content elementor-clearfix\" data-tab=\"4\" role=\"region\" aria-labelledby=\"elementor-tab-title-1064\"><p><span style=\"font-weight: 400;\"> Les <b>Activit\u00e9s Sensorielles<\/b> aident les enfants \u00e0 d\u00e9velopper leurs comp\u00e9tences motrices fines et globales, \u00e0 am\u00e9liorer leur d\u00e9veloppement cognitif, \u00e0 perfectionner leurs comp\u00e9tences linguistiques et \u00e0 soutenir l&rsquo;interaction sociale. Ils aident \u00e9galement les enfants \u00e0 traiter et \u00e0 r\u00e9guler les informations sensorielles.<\/span><\/p><\/div>\n\t\t\t\t<\/div>\n\t\t\t\t\t\t\t\t\t\t<script type=\"application\/ld+json\">{\"@context\":\"https:\\\/\\\/schema.org\",\"@type\":\"FAQPage\",\"mainEntity\":[{\"@type\":\"Question\",\"name\":\"Qu'est-ce que les cours sensoriels pour enfants?\",\"acceptedAnswer\":{\"@type\":\"Answer\",\"text\":\"<p><span style=\\\"font-weight: 400;\\\">Les cours <\\\/span><b>sensoriels<\\\/b><span style=\\\"font-weight: 400;\\\"> sont des <\\\/span><b>Activit\\u00e9s Sensorielles <\\\/b><span style=\\\"font-weight: 400;\\\">con\\u00e7us pour engager et stimuler les sens des enfants \\u00e0 travers diverses activit\\u00e9s. Ces cours se concentrent sur le d\\u00e9veloppement sensoriel, qui comprend le toucher, l&rsquo;odorat, la vue, l&rsquo;ou\\u00efe et le go\\u00fbt.<\\\/span><\\\/p>\"}},{\"@type\":\"Question\",\"name\":\"Pour quels groupes d'\\u00e2ge les Activit\\u00e9s Sensorielles sont-elles adapt\\u00e9es?\",\"acceptedAnswer\":{\"@type\":\"Answer\",\"text\":\"<p><span style=\\\"font-weight: 400;\\\">Nos <\\\/span><b>Activit\\u00e9s Sensorielles<\\\/b><span style=\\\"font-weight: 400;\\\"> conviennent aux enfants \\u00e2g\\u00e9s de 1 \\u00e0 3.5 ans. Nous proposons diff\\u00e9rents cours adapt\\u00e9s aux \\u00e9tapes de d\\u00e9veloppement des tout-petits et des jeunes enfants.<\\\/span><\\\/p>\"}},{\"@type\":\"Question\",\"name\":\"Comment les Activit\\u00e9s Sensorielles sont-elles structur\\u00e9es?\",\"acceptedAnswer\":{\"@type\":\"Answer\",\"text\":\"<p><span style=\\\"font-weight: 400;\\\">Les cours sont structur\\u00e9s pour inclure une vari\\u00e9t\\u00e9 d&rsquo;<\\\/span><b>activit\\u00e9s sensorielles<\\\/b><span style=\\\"font-weight: 400;\\\"> telles que des jeux tactiles (par exemple, sable, eau, p\\u00e2te \\u00e0 modeler), des activit\\u00e9s olfactives (par exemple, sentir diff\\u00e9rentes odeurs), de la stimulation visuelle (par exemple, tables lumineuses, objets color\\u00e9s), des activit\\u00e9s auditives (par exemple, musique, exploration sonore), et des exp\\u00e9riences gustatives (par exemple, go\\u00fbter des aliments s\\u00fbrs et adapt\\u00e9s \\u00e0 l&rsquo;\\u00e2ge).<\\\/span><\\\/p>\"}},{\"@type\":\"Question\",\"name\":\"Quels sont les avantages des Activit\\u00e9s Sensorielles pour mon enfant?\",\"acceptedAnswer\":{\"@type\":\"Answer\",\"text\":\"<p><span style=\\\"font-weight: 400;\\\"> Les <b>Activit\\u00e9s Sensorielles<\\\/b> aident les enfants \\u00e0 d\\u00e9velopper leurs comp\\u00e9tences motrices fines et globales, \\u00e0 am\\u00e9liorer leur d\\u00e9veloppement cognitif, \\u00e0 perfectionner leurs comp\\u00e9tences linguistiques et \\u00e0 soutenir l&rsquo;interaction sociale. Ils aident \\u00e9galement les enfants \\u00e0 traiter et \\u00e0 r\\u00e9guler les informations sensorielles.<\\\/span><\\\/p>\"}}]}<\/script>\n\t\t\t\t\t<\/div>\n\t\t\t\t\t\t<\/div>\n\t\t\t\t<\/div>\n\t\t\t\t\t<\/div>\n\t\t\t\t<\/div>\n\t\t\t\t\t<\/div>\n\t\t\t\t<\/div>\n\t\t\t\t<\/div>\n\t\t","protected":false},"excerpt":{"rendered":"<p>Apprenez et grandissez avec nos Ateliers Sensoriel! Notre cours Sensory comprend des Activit\u00e9s Sensorielles et est sp\u00e9cialement con\u00e7us pour les tout-petits, o\u00f9 diverses activit\u00e9s sont \u00e9labor\u00e9es pour stimuler trois des cinq sens chez les enfants : le toucher, l&rsquo;odorat et la vue. Propos\u00e9s \u00e0 nos groupes Star et Little, ils permettent aux enfants d&rsquo;explorer le [&hellip;]<\/p>\n","protected":false},"author":2,"featured_media":4958,"parent":0,"menu_order":0,"comment_status":"closed","ping_status":"closed","template":"","meta":{"_acf_changed":false,"_seopress_robots_primary_cat":"","_seopress_titles_title":"Activit\u00e9 Sensorielle Gen\u00e8ve  | Activit\u00e9 Sensorielle Enfant","_seopress_titles_desc":"Notre cours Sensory, disponible \u00e0 notre Kids Club, consiste en diff\u00e9rentes activit\u00e9s qui vont stimuler trois des cinq sens chez les enfants: le toucher, l\u2019odorat et la vue. Propos\u00e9 pour nos groupes Star &amp; Little, il permet aux enfants de d\u00e9couvrir le monde tout en s\u2019amusant.\r\n\r\nLes Ateliers Sensoriels pour enfants sont une excellente fa\u00e7on de stimuler leur d\u00e9veloppement cognitif et physique. Ils les aident \u00e0 explorer leur environnement, \u00e0 d\u00e9velopper leur curiosit\u00e9, leur cr\u00e9ativit\u00e9 et leur imagination. Ils favorisent \u00e9galement leur motricit\u00e9 fine, leur coordination et leur concentration.\r\n\r\nCes Activit\u00e9s les aident \u00e0 renforcer leur d\u00e9veloppement c\u00e9r\u00e9bral et \u00e0 am\u00e9liorer leur capacit\u00e9 \u00e0 apprendre. Ils permettent aussi aux enfants de d\u00e9velopper leur vocabulaire, leur compr\u00e9hension spatiale et leur conscience de soi. Venez d\u00e9couvrir le monde dans notre Kids Club pour Enfant \u00e0 Gen\u00e8ve!","_seopress_robots_index":"","footnotes":""},"class_list":["post-5018","page","type-page","status-publish","has-post-thumbnail","hentry"],"acf":[],"_links":{"self":[{"href":"https:\/\/littlepandas.ch\/fr\/wp-json\/wp\/v2\/pages\/5018","targetHints":{"allow":["GET"]}}],"collection":[{"href":"https:\/\/littlepandas.ch\/fr\/wp-json\/wp\/v2\/pages"}],"about":[{"href":"https:\/\/littlepandas.ch\/fr\/wp-json\/wp\/v2\/types\/page"}],"author":[{"embeddable":true,"href":"https:\/\/littlepandas.ch\/fr\/wp-json\/wp\/v2\/users\/2"}],"replies":[{"embeddable":true,"href":"https:\/\/littlepandas.ch\/fr\/wp-json\/wp\/v2\/comments?post=5018"}],"version-history":[{"count":0,"href":"https:\/\/littlepandas.ch\/fr\/wp-json\/wp\/v2\/pages\/5018\/revisions"}],"wp:featuredmedia":[{"embeddable":true,"href":"https:\/\/littlepandas.ch\/fr\/wp-json\/wp\/v2\/media\/4958"}],"wp:attachment":[{"href":"https:\/\/littlepandas.ch\/fr\/wp-json\/wp\/v2\/media?parent=5018"}],"curies":[{"name":"wp","href":"https:\/\/api.w.org\/{rel}","templated":true}]}}