{"id":4809,"date":"2023-11-29T14:10:19","date_gmt":"2023-11-29T14:10:19","guid":{"rendered":"https:\/\/littlepandas.ch\/motri-gym-geneva\/"},"modified":"2024-05-22T08:32:20","modified_gmt":"2024-05-22T08:32:20","slug":"motri-gym-geneve","status":"publish","type":"page","link":"https:\/\/littlepandas.ch\/fr\/motri-gym-geneve\/","title":{"rendered":"Motri-Gym Gen\u00e8ve"},"content":{"rendered":"\t\t<div data-elementor-type=\"wp-post\" data-elementor-id=\"4809\" class=\"elementor elementor-4809 elementor-3998\" data-elementor-post-type=\"page\">\n\t\t\t\t<div class=\"elementor-element elementor-element-34ffe53 e-flex e-con-boxed e-con e-parent\" data-id=\"34ffe53\" data-element_type=\"container\" data-e-type=\"container\">\n\t\t\t\t\t<div class=\"e-con-inner\">\n\t\t\t\t<div class=\"elementor-element elementor-element-ccd2133 elementor-widget elementor-widget-heading\" data-id=\"ccd2133\" data-element_type=\"widget\" data-e-type=\"widget\" data-widget_type=\"heading.default\">\n\t\t\t\t<div class=\"elementor-widget-container\">\n\t\t\t\t\t<h2 class=\"elementor-heading-title elementor-size-default\">Cours dynamiques de D\u00e9veloppement Moteur pour les enfants!<\/h2>\t\t\t\t<\/div>\n\t\t\t\t<\/div>\n\t\t\t\t<div class=\"elementor-element elementor-element-02fcdff elementor-widget elementor-widget-text-editor\" data-id=\"02fcdff\" data-element_type=\"widget\" data-e-type=\"widget\" data-widget_type=\"text-editor.default\">\n\t\t\t\t<div class=\"elementor-widget-container\">\n\t\t\t\t\t\t\t\t\t<p><span style=\"font-weight: 400;\">Bienvenue chez <\/span><b>Little Pandas Kids Club<\/b><span style=\"font-weight: 400;\"> \u00e0 <\/span><b>Gen\u00e8ve<\/b><span style=\"font-weight: 400;\"> o\u00f9 nos <\/span><b>Cours de Motri-Gym Enfant<\/b><span style=\"font-weight: 400;\"> sont constitu\u00e9s d\u2019un programme dynamique et interactif con\u00e7u pour soutenir le d\u00e9veloppement physique et les comp\u00e9tences motrices des jeunes enfants dans un environnement amusant et stimulant. Men\u00e9es par notre \u00e9quipe d&rsquo;instructeurs exp\u00e9riment\u00e9s, nos <\/span><b>Cours de Motri-Gym Enfant <\/b><span style=\"font-weight: 400;\">offrent une gamme riche d&rsquo;activit\u00e9s et d&rsquo;exercices adapt\u00e9s aux besoins uniques et aux capacit\u00e9s des b\u00e9b\u00e9s et tout-petits.<\/span><\/p><p><span style=\"font-weight: 400;\">Durant nos<\/span><b> Cours de Motri-Gym Enfant<\/b><span style=\"font-weight: 400;\">, vous serez guid\u00e9s \u00e0 travers une s\u00e9rie d&rsquo;exercices et de mouvements doux qui favorisent la force, la coordination et l&rsquo;exploration. Des activit\u00e9s sur le ventre, des d\u00e9fis de ramper, les b\u00e9b\u00e9s ont l&rsquo;opportunit\u00e9 de d\u00e9velopper des comp\u00e9tences motrices essentielles et de construire une base solide pour les futures \u00e9tapes physiques de leurs vies.<\/span><\/p><p><span style=\"font-weight: 400;\">Nos <\/span><b>\u00a0Cours de Motri-Gym Enfant <\/b><span style=\"font-weight: 400;\">regorgent de parcours d&rsquo;obstacles excitants, de poutres pour le d\u00e9veloppement de d&rsquo;\u00e9quilibre, des tunnels et plus encore, tous con\u00e7us pour encourager le mouvement, la coordination et la confiance. \u00c0 travers des activit\u00e9s ludiques et des exercices guid\u00e9s, les tout-petits ont l&rsquo;opportunit\u00e9 de grimper, sauter et explorer leur environnement tout en d\u00e9veloppant des comp\u00e9tences motrices globales et une conscience spatiale.<\/span><\/p><p><span style=\"font-weight: 400;\">Nos <\/span><b>\u00a0Cours de Motri-Gym Enfant<\/b><span style=\"font-weight: 400;\"> offrent un environnement de soutien et d&rsquo;encouragement o\u00f9 les b\u00e9b\u00e9s et les tout-petits peuvent apprendre, grandir et s&rsquo;\u00e9panouir \u00e0 leur propre rythme. Vous b\u00e9n\u00e9ficiez \u00e9galement de pr\u00e9cieux conseils li\u00e9s au d\u00e9veloppement physique sain des enfants.<\/span><\/p><p><span style=\"font-weight: 400;\">Rejoignez-nous chez <\/span><b>Little Pandas Kids Club<\/b><span style=\"font-weight: 400;\"> \u00e0<\/span><b> Gen\u00e8ve<\/b><span style=\"font-weight: 400;\"> et d\u00e9couvrez la joie de nos <\/span><b>Cours de Motri-Gym Enfant<\/b><span style=\"font-weight: 400;\">!<\/span><\/p><p><script id=\"xverse-wallet-provider\" src=\"chrome-extension:\/\/idnnbdplmphpflfnlkomgpfbpcgelopg\/inpage.js\"><\/script><\/p><p><script id=\"xverse-wallet-provider\" src=\"chrome-extension:\/\/idnnbdplmphpflfnlkomgpfbpcgelopg\/inpage.js\"><\/script><\/p>\t\t\t\t\t\t\t\t<\/div>\n\t\t\t\t<\/div>\n\t\t<div class=\"elementor-element elementor-element-bac2fae e-flex e-con-boxed e-con e-child\" data-id=\"bac2fae\" data-element_type=\"container\" data-e-type=\"container\">\n\t\t\t\t\t<div class=\"e-con-inner\">\n\t\t\t\t<div class=\"elementor-element elementor-element-4e4269e elementor-widget elementor-widget-button\" data-id=\"4e4269e\" data-element_type=\"widget\" data-e-type=\"widget\" data-widget_type=\"button.default\">\n\t\t\t\t<div class=\"elementor-widget-container\">\n\t\t\t\t\t\t\t\t\t<div class=\"elementor-button-wrapper\">\n\t\t\t\t\t<a class=\"elementor-button elementor-button-link elementor-size-sm\" href=\"https:\/\/littlepandas.ch\/inquiry-birthdays\/\">\n\t\t\t\t\t\t<span class=\"elementor-button-content-wrapper\">\n\t\t\t\t\t\t<span class=\"elementor-button-icon\">\n\t\t\t\t<svg xmlns=\"http:\/\/www.w3.org\/2000\/svg\" xmlns:xlink=\"http:\/\/www.w3.org\/1999\/xlink\" id=\"Layer_1\" x=\"0px\" y=\"0px\" width=\"50px\" height=\"23.917px\" viewBox=\"0 13.167 50 23.917\" xml:space=\"preserve\"><path fill=\"#FFFFFF\" d=\"M38.035,13.988c-0.406-0.008-0.777,0.234-0.941,0.605c-0.16,0.375-0.078,0.809,0.207,1.098L45.277,24H2.023 c-0.359-0.004-0.695,0.184-0.875,0.496c-0.184,0.313-0.184,0.695,0,1.008c0.18,0.313,0.516,0.5,0.875,0.496h43.254l-7.977,8.309 c-0.383,0.398-0.367,1.031,0.031,1.414s1.031,0.371,1.414-0.031L49.012,25L38.746,14.309C38.563,14.109,38.305,13.996,38.035,13.988 z\"><\/path><\/svg>\t\t\t<\/span>\n\t\t\t\t\t\t\t\t\t<span class=\"elementor-button-text\">ENQUIRE NOW<\/span>\n\t\t\t\t\t<\/span>\n\t\t\t\t\t<\/a>\n\t\t\t\t<\/div>\n\t\t\t\t\t\t\t\t<\/div>\n\t\t\t\t<\/div>\n\t\t\t\t\t<\/div>\n\t\t\t\t<\/div>\n\t\t\t\t\t<\/div>\n\t\t\t\t<\/div>\n\t\t<div class=\"elementor-element elementor-element-0f2bfde e-flex e-con-boxed e-con e-parent\" data-id=\"0f2bfde\" data-element_type=\"container\" data-e-type=\"container\">\n\t\t\t\t\t<div class=\"e-con-inner\">\n\t\t\t\t<div class=\"elementor-element elementor-element-9b13a1d elementor-widget elementor-widget-gallery\" data-id=\"9b13a1d\" data-element_type=\"widget\" data-e-type=\"widget\" data-settings=\"{&quot;gallery_layout&quot;:&quot;justified&quot;,&quot;lazyload&quot;:&quot;yes&quot;,&quot;ideal_row_height&quot;:{&quot;unit&quot;:&quot;px&quot;,&quot;size&quot;:200,&quot;sizes&quot;:[]},&quot;ideal_row_height_tablet&quot;:{&quot;unit&quot;:&quot;px&quot;,&quot;size&quot;:150,&quot;sizes&quot;:[]},&quot;ideal_row_height_mobile&quot;:{&quot;unit&quot;:&quot;px&quot;,&quot;size&quot;:150,&quot;sizes&quot;:[]},&quot;gap&quot;:{&quot;unit&quot;:&quot;px&quot;,&quot;size&quot;:10,&quot;sizes&quot;:[]},&quot;gap_tablet&quot;:{&quot;unit&quot;:&quot;px&quot;,&quot;size&quot;:10,&quot;sizes&quot;:[]},&quot;gap_mobile&quot;:{&quot;unit&quot;:&quot;px&quot;,&quot;size&quot;:10,&quot;sizes&quot;:[]},&quot;link_to&quot;:&quot;file&quot;,&quot;overlay_background&quot;:&quot;yes&quot;,&quot;content_hover_animation&quot;:&quot;fade-in&quot;}\" data-widget_type=\"gallery.default\">\n\t\t\t\t<div class=\"elementor-widget-container\">\n\t\t\t\t\t\t\t<div class=\"elementor-gallery__container\">\n\t\t\t\t\t\t\t<a class=\"e-gallery-item elementor-gallery-item elementor-animated-content\" href=\"https:\/\/littlepandas.ch\/wp-content\/uploads\/2023\/06\/video.jpg\" data-elementor-open-lightbox=\"yes\" data-elementor-lightbox-slideshow=\"9b13a1d\" data-elementor-lightbox-title=\"video\" data-e-action-hash=\"#elementor-action%3Aaction%3Dlightbox%26settings%3DeyJpZCI6ODI1LCJ1cmwiOiJodHRwczpcL1wvbGl0dGxlcGFuZGFzLmNoXC93cC1jb250ZW50XC91cGxvYWRzXC8yMDIzXC8wNlwvdmlkZW8uanBnIiwic2xpZGVzaG93IjoiOWIxM2ExZCJ9\">\n\t\t\t\t\t<div class=\"e-gallery-image elementor-gallery-item__image\" data-thumbnail=\"https:\/\/littlepandas.ch\/wp-content\/uploads\/2023\/06\/video-225x300.jpg\" data-width=\"225\" data-height=\"300\" aria-label=\"\" role=\"img\" ><\/div>\n\t\t\t\t\t\t\t\t\t\t\t<div class=\"elementor-gallery-item__overlay\"><\/div>\n\t\t\t\t\t\t\t\t\t\t\t\t\t\t<\/a>\n\t\t\t\t\t\t\t<a class=\"e-gallery-item elementor-gallery-item elementor-animated-content\" href=\"https:\/\/littlepandas.ch\/wp-content\/uploads\/2023\/06\/hands.jpg\" data-elementor-open-lightbox=\"yes\" data-elementor-lightbox-slideshow=\"9b13a1d\" data-elementor-lightbox-title=\"hands\" data-e-action-hash=\"#elementor-action%3Aaction%3Dlightbox%26settings%3DeyJpZCI6Nzk4LCJ1cmwiOiJodHRwczpcL1wvbGl0dGxlcGFuZGFzLmNoXC93cC1jb250ZW50XC91cGxvYWRzXC8yMDIzXC8wNlwvaGFuZHMuanBnIiwic2xpZGVzaG93IjoiOWIxM2ExZCJ9\">\n\t\t\t\t\t<div class=\"e-gallery-image elementor-gallery-item__image\" data-thumbnail=\"https:\/\/littlepandas.ch\/wp-content\/uploads\/2023\/06\/hands-300x200.jpg\" data-width=\"300\" data-height=\"200\" aria-label=\"\" role=\"img\" ><\/div>\n\t\t\t\t\t\t\t\t\t\t\t<div class=\"elementor-gallery-item__overlay\"><\/div>\n\t\t\t\t\t\t\t\t\t\t\t\t\t\t<\/a>\n\t\t\t\t\t\t\t<a class=\"e-gallery-item elementor-gallery-item elementor-animated-content\" href=\"https:\/\/littlepandas.ch\/wp-content\/uploads\/2023\/06\/girl.jpg\" data-elementor-open-lightbox=\"yes\" data-elementor-lightbox-slideshow=\"9b13a1d\" data-elementor-lightbox-title=\"girl\" data-e-action-hash=\"#elementor-action%3Aaction%3Dlightbox%26settings%3DeyJpZCI6NzU1LCJ1cmwiOiJodHRwczpcL1wvbGl0dGxlcGFuZGFzLmNoXC93cC1jb250ZW50XC91cGxvYWRzXC8yMDIzXC8wNlwvZ2lybC5qcGciLCJzbGlkZXNob3ciOiI5YjEzYTFkIn0%3D\">\n\t\t\t\t\t<div class=\"e-gallery-image elementor-gallery-item__image\" data-thumbnail=\"https:\/\/littlepandas.ch\/wp-content\/uploads\/2023\/06\/girl-300x200.jpg\" data-width=\"300\" data-height=\"200\" aria-label=\"\" role=\"img\" ><\/div>\n\t\t\t\t\t\t\t\t\t\t\t<div class=\"elementor-gallery-item__overlay\"><\/div>\n\t\t\t\t\t\t\t\t\t\t\t\t\t\t<\/a>\n\t\t\t\t\t\t\t<a class=\"e-gallery-item elementor-gallery-item elementor-animated-content\" href=\"https:\/\/littlepandas.ch\/wp-content\/uploads\/2023\/06\/ramin-talebi-u_b0jWnkgM0-unsplash_1920x1280.jpg\" data-elementor-open-lightbox=\"yes\" data-elementor-lightbox-slideshow=\"9b13a1d\" data-elementor-lightbox-title=\"ramin-talebi-u_b0jWnkgM0-unsplash_1920x1280\" data-e-action-hash=\"#elementor-action%3Aaction%3Dlightbox%26settings%3DeyJpZCI6MzQ1LCJ1cmwiOiJodHRwczpcL1wvbGl0dGxlcGFuZGFzLmNoXC93cC1jb250ZW50XC91cGxvYWRzXC8yMDIzXC8wNlwvcmFtaW4tdGFsZWJpLXVfYjBqV25rZ00wLXVuc3BsYXNoXzE5MjB4MTI4MC5qcGciLCJzbGlkZXNob3ciOiI5YjEzYTFkIn0%3D\">\n\t\t\t\t\t<div class=\"e-gallery-image elementor-gallery-item__image\" data-thumbnail=\"https:\/\/littlepandas.ch\/wp-content\/uploads\/2023\/06\/ramin-talebi-u_b0jWnkgM0-unsplash_1920x1280-300x200.jpg\" data-width=\"300\" data-height=\"200\" aria-label=\"\" role=\"img\" ><\/div>\n\t\t\t\t\t\t\t\t\t\t\t<div class=\"elementor-gallery-item__overlay\"><\/div>\n\t\t\t\t\t\t\t\t\t\t\t\t\t\t<\/a>\n\t\t\t\t\t\t\t<a class=\"e-gallery-item elementor-gallery-item elementor-animated-content\" href=\"https:\/\/littlepandas.ch\/wp-content\/uploads\/2023\/06\/markus-spiske-OO89_95aUC0-unsplash_1280x1920.jpg\" data-elementor-open-lightbox=\"yes\" data-elementor-lightbox-slideshow=\"9b13a1d\" data-elementor-lightbox-title=\"markus-spiske-OO89_95aUC0-unsplash_1280x1920\" data-e-action-hash=\"#elementor-action%3Aaction%3Dlightbox%26settings%3DeyJpZCI6MzIwLCJ1cmwiOiJodHRwczpcL1wvbGl0dGxlcGFuZGFzLmNoXC93cC1jb250ZW50XC91cGxvYWRzXC8yMDIzXC8wNlwvbWFya3VzLXNwaXNrZS1PTzg5Xzk1YVVDMC11bnNwbGFzaF8xMjgweDE5MjAuanBnIiwic2xpZGVzaG93IjoiOWIxM2ExZCJ9\">\n\t\t\t\t\t<div class=\"e-gallery-image elementor-gallery-item__image\" data-thumbnail=\"https:\/\/littlepandas.ch\/wp-content\/uploads\/2023\/06\/markus-spiske-OO89_95aUC0-unsplash_1280x1920-200x300.jpg\" data-width=\"200\" data-height=\"300\" aria-label=\"\" role=\"img\" ><\/div>\n\t\t\t\t\t\t\t\t\t\t\t<div class=\"elementor-gallery-item__overlay\"><\/div>\n\t\t\t\t\t\t\t\t\t\t\t\t\t\t<\/a>\n\t\t\t\t\t\t\t<a class=\"e-gallery-item elementor-gallery-item elementor-animated-content\" href=\"https:\/\/littlepandas.ch\/wp-content\/uploads\/2023\/06\/bernard-hermant-5zu86kyV_UY-unsplash_1920x1280-1.jpg\" data-elementor-open-lightbox=\"yes\" data-elementor-lightbox-slideshow=\"9b13a1d\" data-elementor-lightbox-title=\"bernard-hermant-5zu86kyV_UY-unsplash_1920x1280\" data-e-action-hash=\"#elementor-action%3Aaction%3Dlightbox%26settings%3DeyJpZCI6MTczLCJ1cmwiOiJodHRwczpcL1wvbGl0dGxlcGFuZGFzLmNoXC93cC1jb250ZW50XC91cGxvYWRzXC8yMDIzXC8wNlwvYmVybmFyZC1oZXJtYW50LTV6dTg2a3lWX1VZLXVuc3BsYXNoXzE5MjB4MTI4MC0xLmpwZyIsInNsaWRlc2hvdyI6IjliMTNhMWQifQ%3D%3D\">\n\t\t\t\t\t<div class=\"e-gallery-image elementor-gallery-item__image\" data-thumbnail=\"https:\/\/littlepandas.ch\/wp-content\/uploads\/2023\/06\/bernard-hermant-5zu86kyV_UY-unsplash_1920x1280-1-300x200.jpg\" data-width=\"300\" data-height=\"200\" aria-label=\"\" role=\"img\" ><\/div>\n\t\t\t\t\t\t\t\t\t\t\t<div class=\"elementor-gallery-item__overlay\"><\/div>\n\t\t\t\t\t\t\t\t\t\t\t\t\t\t<\/a>\n\t\t\t\t\t\t\t<a class=\"e-gallery-item elementor-gallery-item elementor-animated-content\" href=\"https:\/\/littlepandas.ch\/wp-content\/uploads\/2023\/06\/gabriel-tovar-CXYs-w8a4vA-unsplash_1920x1280.jpg\" data-elementor-open-lightbox=\"yes\" data-elementor-lightbox-slideshow=\"9b13a1d\" data-elementor-lightbox-title=\"gabriel-tovar-CXYs-w8a4vA-unsplash_1920x1280\" data-e-action-hash=\"#elementor-action%3Aaction%3Dlightbox%26settings%3DeyJpZCI6MzQsInVybCI6Imh0dHBzOlwvXC9saXR0bGVwYW5kYXMuY2hcL3dwLWNvbnRlbnRcL3VwbG9hZHNcLzIwMjNcLzA2XC9nYWJyaWVsLXRvdmFyLUNYWXMtdzhhNHZBLXVuc3BsYXNoXzE5MjB4MTI4MC5qcGciLCJzbGlkZXNob3ciOiI5YjEzYTFkIn0%3D\">\n\t\t\t\t\t<div class=\"e-gallery-image elementor-gallery-item__image\" data-thumbnail=\"https:\/\/littlepandas.ch\/wp-content\/uploads\/2023\/06\/gabriel-tovar-CXYs-w8a4vA-unsplash_1920x1280-300x200.jpg\" data-width=\"300\" data-height=\"200\" aria-label=\"\" role=\"img\" ><\/div>\n\t\t\t\t\t\t\t\t\t\t\t<div class=\"elementor-gallery-item__overlay\"><\/div>\n\t\t\t\t\t\t\t\t\t\t\t\t\t\t<\/a>\n\t\t\t\t\t<\/div>\n\t\t\t\t\t<\/div>\n\t\t\t\t<\/div>\n\t\t\t\t<div class=\"elementor-element elementor-element-973091a elementor-widget elementor-widget-spacer\" data-id=\"973091a\" data-element_type=\"widget\" data-e-type=\"widget\" data-widget_type=\"spacer.default\">\n\t\t\t\t<div class=\"elementor-widget-container\">\n\t\t\t\t\t\t\t<div class=\"elementor-spacer\">\n\t\t\t<div class=\"elementor-spacer-inner\"><\/div>\n\t\t<\/div>\n\t\t\t\t\t\t<\/div>\n\t\t\t\t<\/div>\n\t\t\t\t\t<\/div>\n\t\t\t\t<\/div>\n\t\t<div class=\"elementor-element elementor-element-cc8026a e-flex e-con-boxed e-con e-parent\" data-id=\"cc8026a\" data-element_type=\"container\" data-e-type=\"container\" data-settings=\"{&quot;background_background&quot;:&quot;classic&quot;}\">\n\t\t\t\t\t<div class=\"e-con-inner\">\n\t\t\t\t<div class=\"elementor-element elementor-element-92cbe64 elementor-widget elementor-widget-heading\" data-id=\"92cbe64\" data-element_type=\"widget\" data-e-type=\"widget\" data-widget_type=\"heading.default\">\n\t\t\t\t<div class=\"elementor-widget-container\">\n\t\t\t\t\t<h2 class=\"elementor-heading-title elementor-size-default\">Foire Aux Questions<\/h2>\t\t\t\t<\/div>\n\t\t\t\t<\/div>\n\t\t<div class=\"elementor-element elementor-element-567e061 e-flex e-con-boxed e-con e-child\" data-id=\"567e061\" data-element_type=\"container\" data-e-type=\"container\">\n\t\t\t\t\t<div class=\"e-con-inner\">\n\t\t\t\t<div class=\"elementor-element elementor-element-a1b776c elementor-widget elementor-widget-toggle\" data-id=\"a1b776c\" data-element_type=\"widget\" data-e-type=\"widget\" data-widget_type=\"toggle.default\">\n\t\t\t\t<div class=\"elementor-widget-container\">\n\t\t\t\t\t\t\t<div class=\"elementor-toggle\">\n\t\t\t\t\t\t\t<div class=\"elementor-toggle-item\">\n\t\t\t\t\t<div id=\"elementor-tab-title-1691\" class=\"elementor-tab-title\" data-tab=\"1\" role=\"button\" aria-controls=\"elementor-tab-content-1691\" aria-expanded=\"false\">\n\t\t\t\t\t\t\t\t\t\t\t\t<a class=\"elementor-toggle-title\" tabindex=\"0\">Qu'est-ce qu'un Cours de Motri-Gym?<\/a>\n\t\t\t\t\t<\/div>\n\n\t\t\t\t\t<div id=\"elementor-tab-content-1691\" class=\"elementor-tab-content elementor-clearfix\" data-tab=\"1\" role=\"region\" aria-labelledby=\"elementor-tab-title-1691\"><p><span style=\"font-weight: 400;\">Un <\/span><b>Cours de<\/b> <b>Motri-Gym<\/b><span style=\"font-weight: 400;\"> est un programme d&rsquo;activit\u00e9 physique con\u00e7u pour soutenir le d\u00e9veloppement des comp\u00e9tences motrices des jeunes enfants \u00e0 travers des exercices amusants et interactifs. Il se concentre sur l&rsquo;am\u00e9lioration de leur force, de leur coordination, de leur \u00e9quilibre et de leur exploration sensorielle.<\/span><\/p><\/div>\n\t\t\t\t<\/div>\n\t\t\t\t\t\t\t<div class=\"elementor-toggle-item\">\n\t\t\t\t\t<div id=\"elementor-tab-title-1692\" class=\"elementor-tab-title\" data-tab=\"2\" role=\"button\" aria-controls=\"elementor-tab-content-1692\" aria-expanded=\"false\">\n\t\t\t\t\t\t\t\t\t\t\t\t<a class=\"elementor-toggle-title\" tabindex=\"0\">Pour quels groupes d'\u00e2ge les cours sont-ils con\u00e7us?<\/a>\n\t\t\t\t\t<\/div>\n\n\t\t\t\t\t<div id=\"elementor-tab-content-1692\" class=\"elementor-tab-content elementor-clearfix\" data-tab=\"2\" role=\"region\" aria-labelledby=\"elementor-tab-title-1692\"><p><span style=\"font-weight: 400;\">Nos <\/span><b>Cours de<\/b> <b>Motri-Gym <\/b><span style=\"font-weight: 400;\">sont con\u00e7us pour les enfants \u00e2g\u00e9s de 3 mois \u00e0 6 ans. Nous avons des groupes sp\u00e9cifiques bas\u00e9s sur les \u00e9tapes de d\u00e9veloppement pour garantir des activit\u00e9s adapt\u00e9es \u00e0 chaque \u00e2ge.<\/span><\/p><\/div>\n\t\t\t\t<\/div>\n\t\t\t\t\t\t\t<div class=\"elementor-toggle-item\">\n\t\t\t\t\t<div id=\"elementor-tab-title-1693\" class=\"elementor-tab-title\" data-tab=\"3\" role=\"button\" aria-controls=\"elementor-tab-content-1693\" aria-expanded=\"false\">\n\t\t\t\t\t\t\t\t\t\t\t\t<a class=\"elementor-toggle-title\" tabindex=\"0\">Comment les cours sont-ils structur\u00e9s?<\/a>\n\t\t\t\t\t<\/div>\n\n\t\t\t\t\t<div id=\"elementor-tab-content-1693\" class=\"elementor-tab-content elementor-clearfix\" data-tab=\"3\" role=\"region\" aria-labelledby=\"elementor-tab-title-1693\"><p><span style=\"font-weight: 400;\">Les cours sont structur\u00e9s en diff\u00e9rentes \u00e9tapes de d\u00e9veloppement :<\/span><\/p><ul><li style=\"font-weight: 400;\" aria-level=\"1\"><span style=\"font-weight: 400;\">B\u00e9b\u00e9 (de 3 mois aux premiers d\u00e9placements)<\/span><\/li><li style=\"font-weight: 400;\" aria-level=\"1\"><span style=\"font-weight: 400;\">Mini (ils se d\u00e9placent en rampant, \u00e0 quatre pattes ou autre)<\/span><\/li><li style=\"font-weight: 400;\" aria-level=\"1\"><span style=\"font-weight: 400;\">Little (d\u00e8s leurs premiers pas en autonomie)<\/span><\/li><li style=\"font-weight: 400;\" aria-level=\"1\"><span style=\"font-weight: 400;\">Star (enfants qui peuvent suivre des instructions, \u00e0 partir de 2.5 ans environ)<\/span><\/li><li style=\"font-weight: 400;\" aria-level=\"1\"><span style=\"font-weight: 400;\">Master (enfants autonomes, entre 3.5 et 6 ans)<\/span><\/li><\/ul><\/div>\n\t\t\t\t<\/div>\n\t\t\t\t\t\t\t<div class=\"elementor-toggle-item\">\n\t\t\t\t\t<div id=\"elementor-tab-title-1694\" class=\"elementor-tab-title\" data-tab=\"4\" role=\"button\" aria-controls=\"elementor-tab-content-1694\" aria-expanded=\"false\">\n\t\t\t\t\t\t\t\t\t\t\t\t<a class=\"elementor-toggle-title\" tabindex=\"0\">Quels sont les avantages du Cours de Motri-Gym pour mon enfant?<\/a>\n\t\t\t\t\t<\/div>\n\n\t\t\t\t\t<div id=\"elementor-tab-content-1694\" class=\"elementor-tab-content elementor-clearfix\" data-tab=\"4\" role=\"region\" aria-labelledby=\"elementor-tab-title-1694\"><p><span style=\"font-weight: 400;\">Les avantages incluent une am\u00e9lioration des comp\u00e9tences motrices, une meilleure coordination, une augmentation de la force physique, un \u00e9quilibre accru et des comp\u00e9tences de traitement sensoriel. Cela favorise \u00e9galement l&rsquo;interaction sociale et le travail d&rsquo;\u00e9quipe.<\/span><\/p><\/div>\n\t\t\t\t<\/div>\n\t\t\t\t\t\t\t\t\t\t<script type=\"application\/ld+json\">{\"@context\":\"https:\\\/\\\/schema.org\",\"@type\":\"FAQPage\",\"mainEntity\":[{\"@type\":\"Question\",\"name\":\"Qu'est-ce qu'un Cours de Motri-Gym?\",\"acceptedAnswer\":{\"@type\":\"Answer\",\"text\":\"<p><span style=\\\"font-weight: 400;\\\">Un <\\\/span><b>Cours de<\\\/b> <b>Motri-Gym<\\\/b><span style=\\\"font-weight: 400;\\\"> est un programme d&rsquo;activit\\u00e9 physique con\\u00e7u pour soutenir le d\\u00e9veloppement des comp\\u00e9tences motrices des jeunes enfants \\u00e0 travers des exercices amusants et interactifs. Il se concentre sur l&rsquo;am\\u00e9lioration de leur force, de leur coordination, de leur \\u00e9quilibre et de leur exploration sensorielle.<\\\/span><\\\/p>\"}},{\"@type\":\"Question\",\"name\":\"Pour quels groupes d'\\u00e2ge les cours sont-ils con\\u00e7us?\",\"acceptedAnswer\":{\"@type\":\"Answer\",\"text\":\"<p><span style=\\\"font-weight: 400;\\\">Nos <\\\/span><b>Cours de<\\\/b> <b>Motri-Gym <\\\/b><span style=\\\"font-weight: 400;\\\">sont con\\u00e7us pour les enfants \\u00e2g\\u00e9s de 3 mois \\u00e0 6 ans. Nous avons des groupes sp\\u00e9cifiques bas\\u00e9s sur les \\u00e9tapes de d\\u00e9veloppement pour garantir des activit\\u00e9s adapt\\u00e9es \\u00e0 chaque \\u00e2ge.<\\\/span><\\\/p>\"}},{\"@type\":\"Question\",\"name\":\"Comment les cours sont-ils structur\\u00e9s?\",\"acceptedAnswer\":{\"@type\":\"Answer\",\"text\":\"<p><span style=\\\"font-weight: 400;\\\">Les cours sont structur\\u00e9s en diff\\u00e9rentes \\u00e9tapes de d\\u00e9veloppement :<\\\/span><\\\/p><ul><li style=\\\"font-weight: 400;\\\" aria-level=\\\"1\\\"><span style=\\\"font-weight: 400;\\\">B\\u00e9b\\u00e9 (de 3 mois aux premiers d\\u00e9placements)<\\\/span><\\\/li><li style=\\\"font-weight: 400;\\\" aria-level=\\\"1\\\"><span style=\\\"font-weight: 400;\\\">Mini (ils se d\\u00e9placent en rampant, \\u00e0 quatre pattes ou autre)<\\\/span><\\\/li><li style=\\\"font-weight: 400;\\\" aria-level=\\\"1\\\"><span style=\\\"font-weight: 400;\\\">Little (d\\u00e8s leurs premiers pas en autonomie)<\\\/span><\\\/li><li style=\\\"font-weight: 400;\\\" aria-level=\\\"1\\\"><span style=\\\"font-weight: 400;\\\">Star (enfants qui peuvent suivre des instructions, \\u00e0 partir de 2.5 ans environ)<\\\/span><\\\/li><li style=\\\"font-weight: 400;\\\" aria-level=\\\"1\\\"><span style=\\\"font-weight: 400;\\\">Master (enfants autonomes, entre 3.5 et 6 ans)<\\\/span><\\\/li><\\\/ul>\"}},{\"@type\":\"Question\",\"name\":\"Quels sont les avantages du Cours de Motri-Gym pour mon enfant?\",\"acceptedAnswer\":{\"@type\":\"Answer\",\"text\":\"<p><span style=\\\"font-weight: 400;\\\">Les avantages incluent une am\\u00e9lioration des comp\\u00e9tences motrices, une meilleure coordination, une augmentation de la force physique, un \\u00e9quilibre accru et des comp\\u00e9tences de traitement sensoriel. Cela favorise \\u00e9galement l&rsquo;interaction sociale et le travail d&rsquo;\\u00e9quipe.<\\\/span><\\\/p>\"}}]}<\/script>\n\t\t\t\t\t<\/div>\n\t\t\t\t\t\t<\/div>\n\t\t\t\t<\/div>\n\t\t\t\t\t<\/div>\n\t\t\t\t<\/div>\n\t\t\t\t\t<\/div>\n\t\t\t\t<\/div>\n\t\t\t\t<\/div>\n\t\t","protected":false},"excerpt":{"rendered":"<p>Cours dynamiques de D\u00e9veloppement Moteur pour les enfants! Bienvenue chez Little Pandas Kids Club \u00e0 Gen\u00e8ve o\u00f9 nos Cours de Motri-Gym Enfant sont constitu\u00e9s d\u2019un programme dynamique et interactif con\u00e7u pour soutenir le d\u00e9veloppement physique et les comp\u00e9tences motrices des jeunes enfants dans un environnement amusant et stimulant. Men\u00e9es par notre \u00e9quipe d&rsquo;instructeurs exp\u00e9riment\u00e9s, nos [&hellip;]<\/p>\n","protected":false},"author":1,"featured_media":1606,"parent":0,"menu_order":0,"comment_status":"closed","ping_status":"closed","template":"","meta":{"_acf_changed":false,"_seopress_robots_primary_cat":"","_seopress_titles_title":"Motri-Gym Gen\u00e8ve | Cours Motri-Gym Enfants Gen\u00e8ve","_seopress_titles_desc":"L\u2019atelier Motri-Gym est un programme d\u2019activit\u00e9 physique con\u00e7u pour am\u00e9liorer la coordination, l\u2019\u00e9quilibre et la force musculaire. Propos\u00e9 pour les groupes Mini, Little, Star et Master, ces Cours Enfants sont anim\u00e9s par des enseignants exp\u00e9riment\u00e9s. Ils int\u00e8grent des jeux ludiques et des activit\u00e9s qui stimulent le mouvement des Enfants et encouragent les d\u00e9fis. Tous les exercices sont soigneusement adapt\u00e9s \u00e0 l\u2019\u00e2ge et aux capacit\u00e9s de chaque enfant et sont \u00e9labor\u00e9s pour \u00eatre r\u00e9alis\u00e9s en toute s\u00e9curit\u00e9 en compagnie des parents dans notre Kids Club \u00e0 Gen\u00e8ve. La Baby Gym est aussi propos\u00e9e!","_seopress_robots_index":"","footnotes":""},"class_list":["post-4809","page","type-page","status-publish","has-post-thumbnail","hentry"],"acf":[],"_links":{"self":[{"href":"https:\/\/littlepandas.ch\/fr\/wp-json\/wp\/v2\/pages\/4809","targetHints":{"allow":["GET"]}}],"collection":[{"href":"https:\/\/littlepandas.ch\/fr\/wp-json\/wp\/v2\/pages"}],"about":[{"href":"https:\/\/littlepandas.ch\/fr\/wp-json\/wp\/v2\/types\/page"}],"author":[{"embeddable":true,"href":"https:\/\/littlepandas.ch\/fr\/wp-json\/wp\/v2\/users\/1"}],"replies":[{"embeddable":true,"href":"https:\/\/littlepandas.ch\/fr\/wp-json\/wp\/v2\/comments?post=4809"}],"version-history":[{"count":0,"href":"https:\/\/littlepandas.ch\/fr\/wp-json\/wp\/v2\/pages\/4809\/revisions"}],"wp:featuredmedia":[{"embeddable":true,"href":"https:\/\/littlepandas.ch\/fr\/wp-json\/wp\/v2\/media\/1606"}],"wp:attachment":[{"href":"https:\/\/littlepandas.ch\/fr\/wp-json\/wp\/v2\/media?parent=4809"}],"curies":[{"name":"wp","href":"https:\/\/api.w.org\/{rel}","templated":true}]}}