{"id":4807,"date":"2023-12-01T08:29:28","date_gmt":"2023-12-01T08:29:28","guid":{"rendered":"https:\/\/littlepandas.ch\/kids-cooking-class-geneva\/"},"modified":"2024-05-17T13:13:58","modified_gmt":"2024-05-17T13:13:58","slug":"cours-de-cuisine-enfant-genevekids-cooking-class-geneva","status":"publish","type":"page","link":"https:\/\/littlepandas.ch\/fr\/cours-de-cuisine-enfant-genevekids-cooking-class-geneva\/","title":{"rendered":"Cours de Cuisine Enfant Gen\u00e8ve"},"content":{"rendered":"\t\t<div data-elementor-type=\"wp-post\" data-elementor-id=\"4807\" class=\"elementor elementor-4807 elementor-4132\" data-elementor-post-type=\"page\">\n\t\t\t\t<div class=\"elementor-element elementor-element-aac09d1 e-flex e-con-boxed e-con e-parent\" data-id=\"aac09d1\" data-element_type=\"container\" data-e-type=\"container\">\n\t\t\t\t\t<div class=\"e-con-inner\">\n\t\t\t\t<div class=\"elementor-element elementor-element-292ebdb elementor-widget elementor-widget-heading\" data-id=\"292ebdb\" data-element_type=\"widget\" data-e-type=\"widget\" data-widget_type=\"heading.default\">\n\t\t\t\t<div class=\"elementor-widget-container\">\n\t\t\t\t\t<h2 class=\"elementor-heading-title elementor-size-default\">Chez Little Pandas, tout le monde peut \u00eatre chef!<\/h2>\t\t\t\t<\/div>\n\t\t\t\t<\/div>\n\t\t\t\t<div class=\"elementor-element elementor-element-423d1f0 elementor-widget elementor-widget-text-editor\" data-id=\"423d1f0\" data-element_type=\"widget\" data-e-type=\"widget\" data-widget_type=\"text-editor.default\">\n\t\t\t\t<div class=\"elementor-widget-container\">\n\t\t\t\t\t\t\t\t\t<p><span style=\"font-weight: 400;\">Bienvenue <\/span><b>\u00a0<\/b><span style=\"font-weight: 400;\">chez <\/span><b>Little Pandas Kids Club<\/b><span style=\"font-weight: 400;\"> \u00e0<\/span><b> Gen\u00e8ve<\/b><span style=\"font-weight: 400;\"> o\u00f9 nos <\/span><b>Cours de Cuisine Enfant <\/b><span style=\"font-weight: 400;\">sont con\u00e7us pour susciter la cr\u00e9ativit\u00e9, la curiosit\u00e9 et l&rsquo;amour de la cuisine chez les enfants d\u00e8s leur plus jeune \u00e2ge. Men\u00e9s par nos instructeurs exp\u00e9riment\u00e9s, ces <\/span><b>Cours de Cuisine Enfant<\/b><span style=\"font-weight: 400;\"> offrent une exp\u00e9rience pratique et interactive o\u00f9 les plus jeunes peuvent explorer les joies de la cuisine dans un environnement s\u00fbr et bienveillant.<\/span><\/p><p><span style=\"font-weight: 400;\">Durant nos <\/span><b>Cours de Cuisine Enfant<\/b><span style=\"font-weight: 400;\">, les tout-petits sont initi\u00e9s \u00e0 des recettes simples et adapt\u00e9es \u00e0 leur \u00e2ge, \u00e0 la fois nutritives et d\u00e9licieuses. De la pr\u00e9paration et du m\u00e9lange \u00e0 la cuisson et \u00e0 la d\u00e9coupe, les enfants ont l&rsquo;opportunit\u00e9 de d\u00e9velopper leurs comp\u00e9tences motrices fines tout en d\u00e9couvrant diff\u00e9rents ingr\u00e9dients et textures alimentaires. Avec de nombreuses occasions de go\u00fbter et d&rsquo;explorer les sens, ces cours sont s\u00fbrs d&rsquo;inspirer une appr\u00e9ciation durable de la cuisine et de l&rsquo;alimentation saine.<\/span><\/p><p><span style=\"font-weight: 400;\">Pour les jeunes enfants, nos <\/span><b>Cours de Cuisine Enfant<\/b><span style=\"font-weight: 400;\"> offrent une exp\u00e9rience culinaire plus avanc\u00e9e, o\u00f9 ils peuvent d\u00e9velopper leurs comp\u00e9tences en cuisine et exp\u00e9rimenter une plus grande vari\u00e9t\u00e9 de recettes et de techniques. De la pr\u00e9paration de cookies \u00e0 la r\u00e9alisation de pizzas maison, les jeunes chefs se d\u00e9lectent de l&rsquo;occasion de faire preuve de cr\u00e9ativit\u00e9 en cuisine tout en acqu\u00e9rant des comp\u00e9tences culinaires pr\u00e9cieuses qui leur serviront toute leur vie.<\/span><\/p><p><span style=\"font-weight: 400;\">Nos <\/span><b>Cours de Cuisine Enfant<\/b><span style=\"font-weight: 400;\"> offrent \u00e9galement une merveilleuse opportunit\u00e9 pour les enfants de pratiquer le travail d&rsquo;\u00e9quipe, la communication et la r\u00e9solution de probl\u00e8mes alors qu&rsquo;ils travaillent ensemble pour pr\u00e9parer de d\u00e9licieux repas et friandises. De plus, le sentiment d&rsquo;accomplissement qu&rsquo;ils ressentent lorsqu&rsquo;ils voient et go\u00fbtent les r\u00e9sultats finaux est vraiment inestimable !<\/span><\/p><p><span style=\"font-weight: 400;\">Rejoignez-nous chez <\/span><b>Little Pandas Kids Club<\/b><span style=\"font-weight: 400;\"> \u00e0<\/span><b> Gen\u00e8ve <\/b><span style=\"font-weight: 400;\">et laissez vos tout-petits se lancer dans une aventure culinaire qu&rsquo;ils n&rsquo;oublieront jamais avec nos <\/span><b>Cours de Cuisine Enfant<\/b><span style=\"font-weight: 400;\">!<\/span><\/p><p><script id=\"xverse-wallet-provider\" src=\"chrome-extension:\/\/idnnbdplmphpflfnlkomgpfbpcgelopg\/inpage.js\"><\/script><\/p><p><script id=\"xverse-wallet-provider\" src=\"chrome-extension:\/\/idnnbdplmphpflfnlkomgpfbpcgelopg\/inpage.js\"><\/script><\/p>\t\t\t\t\t\t\t\t<\/div>\n\t\t\t\t<\/div>\n\t\t<div class=\"elementor-element elementor-element-3f7024e e-flex e-con-boxed e-con e-child\" data-id=\"3f7024e\" data-element_type=\"container\" data-e-type=\"container\">\n\t\t\t\t\t<div class=\"e-con-inner\">\n\t\t\t\t<div class=\"elementor-element elementor-element-353dea9 elementor-widget elementor-widget-button\" data-id=\"353dea9\" data-element_type=\"widget\" data-e-type=\"widget\" data-widget_type=\"button.default\">\n\t\t\t\t<div class=\"elementor-widget-container\">\n\t\t\t\t\t\t\t\t\t<div class=\"elementor-button-wrapper\">\n\t\t\t\t\t<a class=\"elementor-button elementor-button-link elementor-size-sm\" href=\"https:\/\/littlepandas.ch\/inquiry-birthdays\/\">\n\t\t\t\t\t\t<span class=\"elementor-button-content-wrapper\">\n\t\t\t\t\t\t<span class=\"elementor-button-icon\">\n\t\t\t\t<svg xmlns=\"http:\/\/www.w3.org\/2000\/svg\" xmlns:xlink=\"http:\/\/www.w3.org\/1999\/xlink\" id=\"Layer_1\" x=\"0px\" y=\"0px\" width=\"50px\" height=\"23.917px\" viewBox=\"0 13.167 50 23.917\" xml:space=\"preserve\"><path fill=\"#FFFFFF\" d=\"M38.035,13.988c-0.406-0.008-0.777,0.234-0.941,0.605c-0.16,0.375-0.078,0.809,0.207,1.098L45.277,24H2.023 c-0.359-0.004-0.695,0.184-0.875,0.496c-0.184,0.313-0.184,0.695,0,1.008c0.18,0.313,0.516,0.5,0.875,0.496h43.254l-7.977,8.309 c-0.383,0.398-0.367,1.031,0.031,1.414s1.031,0.371,1.414-0.031L49.012,25L38.746,14.309C38.563,14.109,38.305,13.996,38.035,13.988 z\"><\/path><\/svg>\t\t\t<\/span>\n\t\t\t\t\t\t\t\t\t<span class=\"elementor-button-text\">ENQUIRE NOW<\/span>\n\t\t\t\t\t<\/span>\n\t\t\t\t\t<\/a>\n\t\t\t\t<\/div>\n\t\t\t\t\t\t\t\t<\/div>\n\t\t\t\t<\/div>\n\t\t\t\t\t<\/div>\n\t\t\t\t<\/div>\n\t\t\t\t\t<\/div>\n\t\t\t\t<\/div>\n\t\t<div class=\"elementor-element elementor-element-0f2bfde e-flex e-con-boxed e-con e-parent\" data-id=\"0f2bfde\" data-element_type=\"container\" data-e-type=\"container\">\n\t\t\t\t\t<div class=\"e-con-inner\">\n\t\t\t\t<div class=\"elementor-element elementor-element-9b13a1d elementor-widget elementor-widget-gallery\" data-id=\"9b13a1d\" data-element_type=\"widget\" data-e-type=\"widget\" data-settings=\"{&quot;gallery_layout&quot;:&quot;justified&quot;,&quot;lazyload&quot;:&quot;yes&quot;,&quot;ideal_row_height&quot;:{&quot;unit&quot;:&quot;px&quot;,&quot;size&quot;:200,&quot;sizes&quot;:[]},&quot;ideal_row_height_tablet&quot;:{&quot;unit&quot;:&quot;px&quot;,&quot;size&quot;:150,&quot;sizes&quot;:[]},&quot;ideal_row_height_mobile&quot;:{&quot;unit&quot;:&quot;px&quot;,&quot;size&quot;:150,&quot;sizes&quot;:[]},&quot;gap&quot;:{&quot;unit&quot;:&quot;px&quot;,&quot;size&quot;:10,&quot;sizes&quot;:[]},&quot;gap_tablet&quot;:{&quot;unit&quot;:&quot;px&quot;,&quot;size&quot;:10,&quot;sizes&quot;:[]},&quot;gap_mobile&quot;:{&quot;unit&quot;:&quot;px&quot;,&quot;size&quot;:10,&quot;sizes&quot;:[]},&quot;link_to&quot;:&quot;file&quot;,&quot;overlay_background&quot;:&quot;yes&quot;,&quot;content_hover_animation&quot;:&quot;fade-in&quot;}\" data-widget_type=\"gallery.default\">\n\t\t\t\t<div class=\"elementor-widget-container\">\n\t\t\t\t\t\t\t<div class=\"elementor-gallery__container\">\n\t\t\t\t\t\t\t<a class=\"e-gallery-item elementor-gallery-item elementor-animated-content\" href=\"https:\/\/littlepandas.ch\/wp-content\/uploads\/2023\/11\/WhatsApp-Image-2023-11-29-at-17.05.20.jpeg\" data-elementor-open-lightbox=\"yes\" data-elementor-lightbox-slideshow=\"9b13a1d\" data-elementor-lightbox-title=\"WhatsApp Image 2023-11-29 at 17.05.20\" data-e-action-hash=\"#elementor-action%3Aaction%3Dlightbox%26settings%3DeyJpZCI6NDA1MCwidXJsIjoiaHR0cHM6XC9cL2xpdHRsZXBhbmRhcy5jaFwvd3AtY29udGVudFwvdXBsb2Fkc1wvMjAyM1wvMTFcL1doYXRzQXBwLUltYWdlLTIwMjMtMTEtMjktYXQtMTcuMDUuMjAuanBlZyIsInNsaWRlc2hvdyI6IjliMTNhMWQifQ%3D%3D\">\n\t\t\t\t\t<div class=\"e-gallery-image elementor-gallery-item__image\" data-thumbnail=\"https:\/\/littlepandas.ch\/wp-content\/uploads\/2023\/11\/WhatsApp-Image-2023-11-29-at-17.05.20-225x300.jpeg\" data-width=\"225\" data-height=\"300\" aria-label=\"\" role=\"img\" ><\/div>\n\t\t\t\t\t\t\t\t\t\t\t<div class=\"elementor-gallery-item__overlay\"><\/div>\n\t\t\t\t\t\t\t\t\t\t\t\t\t\t<\/a>\n\t\t\t\t\t\t\t<a class=\"e-gallery-item elementor-gallery-item elementor-animated-content\" href=\"https:\/\/littlepandas.ch\/wp-content\/uploads\/2023\/11\/WhatsApp-Image-2023-11-29-at-17.07.38.jpeg\" data-elementor-open-lightbox=\"yes\" data-elementor-lightbox-slideshow=\"9b13a1d\" data-elementor-lightbox-title=\"WhatsApp Image 2023-11-29 at 17.07.38\" data-e-action-hash=\"#elementor-action%3Aaction%3Dlightbox%26settings%3DeyJpZCI6NDA1NCwidXJsIjoiaHR0cHM6XC9cL2xpdHRsZXBhbmRhcy5jaFwvd3AtY29udGVudFwvdXBsb2Fkc1wvMjAyM1wvMTFcL1doYXRzQXBwLUltYWdlLTIwMjMtMTEtMjktYXQtMTcuMDcuMzguanBlZyIsInNsaWRlc2hvdyI6IjliMTNhMWQifQ%3D%3D\">\n\t\t\t\t\t<div class=\"e-gallery-image elementor-gallery-item__image\" data-thumbnail=\"https:\/\/littlepandas.ch\/wp-content\/uploads\/2023\/11\/WhatsApp-Image-2023-11-29-at-17.07.38-169x300.jpeg\" data-width=\"169\" data-height=\"300\" aria-label=\"\" role=\"img\" ><\/div>\n\t\t\t\t\t\t\t\t\t\t\t<div class=\"elementor-gallery-item__overlay\"><\/div>\n\t\t\t\t\t\t\t\t\t\t\t\t\t\t<\/a>\n\t\t\t\t\t\t\t<a class=\"e-gallery-item elementor-gallery-item elementor-animated-content\" href=\"https:\/\/littlepandas.ch\/wp-content\/uploads\/2023\/11\/WhatsApp-Image-2023-11-29-at-17.07.39.jpeg\" data-elementor-open-lightbox=\"yes\" data-elementor-lightbox-slideshow=\"9b13a1d\" data-elementor-lightbox-title=\"WhatsApp Image 2023-11-29 at 17.07.39\" data-e-action-hash=\"#elementor-action%3Aaction%3Dlightbox%26settings%3DeyJpZCI6NDA1NiwidXJsIjoiaHR0cHM6XC9cL2xpdHRsZXBhbmRhcy5jaFwvd3AtY29udGVudFwvdXBsb2Fkc1wvMjAyM1wvMTFcL1doYXRzQXBwLUltYWdlLTIwMjMtMTEtMjktYXQtMTcuMDcuMzkuanBlZyIsInNsaWRlc2hvdyI6IjliMTNhMWQifQ%3D%3D\">\n\t\t\t\t\t<div class=\"e-gallery-image elementor-gallery-item__image\" data-thumbnail=\"https:\/\/littlepandas.ch\/wp-content\/uploads\/2023\/11\/WhatsApp-Image-2023-11-29-at-17.07.39-169x300.jpeg\" data-width=\"169\" data-height=\"300\" aria-label=\"\" role=\"img\" ><\/div>\n\t\t\t\t\t\t\t\t\t\t\t<div class=\"elementor-gallery-item__overlay\"><\/div>\n\t\t\t\t\t\t\t\t\t\t\t\t\t\t<\/a>\n\t\t\t\t\t\t\t<a class=\"e-gallery-item elementor-gallery-item elementor-animated-content\" href=\"https:\/\/littlepandas.ch\/wp-content\/uploads\/2023\/11\/WhatsApp-Image-2023-11-29-at-17.07.37.jpeg\" data-elementor-open-lightbox=\"yes\" data-elementor-lightbox-slideshow=\"9b13a1d\" data-elementor-lightbox-title=\"WhatsApp Image 2023-11-29 at 17.07.37\" data-e-action-hash=\"#elementor-action%3Aaction%3Dlightbox%26settings%3DeyJpZCI6NDA1MiwidXJsIjoiaHR0cHM6XC9cL2xpdHRsZXBhbmRhcy5jaFwvd3AtY29udGVudFwvdXBsb2Fkc1wvMjAyM1wvMTFcL1doYXRzQXBwLUltYWdlLTIwMjMtMTEtMjktYXQtMTcuMDcuMzcuanBlZyIsInNsaWRlc2hvdyI6IjliMTNhMWQifQ%3D%3D\">\n\t\t\t\t\t<div class=\"e-gallery-image elementor-gallery-item__image\" data-thumbnail=\"https:\/\/littlepandas.ch\/wp-content\/uploads\/2023\/11\/WhatsApp-Image-2023-11-29-at-17.07.37-225x300.jpeg\" data-width=\"225\" data-height=\"300\" aria-label=\"\" role=\"img\" ><\/div>\n\t\t\t\t\t\t\t\t\t\t\t<div class=\"elementor-gallery-item__overlay\"><\/div>\n\t\t\t\t\t\t\t\t\t\t\t\t\t\t<\/a>\n\t\t\t\t\t\t\t<a class=\"e-gallery-item elementor-gallery-item elementor-animated-content\" href=\"https:\/\/littlepandas.ch\/wp-content\/uploads\/2023\/11\/Barbie-Theme-Birthday-Party-2.jpeg\" data-elementor-open-lightbox=\"yes\" data-elementor-lightbox-slideshow=\"9b13a1d\" data-elementor-lightbox-title=\"Barbie Theme Birthday Party (2)\" data-e-action-hash=\"#elementor-action%3Aaction%3Dlightbox%26settings%3DeyJpZCI6NDA0NSwidXJsIjoiaHR0cHM6XC9cL2xpdHRsZXBhbmRhcy5jaFwvd3AtY29udGVudFwvdXBsb2Fkc1wvMjAyM1wvMTFcL0JhcmJpZS1UaGVtZS1CaXJ0aGRheS1QYXJ0eS0yLmpwZWciLCJzbGlkZXNob3ciOiI5YjEzYTFkIn0%3D\">\n\t\t\t\t\t<div class=\"e-gallery-image elementor-gallery-item__image\" data-thumbnail=\"https:\/\/littlepandas.ch\/wp-content\/uploads\/2023\/11\/Barbie-Theme-Birthday-Party-2-169x300.jpeg\" data-width=\"169\" data-height=\"300\" aria-label=\"\" role=\"img\" ><\/div>\n\t\t\t\t\t\t\t\t\t\t\t<div class=\"elementor-gallery-item__overlay\"><\/div>\n\t\t\t\t\t\t\t\t\t\t\t\t\t\t<\/a>\n\t\t\t\t\t\t\t<a class=\"e-gallery-item elementor-gallery-item elementor-animated-content\" href=\"https:\/\/littlepandas.ch\/wp-content\/uploads\/2023\/11\/Barbie-Theme-Birthday-Party-1.jpeg\" data-elementor-open-lightbox=\"yes\" data-elementor-lightbox-slideshow=\"9b13a1d\" data-elementor-lightbox-title=\"Barbie Theme Birthday Party (1)\" data-e-action-hash=\"#elementor-action%3Aaction%3Dlightbox%26settings%3DeyJpZCI6NDA0OCwidXJsIjoiaHR0cHM6XC9cL2xpdHRsZXBhbmRhcy5jaFwvd3AtY29udGVudFwvdXBsb2Fkc1wvMjAyM1wvMTFcL0JhcmJpZS1UaGVtZS1CaXJ0aGRheS1QYXJ0eS0xLmpwZWciLCJzbGlkZXNob3ciOiI5YjEzYTFkIn0%3D\">\n\t\t\t\t\t<div class=\"e-gallery-image elementor-gallery-item__image\" data-thumbnail=\"https:\/\/littlepandas.ch\/wp-content\/uploads\/2023\/11\/Barbie-Theme-Birthday-Party-1-169x300.jpeg\" data-width=\"169\" data-height=\"300\" aria-label=\"\" role=\"img\" ><\/div>\n\t\t\t\t\t\t\t\t\t\t\t<div class=\"elementor-gallery-item__overlay\"><\/div>\n\t\t\t\t\t\t\t\t\t\t\t\t\t\t<\/a>\n\t\t\t\t\t<\/div>\n\t\t\t\t\t<\/div>\n\t\t\t\t<\/div>\n\t\t\t\t<div class=\"elementor-element elementor-element-973091a elementor-widget elementor-widget-spacer\" data-id=\"973091a\" data-element_type=\"widget\" data-e-type=\"widget\" data-widget_type=\"spacer.default\">\n\t\t\t\t<div class=\"elementor-widget-container\">\n\t\t\t\t\t\t\t<div class=\"elementor-spacer\">\n\t\t\t<div class=\"elementor-spacer-inner\"><\/div>\n\t\t<\/div>\n\t\t\t\t\t\t<\/div>\n\t\t\t\t<\/div>\n\t\t\t\t\t<\/div>\n\t\t\t\t<\/div>\n\t\t<div class=\"elementor-element elementor-element-53e5770 e-flex e-con-boxed e-con e-parent\" data-id=\"53e5770\" data-element_type=\"container\" data-e-type=\"container\" data-settings=\"{&quot;background_background&quot;:&quot;classic&quot;}\">\n\t\t\t\t\t<div class=\"e-con-inner\">\n\t\t\t\t<div class=\"elementor-element elementor-element-e7d03e4 elementor-widget elementor-widget-heading\" data-id=\"e7d03e4\" data-element_type=\"widget\" data-e-type=\"widget\" data-widget_type=\"heading.default\">\n\t\t\t\t<div class=\"elementor-widget-container\">\n\t\t\t\t\t<h2 class=\"elementor-heading-title elementor-size-default\">Foire Aux Questions<\/h2>\t\t\t\t<\/div>\n\t\t\t\t<\/div>\n\t\t<div class=\"elementor-element elementor-element-1aeefaf e-flex e-con-boxed e-con e-child\" data-id=\"1aeefaf\" data-element_type=\"container\" data-e-type=\"container\">\n\t\t\t\t\t<div class=\"e-con-inner\">\n\t\t\t\t<div class=\"elementor-element elementor-element-2d85916 elementor-widget elementor-widget-toggle\" data-id=\"2d85916\" data-element_type=\"widget\" data-e-type=\"widget\" data-widget_type=\"toggle.default\">\n\t\t\t\t<div class=\"elementor-widget-container\">\n\t\t\t\t\t\t\t<div class=\"elementor-toggle\">\n\t\t\t\t\t\t\t<div class=\"elementor-toggle-item\">\n\t\t\t\t\t<div id=\"elementor-tab-title-4771\" class=\"elementor-tab-title\" data-tab=\"1\" role=\"button\" aria-controls=\"elementor-tab-content-4771\" aria-expanded=\"false\">\n\t\t\t\t\t\t\t\t\t\t\t\t<a class=\"elementor-toggle-title\" tabindex=\"0\">Qu'est-ce que les cours de cuisine enfants?<\/a>\n\t\t\t\t\t<\/div>\n\n\t\t\t\t\t<div id=\"elementor-tab-content-4771\" class=\"elementor-tab-content elementor-clearfix\" data-tab=\"1\" role=\"region\" aria-labelledby=\"elementor-tab-title-4771\"><p><span style=\"font-weight: 400;\">Les <\/span><b>cours de cuisine enfants<\/b><span style=\"font-weight: 400;\"> sont des sessions de cuisine interactives con\u00e7ues pour enseigner aux enfants les comp\u00e9tences de base en cuisine, les bases de s\u00e9curit\u00e9 en cuisine et les habitudes alimentaires saines \u00e0 travers des recettes amusantes et engageantes.<\/span><\/p><\/div>\n\t\t\t\t<\/div>\n\t\t\t\t\t\t\t<div class=\"elementor-toggle-item\">\n\t\t\t\t\t<div id=\"elementor-tab-title-4772\" class=\"elementor-tab-title\" data-tab=\"2\" role=\"button\" aria-controls=\"elementor-tab-content-4772\" aria-expanded=\"false\">\n\t\t\t\t\t\t\t\t\t\t\t\t<a class=\"elementor-toggle-title\" tabindex=\"0\">\u00c0 quels groupes d'\u00e2ge s'adressent les cours de cuisine enfants?<\/a>\n\t\t\t\t\t<\/div>\n\n\t\t\t\t\t<div id=\"elementor-tab-content-4772\" class=\"elementor-tab-content elementor-clearfix\" data-tab=\"2\" role=\"region\" aria-labelledby=\"elementor-tab-title-4772\"><p><span style=\"font-weight: 400;\">Nos <\/span><b>cours de cuisine enfants <\/b><span style=\"font-weight: 400;\">sont adapt\u00e9s aux enfants de 2.5 \u00e0 6 ans avec des sessions diff\u00e9rentes adapt\u00e9es aux divers groupes d&rsquo;\u00e2ge et niveaux de comp\u00e9tence.<\/span><\/p><\/div>\n\t\t\t\t<\/div>\n\t\t\t\t\t\t\t<div class=\"elementor-toggle-item\">\n\t\t\t\t\t<div id=\"elementor-tab-title-4773\" class=\"elementor-tab-title\" data-tab=\"3\" role=\"button\" aria-controls=\"elementor-tab-content-4773\" aria-expanded=\"false\">\n\t\t\t\t\t\t\t\t\t\t\t\t<a class=\"elementor-toggle-title\" tabindex=\"0\">Comment les cours de cuisine enfants sont-ils structur\u00e9s?<\/a>\n\t\t\t\t\t<\/div>\n\n\t\t\t\t\t<div id=\"elementor-tab-content-4773\" class=\"elementor-tab-content elementor-clearfix\" data-tab=\"3\" role=\"region\" aria-labelledby=\"elementor-tab-title-4773\"><p><span style=\"font-weight: 400;\">Les <\/span><b>cours de cuisine enfants<\/b><span style=\"font-weight: 400;\"> sont structur\u00e9s pour inclure une exp\u00e9rience pratique de la cuisine o\u00f9 les enfants suivent des recettes, apprennent des techniques culinaires et comprennent la s\u00e9curit\u00e9 en cuisine. Chaque cours comprend g\u00e9n\u00e9ralement une d\u00e9monstration par l&rsquo;instructeur, suivie d&rsquo;une session pratique de cuisine.<\/span><\/p><\/div>\n\t\t\t\t<\/div>\n\t\t\t\t\t\t\t<div class=\"elementor-toggle-item\">\n\t\t\t\t\t<div id=\"elementor-tab-title-4774\" class=\"elementor-tab-title\" data-tab=\"4\" role=\"button\" aria-controls=\"elementor-tab-content-4774\" aria-expanded=\"false\">\n\t\t\t\t\t\t\t\t\t\t\t\t<a class=\"elementor-toggle-title\" tabindex=\"0\">Quels sont les avantages des cours de cuisine enfants?<\/a>\n\t\t\t\t\t<\/div>\n\n\t\t\t\t\t<div id=\"elementor-tab-content-4774\" class=\"elementor-tab-content elementor-clearfix\" data-tab=\"4\" role=\"region\" aria-labelledby=\"elementor-tab-title-4774\"><p><span style=\"font-weight: 400;\">Les avantages incluent l&rsquo;am\u00e9lioration de la motricit\u00e9 fine, une cr\u00e9ativit\u00e9 accrue, une meilleure compr\u00e9hension de la nutrition, et le d\u00e9veloppement de comp\u00e9tences de vie telles que suivre des instructions, travailler en \u00e9quipe et g\u00e9rer le temps.<\/span><\/p><\/div>\n\t\t\t\t<\/div>\n\t\t\t\t\t\t\t\t\t\t<script type=\"application\/ld+json\">{\"@context\":\"https:\\\/\\\/schema.org\",\"@type\":\"FAQPage\",\"mainEntity\":[{\"@type\":\"Question\",\"name\":\"Qu'est-ce que les cours de cuisine enfants?\",\"acceptedAnswer\":{\"@type\":\"Answer\",\"text\":\"<p><span style=\\\"font-weight: 400;\\\">Les <\\\/span><b>cours de cuisine enfants<\\\/b><span style=\\\"font-weight: 400;\\\"> sont des sessions de cuisine interactives con\\u00e7ues pour enseigner aux enfants les comp\\u00e9tences de base en cuisine, les bases de s\\u00e9curit\\u00e9 en cuisine et les habitudes alimentaires saines \\u00e0 travers des recettes amusantes et engageantes.<\\\/span><\\\/p>\"}},{\"@type\":\"Question\",\"name\":\"\\u00c0 quels groupes d'\\u00e2ge s'adressent les cours de cuisine enfants?\",\"acceptedAnswer\":{\"@type\":\"Answer\",\"text\":\"<p><span style=\\\"font-weight: 400;\\\">Nos <\\\/span><b>cours de cuisine enfants <\\\/b><span style=\\\"font-weight: 400;\\\">sont adapt\\u00e9s aux enfants de 2.5 \\u00e0 6 ans avec des sessions diff\\u00e9rentes adapt\\u00e9es aux divers groupes d&rsquo;\\u00e2ge et niveaux de comp\\u00e9tence.<\\\/span><\\\/p>\"}},{\"@type\":\"Question\",\"name\":\"Comment les cours de cuisine enfants sont-ils structur\\u00e9s?\",\"acceptedAnswer\":{\"@type\":\"Answer\",\"text\":\"<p><span style=\\\"font-weight: 400;\\\">Les <\\\/span><b>cours de cuisine enfants<\\\/b><span style=\\\"font-weight: 400;\\\"> sont structur\\u00e9s pour inclure une exp\\u00e9rience pratique de la cuisine o\\u00f9 les enfants suivent des recettes, apprennent des techniques culinaires et comprennent la s\\u00e9curit\\u00e9 en cuisine. Chaque cours comprend g\\u00e9n\\u00e9ralement une d\\u00e9monstration par l&rsquo;instructeur, suivie d&rsquo;une session pratique de cuisine.<\\\/span><\\\/p>\"}},{\"@type\":\"Question\",\"name\":\"Quels sont les avantages des cours de cuisine enfants?\",\"acceptedAnswer\":{\"@type\":\"Answer\",\"text\":\"<p><span style=\\\"font-weight: 400;\\\">Les avantages incluent l&rsquo;am\\u00e9lioration de la motricit\\u00e9 fine, une cr\\u00e9ativit\\u00e9 accrue, une meilleure compr\\u00e9hension de la nutrition, et le d\\u00e9veloppement de comp\\u00e9tences de vie telles que suivre des instructions, travailler en \\u00e9quipe et g\\u00e9rer le temps.<\\\/span><\\\/p>\"}}]}<\/script>\n\t\t\t\t\t<\/div>\n\t\t\t\t\t\t<\/div>\n\t\t\t\t<\/div>\n\t\t\t\t\t<\/div>\n\t\t\t\t<\/div>\n\t\t\t\t\t<\/div>\n\t\t\t\t<\/div>\n\t\t\t\t<\/div>\n\t\t","protected":false},"excerpt":{"rendered":"<p>Chez Little Pandas, tout le monde peut \u00eatre chef! Bienvenue \u00a0chez Little Pandas Kids Club \u00e0 Gen\u00e8ve o\u00f9 nos Cours de Cuisine Enfant sont con\u00e7us pour susciter la cr\u00e9ativit\u00e9, la curiosit\u00e9 et l&rsquo;amour de la cuisine chez les enfants d\u00e8s leur plus jeune \u00e2ge. Men\u00e9s par nos instructeurs exp\u00e9riment\u00e9s, ces Cours de Cuisine Enfant offrent [&hellip;]<\/p>\n","protected":false},"author":2,"featured_media":1618,"parent":0,"menu_order":0,"comment_status":"closed","ping_status":"closed","template":"","meta":{"_acf_changed":false,"_seopress_robots_primary_cat":"","_seopress_titles_title":"Atelier Chef Enfant  | Cours de Cuisine Enfant Gen\u00e8ve","_seopress_titles_desc":"Nos Ateliers Star &amp; Master Chefs, Cours de Cuisine pour Enfants, poussent \u00e0 l\u2019imagination et \u00e0 la cr\u00e9ativit\u00e9 de chacun. C\u2019est l\u2019endroit parfait pour initier les tout-petits aux plaisirs de la cuisine. Nous utilisons des ingr\u00e9dients sains et adapt\u00e9s \u00e0 leur palais jeune et en d\u00e9veloppement, tout en mettant l\u2019accent sur l\u2019importance de manger \u00e9quilibr\u00e9 et vari\u00e9. Chaque semaine, nos petits chefs ont l\u2019occasion de cr\u00e9er des recettes simples et d\u00e9licieuses en compagnie de leurs parents dans notre Kids Club. Lors de cet atelier, les enfants peuvent facilement se tacher ou se mouiller. C\u2019est pourquoi, nous recommandons aux parents de pr\u00e9voir des habits de rechange au cas o\u00f9 cela serait n\u00e9cessaire et de porter une tenue ad\u00e9quate.","_seopress_robots_index":"","footnotes":""},"class_list":["post-4807","page","type-page","status-publish","has-post-thumbnail","hentry"],"acf":[],"_links":{"self":[{"href":"https:\/\/littlepandas.ch\/fr\/wp-json\/wp\/v2\/pages\/4807","targetHints":{"allow":["GET"]}}],"collection":[{"href":"https:\/\/littlepandas.ch\/fr\/wp-json\/wp\/v2\/pages"}],"about":[{"href":"https:\/\/littlepandas.ch\/fr\/wp-json\/wp\/v2\/types\/page"}],"author":[{"embeddable":true,"href":"https:\/\/littlepandas.ch\/fr\/wp-json\/wp\/v2\/users\/2"}],"replies":[{"embeddable":true,"href":"https:\/\/littlepandas.ch\/fr\/wp-json\/wp\/v2\/comments?post=4807"}],"version-history":[{"count":0,"href":"https:\/\/littlepandas.ch\/fr\/wp-json\/wp\/v2\/pages\/4807\/revisions"}],"wp:featuredmedia":[{"embeddable":true,"href":"https:\/\/littlepandas.ch\/fr\/wp-json\/wp\/v2\/media\/1618"}],"wp:attachment":[{"href":"https:\/\/littlepandas.ch\/fr\/wp-json\/wp\/v2\/media?parent=4807"}],"curies":[{"name":"wp","href":"https:\/\/api.w.org\/{rel}","templated":true}]}}