{"id":4587,"date":"2023-11-29T14:07:49","date_gmt":"2023-11-29T14:07:49","guid":{"rendered":"https:\/\/littlepandas.ch\/kids-yoga-geneva\/"},"modified":"2024-05-18T08:32:36","modified_gmt":"2024-05-18T08:32:36","slug":"yoga-enfants-geneve","status":"publish","type":"page","link":"https:\/\/littlepandas.ch\/fr\/yoga-enfants-geneve\/","title":{"rendered":"Yoga Enfants Gen\u00e8ve"},"content":{"rendered":"\t\t<div data-elementor-type=\"wp-post\" data-elementor-id=\"4587\" class=\"elementor elementor-4587 elementor-3992\" data-elementor-post-type=\"page\">\n\t\t\t\t<div class=\"elementor-element elementor-element-aac09d1 e-flex e-con-boxed e-con e-parent\" data-id=\"aac09d1\" data-element_type=\"container\" data-e-type=\"container\">\n\t\t\t\t\t<div class=\"e-con-inner\">\n\t\t\t\t<div class=\"elementor-element elementor-element-292ebdb elementor-widget elementor-widget-heading\" data-id=\"292ebdb\" data-element_type=\"widget\" data-e-type=\"widget\" data-widget_type=\"heading.default\">\n\t\t\t\t<div class=\"elementor-widget-container\">\n\t\t\t\t\t<h2 class=\"elementor-heading-title elementor-size-default\">Explorez le monde du yoga avec nos Cours de Yoga pour Enfants!<\/h2>\t\t\t\t<\/div>\n\t\t\t\t<\/div>\n\t\t\t\t<div class=\"elementor-element elementor-element-423d1f0 elementor-widget elementor-widget-text-editor\" data-id=\"423d1f0\" data-element_type=\"widget\" data-e-type=\"widget\" data-widget_type=\"text-editor.default\">\n\t\t\t\t<div class=\"elementor-widget-container\">\n\t\t\t\t\t\t\t\t\t<p><span style=\"font-weight: 400;\">Bienvenue dans notre monde de <\/span><b>Cours de Yoga Enfant <\/b><span style=\"font-weight: 400;\">chez\u00a0 <\/span><b>Little Pandas Kids Club<\/b><span style=\"font-weight: 400;\"> \u00e0<\/span><b> Gen\u00e8ve. <br \/><br \/><\/b><span style=\"font-weight: 400;\">Nos <\/span><b>Cours de Yoga Enfant <\/b><span style=\"font-weight: 400;\">sont<\/span> <span style=\"font-weight: 400;\">\u00a0bienveillants et\u00a0 sp\u00e9cialement con\u00e7ues pour initier les tout-petits au monde merveilleux\u00a0 du yoga de mani\u00e8re ludique et engageante. Men\u00e9es par des instructeurs exp\u00e9riment\u00e9s sp\u00e9cialis\u00e9s dans le d\u00e9veloppement de la petite enfance et le yoga, nos <\/span><b>Cours de Yoga Enfant<\/b><span style=\"font-weight: 400;\"> offrent un environnement propice o\u00f9 les b\u00e9b\u00e9s et tout-petits peuvent explorer, s&rsquo;\u00e9tirer et grandir.<br \/><br \/><\/span><span style=\"font-weight: 400;\">Durant nos <\/span><b>Cours de Yoga Enfant<\/b><span style=\"font-weight: 400;\">, vous serez guid\u00e9s \u00e0 travers une s\u00e9rie de poses de yoga douces, d&rsquo;\u00e9tirements et de mouvements qui favorisent le lien, la relaxation et le d\u00e9veloppement physique. Gr\u00e2ce \u00e0 des techniques de massage apaisantes, des exercices de respiration calmes et des \u00e9tirements doux, les b\u00e9b\u00e9s ressentent un sentiment de confort et de s\u00e9curit\u00e9 tout en renfor\u00e7ant leurs muscles et en am\u00e9liorant leur flexibilit\u00e9.<\/span><\/p><p><span style=\"font-weight: 400;\">Pour les tout-petits, nos <\/span><b>Cours de Yoga Enfant<\/b><span style=\"font-weight: 400;\"> regorgent de jeux imaginatifs, de mouvements cr\u00e9atifs et de poses de yoga amusantes inspir\u00e9es par les animaux, la nature et les histoires. \u00c0 travers des activit\u00e9s ludiques, des jeux et des chansons, ils d\u00e9veloppent l&rsquo;\u00e9quilibre, la coordination et la conscience corporelle tout en cultivant un amour pour le yoga et la pleine conscience.<\/span><\/p><p><span style=\"font-weight: 400;\">Nos <\/span><b>Cours de Yoga Enfant<\/b><span style=\"font-weight: 400;\">, propos\u00e9s pour les <\/span><b>Baby<\/b><span style=\"font-weight: 400;\">, <\/span><b>Star<\/b><span style=\"font-weight: 400;\"> &amp; <\/span><b>Master<\/b><span style=\"font-weight: 400;\">, sont une pr\u00e9cieuse occasion pour les soignants et les tout-petits de se connecter, de nouer des liens et de partager la joie du yoga ensemble. Qu&rsquo;il s&rsquo;agisse de se blottir dans une pose de chrysalide confortable ou de rire ensemble dans un rugissement de lion ludique, nos classes cr\u00e9ent des moments de connexion et de d\u00e9tente pr\u00e9cieux que les familles ch\u00e9riront pour toujours.<\/span><\/p><p><span style=\"font-weight: 400;\">Rejoignez-nous pour des <\/span><b>Cours de Yoga Enfant <\/b><span style=\"font-weight: 400;\">chez <\/span><b>Little Pandas Kids Club<\/b><span style=\"font-weight: 400;\"> \u00e0<\/span><b> Gen\u00e8ve<\/b><span style=\"font-weight: 400;\"> et embarquez dans un voyage magique de yoga, de pleine conscience et de connexion avec votre tout-petit!<\/span><\/p><p><script id=\"xverse-wallet-provider\" src=\"chrome-extension:\/\/idnnbdplmphpflfnlkomgpfbpcgelopg\/inpage.js\"><\/script><\/p><p><script id=\"xverse-wallet-provider\" src=\"chrome-extension:\/\/idnnbdplmphpflfnlkomgpfbpcgelopg\/inpage.js\"><\/script><\/p>\t\t\t\t\t\t\t\t<\/div>\n\t\t\t\t<\/div>\n\t\t<div class=\"elementor-element elementor-element-3f7024e e-flex e-con-boxed e-con e-child\" data-id=\"3f7024e\" data-element_type=\"container\" data-e-type=\"container\">\n\t\t\t\t\t<div class=\"e-con-inner\">\n\t\t\t\t<div class=\"elementor-element elementor-element-353dea9 elementor-widget elementor-widget-button\" data-id=\"353dea9\" data-element_type=\"widget\" data-e-type=\"widget\" data-widget_type=\"button.default\">\n\t\t\t\t<div class=\"elementor-widget-container\">\n\t\t\t\t\t\t\t\t\t<div class=\"elementor-button-wrapper\">\n\t\t\t\t\t<a class=\"elementor-button elementor-button-link elementor-size-sm\" href=\"https:\/\/littlepandas.ch\/fr\/book-now\/\">\n\t\t\t\t\t\t<span class=\"elementor-button-content-wrapper\">\n\t\t\t\t\t\t<span class=\"elementor-button-icon\">\n\t\t\t\t<svg xmlns=\"http:\/\/www.w3.org\/2000\/svg\" xmlns:xlink=\"http:\/\/www.w3.org\/1999\/xlink\" id=\"Layer_1\" x=\"0px\" y=\"0px\" width=\"50px\" height=\"23.917px\" viewBox=\"0 13.167 50 23.917\" xml:space=\"preserve\"><path fill=\"#FFFFFF\" d=\"M38.035,13.988c-0.406-0.008-0.777,0.234-0.941,0.605c-0.16,0.375-0.078,0.809,0.207,1.098L45.277,24H2.023 c-0.359-0.004-0.695,0.184-0.875,0.496c-0.184,0.313-0.184,0.695,0,1.008c0.18,0.313,0.516,0.5,0.875,0.496h43.254l-7.977,8.309 c-0.383,0.398-0.367,1.031,0.031,1.414s1.031,0.371,1.414-0.031L49.012,25L38.746,14.309C38.563,14.109,38.305,13.996,38.035,13.988 z\"><\/path><\/svg>\t\t\t<\/span>\n\t\t\t\t\t\t\t\t\t<span class=\"elementor-button-text\">ENQUIRE NOW<\/span>\n\t\t\t\t\t<\/span>\n\t\t\t\t\t<\/a>\n\t\t\t\t<\/div>\n\t\t\t\t\t\t\t\t<\/div>\n\t\t\t\t<\/div>\n\t\t\t\t\t<\/div>\n\t\t\t\t<\/div>\n\t\t\t\t\t<\/div>\n\t\t\t\t<\/div>\n\t\t<div class=\"elementor-element elementor-element-0f2bfde e-flex e-con-boxed e-con e-parent\" data-id=\"0f2bfde\" data-element_type=\"container\" data-e-type=\"container\">\n\t\t\t\t\t<div class=\"e-con-inner\">\n\t\t\t\t<div class=\"elementor-element elementor-element-9b13a1d elementor-widget elementor-widget-gallery\" data-id=\"9b13a1d\" data-element_type=\"widget\" data-e-type=\"widget\" data-settings=\"{&quot;gallery_layout&quot;:&quot;justified&quot;,&quot;lazyload&quot;:&quot;yes&quot;,&quot;ideal_row_height&quot;:{&quot;unit&quot;:&quot;px&quot;,&quot;size&quot;:200,&quot;sizes&quot;:[]},&quot;ideal_row_height_tablet&quot;:{&quot;unit&quot;:&quot;px&quot;,&quot;size&quot;:150,&quot;sizes&quot;:[]},&quot;ideal_row_height_mobile&quot;:{&quot;unit&quot;:&quot;px&quot;,&quot;size&quot;:150,&quot;sizes&quot;:[]},&quot;gap&quot;:{&quot;unit&quot;:&quot;px&quot;,&quot;size&quot;:10,&quot;sizes&quot;:[]},&quot;gap_tablet&quot;:{&quot;unit&quot;:&quot;px&quot;,&quot;size&quot;:10,&quot;sizes&quot;:[]},&quot;gap_mobile&quot;:{&quot;unit&quot;:&quot;px&quot;,&quot;size&quot;:10,&quot;sizes&quot;:[]},&quot;link_to&quot;:&quot;file&quot;,&quot;overlay_background&quot;:&quot;yes&quot;,&quot;content_hover_animation&quot;:&quot;fade-in&quot;}\" data-widget_type=\"gallery.default\">\n\t\t\t\t<div class=\"elementor-widget-container\">\n\t\t\t\t\t\t\t<div class=\"elementor-gallery__container\">\n\t\t\t\t\t\t\t<a class=\"e-gallery-item elementor-gallery-item elementor-animated-content\" href=\"https:\/\/littlepandas.ch\/wp-content\/uploads\/2023\/06\/video.jpg\" data-elementor-open-lightbox=\"yes\" data-elementor-lightbox-slideshow=\"9b13a1d\" data-elementor-lightbox-title=\"video\" data-e-action-hash=\"#elementor-action%3Aaction%3Dlightbox%26settings%3DeyJpZCI6ODI1LCJ1cmwiOiJodHRwczpcL1wvbGl0dGxlcGFuZGFzLmNoXC93cC1jb250ZW50XC91cGxvYWRzXC8yMDIzXC8wNlwvdmlkZW8uanBnIiwic2xpZGVzaG93IjoiOWIxM2ExZCJ9\">\n\t\t\t\t\t<div class=\"e-gallery-image elementor-gallery-item__image\" data-thumbnail=\"https:\/\/littlepandas.ch\/wp-content\/uploads\/2023\/06\/video-225x300.jpg\" data-width=\"225\" data-height=\"300\" aria-label=\"\" role=\"img\" ><\/div>\n\t\t\t\t\t\t\t\t\t\t\t<div class=\"elementor-gallery-item__overlay\"><\/div>\n\t\t\t\t\t\t\t\t\t\t\t\t\t\t<\/a>\n\t\t\t\t\t\t\t<a class=\"e-gallery-item elementor-gallery-item elementor-animated-content\" href=\"https:\/\/littlepandas.ch\/wp-content\/uploads\/2023\/06\/hands.jpg\" data-elementor-open-lightbox=\"yes\" data-elementor-lightbox-slideshow=\"9b13a1d\" data-elementor-lightbox-title=\"hands\" data-e-action-hash=\"#elementor-action%3Aaction%3Dlightbox%26settings%3DeyJpZCI6Nzk4LCJ1cmwiOiJodHRwczpcL1wvbGl0dGxlcGFuZGFzLmNoXC93cC1jb250ZW50XC91cGxvYWRzXC8yMDIzXC8wNlwvaGFuZHMuanBnIiwic2xpZGVzaG93IjoiOWIxM2ExZCJ9\">\n\t\t\t\t\t<div class=\"e-gallery-image elementor-gallery-item__image\" data-thumbnail=\"https:\/\/littlepandas.ch\/wp-content\/uploads\/2023\/06\/hands-300x200.jpg\" data-width=\"300\" data-height=\"200\" aria-label=\"\" role=\"img\" ><\/div>\n\t\t\t\t\t\t\t\t\t\t\t<div class=\"elementor-gallery-item__overlay\"><\/div>\n\t\t\t\t\t\t\t\t\t\t\t\t\t\t<\/a>\n\t\t\t\t\t\t\t<a class=\"e-gallery-item elementor-gallery-item elementor-animated-content\" href=\"https:\/\/littlepandas.ch\/wp-content\/uploads\/2023\/06\/girl.jpg\" data-elementor-open-lightbox=\"yes\" data-elementor-lightbox-slideshow=\"9b13a1d\" data-elementor-lightbox-title=\"girl\" data-e-action-hash=\"#elementor-action%3Aaction%3Dlightbox%26settings%3DeyJpZCI6NzU1LCJ1cmwiOiJodHRwczpcL1wvbGl0dGxlcGFuZGFzLmNoXC93cC1jb250ZW50XC91cGxvYWRzXC8yMDIzXC8wNlwvZ2lybC5qcGciLCJzbGlkZXNob3ciOiI5YjEzYTFkIn0%3D\">\n\t\t\t\t\t<div class=\"e-gallery-image elementor-gallery-item__image\" data-thumbnail=\"https:\/\/littlepandas.ch\/wp-content\/uploads\/2023\/06\/girl-300x200.jpg\" data-width=\"300\" data-height=\"200\" aria-label=\"\" role=\"img\" ><\/div>\n\t\t\t\t\t\t\t\t\t\t\t<div class=\"elementor-gallery-item__overlay\"><\/div>\n\t\t\t\t\t\t\t\t\t\t\t\t\t\t<\/a>\n\t\t\t\t\t\t\t<a class=\"e-gallery-item elementor-gallery-item elementor-animated-content\" href=\"https:\/\/littlepandas.ch\/wp-content\/uploads\/2023\/06\/ramin-talebi-u_b0jWnkgM0-unsplash_1920x1280.jpg\" data-elementor-open-lightbox=\"yes\" data-elementor-lightbox-slideshow=\"9b13a1d\" data-elementor-lightbox-title=\"ramin-talebi-u_b0jWnkgM0-unsplash_1920x1280\" data-e-action-hash=\"#elementor-action%3Aaction%3Dlightbox%26settings%3DeyJpZCI6MzQ1LCJ1cmwiOiJodHRwczpcL1wvbGl0dGxlcGFuZGFzLmNoXC93cC1jb250ZW50XC91cGxvYWRzXC8yMDIzXC8wNlwvcmFtaW4tdGFsZWJpLXVfYjBqV25rZ00wLXVuc3BsYXNoXzE5MjB4MTI4MC5qcGciLCJzbGlkZXNob3ciOiI5YjEzYTFkIn0%3D\">\n\t\t\t\t\t<div class=\"e-gallery-image elementor-gallery-item__image\" data-thumbnail=\"https:\/\/littlepandas.ch\/wp-content\/uploads\/2023\/06\/ramin-talebi-u_b0jWnkgM0-unsplash_1920x1280-300x200.jpg\" data-width=\"300\" data-height=\"200\" aria-label=\"\" role=\"img\" ><\/div>\n\t\t\t\t\t\t\t\t\t\t\t<div class=\"elementor-gallery-item__overlay\"><\/div>\n\t\t\t\t\t\t\t\t\t\t\t\t\t\t<\/a>\n\t\t\t\t\t\t\t<a class=\"e-gallery-item elementor-gallery-item elementor-animated-content\" href=\"https:\/\/littlepandas.ch\/wp-content\/uploads\/2023\/06\/markus-spiske-OO89_95aUC0-unsplash_1280x1920.jpg\" data-elementor-open-lightbox=\"yes\" data-elementor-lightbox-slideshow=\"9b13a1d\" data-elementor-lightbox-title=\"markus-spiske-OO89_95aUC0-unsplash_1280x1920\" data-e-action-hash=\"#elementor-action%3Aaction%3Dlightbox%26settings%3DeyJpZCI6MzIwLCJ1cmwiOiJodHRwczpcL1wvbGl0dGxlcGFuZGFzLmNoXC93cC1jb250ZW50XC91cGxvYWRzXC8yMDIzXC8wNlwvbWFya3VzLXNwaXNrZS1PTzg5Xzk1YVVDMC11bnNwbGFzaF8xMjgweDE5MjAuanBnIiwic2xpZGVzaG93IjoiOWIxM2ExZCJ9\">\n\t\t\t\t\t<div class=\"e-gallery-image elementor-gallery-item__image\" data-thumbnail=\"https:\/\/littlepandas.ch\/wp-content\/uploads\/2023\/06\/markus-spiske-OO89_95aUC0-unsplash_1280x1920-200x300.jpg\" data-width=\"200\" data-height=\"300\" aria-label=\"\" role=\"img\" ><\/div>\n\t\t\t\t\t\t\t\t\t\t\t<div class=\"elementor-gallery-item__overlay\"><\/div>\n\t\t\t\t\t\t\t\t\t\t\t\t\t\t<\/a>\n\t\t\t\t\t\t\t<a class=\"e-gallery-item elementor-gallery-item elementor-animated-content\" href=\"https:\/\/littlepandas.ch\/wp-content\/uploads\/2023\/06\/bernard-hermant-5zu86kyV_UY-unsplash_1920x1280-1.jpg\" data-elementor-open-lightbox=\"yes\" data-elementor-lightbox-slideshow=\"9b13a1d\" data-elementor-lightbox-title=\"bernard-hermant-5zu86kyV_UY-unsplash_1920x1280\" data-e-action-hash=\"#elementor-action%3Aaction%3Dlightbox%26settings%3DeyJpZCI6MTczLCJ1cmwiOiJodHRwczpcL1wvbGl0dGxlcGFuZGFzLmNoXC93cC1jb250ZW50XC91cGxvYWRzXC8yMDIzXC8wNlwvYmVybmFyZC1oZXJtYW50LTV6dTg2a3lWX1VZLXVuc3BsYXNoXzE5MjB4MTI4MC0xLmpwZyIsInNsaWRlc2hvdyI6IjliMTNhMWQifQ%3D%3D\">\n\t\t\t\t\t<div class=\"e-gallery-image elementor-gallery-item__image\" data-thumbnail=\"https:\/\/littlepandas.ch\/wp-content\/uploads\/2023\/06\/bernard-hermant-5zu86kyV_UY-unsplash_1920x1280-1-300x200.jpg\" data-width=\"300\" data-height=\"200\" aria-label=\"\" role=\"img\" ><\/div>\n\t\t\t\t\t\t\t\t\t\t\t<div class=\"elementor-gallery-item__overlay\"><\/div>\n\t\t\t\t\t\t\t\t\t\t\t\t\t\t<\/a>\n\t\t\t\t\t\t\t<a class=\"e-gallery-item elementor-gallery-item elementor-animated-content\" href=\"https:\/\/littlepandas.ch\/wp-content\/uploads\/2023\/06\/gabriel-tovar-CXYs-w8a4vA-unsplash_1920x1280.jpg\" data-elementor-open-lightbox=\"yes\" data-elementor-lightbox-slideshow=\"9b13a1d\" data-elementor-lightbox-title=\"gabriel-tovar-CXYs-w8a4vA-unsplash_1920x1280\" data-e-action-hash=\"#elementor-action%3Aaction%3Dlightbox%26settings%3DeyJpZCI6MzQsInVybCI6Imh0dHBzOlwvXC9saXR0bGVwYW5kYXMuY2hcL3dwLWNvbnRlbnRcL3VwbG9hZHNcLzIwMjNcLzA2XC9nYWJyaWVsLXRvdmFyLUNYWXMtdzhhNHZBLXVuc3BsYXNoXzE5MjB4MTI4MC5qcGciLCJzbGlkZXNob3ciOiI5YjEzYTFkIn0%3D\">\n\t\t\t\t\t<div class=\"e-gallery-image elementor-gallery-item__image\" data-thumbnail=\"https:\/\/littlepandas.ch\/wp-content\/uploads\/2023\/06\/gabriel-tovar-CXYs-w8a4vA-unsplash_1920x1280-300x200.jpg\" data-width=\"300\" data-height=\"200\" aria-label=\"\" role=\"img\" ><\/div>\n\t\t\t\t\t\t\t\t\t\t\t<div class=\"elementor-gallery-item__overlay\"><\/div>\n\t\t\t\t\t\t\t\t\t\t\t\t\t\t<\/a>\n\t\t\t\t\t<\/div>\n\t\t\t\t\t<\/div>\n\t\t\t\t<\/div>\n\t\t\t\t<div class=\"elementor-element elementor-element-973091a elementor-widget elementor-widget-spacer\" data-id=\"973091a\" data-element_type=\"widget\" data-e-type=\"widget\" data-widget_type=\"spacer.default\">\n\t\t\t\t<div class=\"elementor-widget-container\">\n\t\t\t\t\t\t\t<div class=\"elementor-spacer\">\n\t\t\t<div class=\"elementor-spacer-inner\"><\/div>\n\t\t<\/div>\n\t\t\t\t\t\t<\/div>\n\t\t\t\t<\/div>\n\t\t\t\t\t<\/div>\n\t\t\t\t<\/div>\n\t\t<div class=\"elementor-element elementor-element-53e5770 e-flex e-con-boxed e-con e-parent\" data-id=\"53e5770\" data-element_type=\"container\" data-e-type=\"container\" data-settings=\"{&quot;background_background&quot;:&quot;classic&quot;}\">\n\t\t\t\t\t<div class=\"e-con-inner\">\n\t\t\t\t<div class=\"elementor-element elementor-element-e7d03e4 elementor-widget elementor-widget-heading\" data-id=\"e7d03e4\" data-element_type=\"widget\" data-e-type=\"widget\" data-widget_type=\"heading.default\">\n\t\t\t\t<div class=\"elementor-widget-container\">\n\t\t\t\t\t<h2 class=\"elementor-heading-title elementor-size-default\">Foire Aux Questions<\/h2>\t\t\t\t<\/div>\n\t\t\t\t<\/div>\n\t\t<div class=\"elementor-element elementor-element-1aeefaf e-flex e-con-boxed e-con e-child\" data-id=\"1aeefaf\" data-element_type=\"container\" data-e-type=\"container\">\n\t\t\t\t\t<div class=\"e-con-inner\">\n\t\t\t\t<div class=\"elementor-element elementor-element-2d85916 elementor-widget elementor-widget-toggle\" data-id=\"2d85916\" data-element_type=\"widget\" data-e-type=\"widget\" data-widget_type=\"toggle.default\">\n\t\t\t\t<div class=\"elementor-widget-container\">\n\t\t\t\t\t\t\t<div class=\"elementor-toggle\">\n\t\t\t\t\t\t\t<div class=\"elementor-toggle-item\">\n\t\t\t\t\t<div id=\"elementor-tab-title-4771\" class=\"elementor-tab-title\" data-tab=\"1\" role=\"button\" aria-controls=\"elementor-tab-content-4771\" aria-expanded=\"false\">\n\t\t\t\t\t\t\t\t\t\t\t\t<a class=\"elementor-toggle-title\" tabindex=\"0\">Qu'est-ce que le Cours de Yoga Enfants?<\/a>\n\t\t\t\t\t<\/div>\n\n\t\t\t\t\t<div id=\"elementor-tab-content-4771\" class=\"elementor-tab-content elementor-clearfix\" data-tab=\"1\" role=\"region\" aria-labelledby=\"elementor-tab-title-4771\"><p><span style=\"font-weight: 400;\">Le <\/span><b>Cours de Yoga Enfants<\/b><span style=\"font-weight: 400;\"> est une forme de yoga sp\u00e9cialement con\u00e7ue pour les enfants, int\u00e9grant des \u00e9l\u00e9ments ludiques et joyeux pour les initier aux postures de yoga, aux exercices de respiration et aux techniques de relaxation.<\/span><\/p><\/div>\n\t\t\t\t<\/div>\n\t\t\t\t\t\t\t<div class=\"elementor-toggle-item\">\n\t\t\t\t\t<div id=\"elementor-tab-title-4772\" class=\"elementor-tab-title\" data-tab=\"2\" role=\"button\" aria-controls=\"elementor-tab-content-4772\" aria-expanded=\"false\">\n\t\t\t\t\t\t\t\t\t\t\t\t<a class=\"elementor-toggle-title\" tabindex=\"0\">Quels groupes d'\u00e2ge conviennent aux Cours de Yoga Enfants?<\/a>\n\t\t\t\t\t<\/div>\n\n\t\t\t\t\t<div id=\"elementor-tab-content-4772\" class=\"elementor-tab-content elementor-clearfix\" data-tab=\"2\" role=\"region\" aria-labelledby=\"elementor-tab-title-4772\"><p><span style=\"font-weight: 400;\">Ces cours convient aux enfants de 1 \u00e0 6 ans. Nous proposons diff\u00e9rents cours adapt\u00e9s \u00e0 diff\u00e9rents groupes d&rsquo;\u00e2ge et stades de d\u00e9veloppement.<\/span><\/p><\/div>\n\t\t\t\t<\/div>\n\t\t\t\t\t\t\t<div class=\"elementor-toggle-item\">\n\t\t\t\t\t<div id=\"elementor-tab-title-4773\" class=\"elementor-tab-title\" data-tab=\"3\" role=\"button\" aria-controls=\"elementor-tab-content-4773\" aria-expanded=\"false\">\n\t\t\t\t\t\t\t\t\t\t\t\t<a class=\"elementor-toggle-title\" tabindex=\"0\">Comment sont structur\u00e9s les Cours de Yoga Enfants?<\/a>\n\t\t\t\t\t<\/div>\n\n\t\t\t\t\t<div id=\"elementor-tab-content-4773\" class=\"elementor-tab-content elementor-clearfix\" data-tab=\"3\" role=\"region\" aria-labelledby=\"elementor-tab-title-4773\"><p><span style=\"font-weight: 400;\">Les cours sont structur\u00e9s pour inclure un m\u00e9lange de postures de yoga, d&rsquo;exercices de respiration, d&rsquo;activit\u00e9s de pleine conscience et de techniques de relaxation. Chaque cours est con\u00e7u pour \u00eatre adapt\u00e9 \u00e0 l&rsquo;\u00e2ge des enfants et stimulant pour eux.<\/span><\/p><\/div>\n\t\t\t\t<\/div>\n\t\t\t\t\t\t\t<div class=\"elementor-toggle-item\">\n\t\t\t\t\t<div id=\"elementor-tab-title-4774\" class=\"elementor-tab-title\" data-tab=\"4\" role=\"button\" aria-controls=\"elementor-tab-content-4774\" aria-expanded=\"false\">\n\t\t\t\t\t\t\t\t\t\t\t\t<a class=\"elementor-toggle-title\" tabindex=\"0\">Quels sont les avantages du yoga pour mon enfant?<\/a>\n\t\t\t\t\t<\/div>\n\n\t\t\t\t\t<div id=\"elementor-tab-content-4774\" class=\"elementor-tab-content elementor-clearfix\" data-tab=\"4\" role=\"region\" aria-labelledby=\"elementor-tab-title-4774\"><p><span style=\"font-weight: 400;\">Les avantages incluent une meilleure flexibilit\u00e9, force, \u00e9quilibre et coordination. Le yoga aide \u00e9galement les enfants \u00e0 d\u00e9velopper la concentration, la conscience de soi et les comp\u00e9tences en r\u00e9gulation \u00e9motionnelle. Il favorise la relaxation et le soulagement du stress et encourage un sentiment de calme et de bien-\u00eatre.<\/span><\/p><\/div>\n\t\t\t\t<\/div>\n\t\t\t\t\t\t\t\t\t\t<script type=\"application\/ld+json\">{\"@context\":\"https:\\\/\\\/schema.org\",\"@type\":\"FAQPage\",\"mainEntity\":[{\"@type\":\"Question\",\"name\":\"Qu'est-ce que le Cours de Yoga Enfants?\",\"acceptedAnswer\":{\"@type\":\"Answer\",\"text\":\"<p><span style=\\\"font-weight: 400;\\\">Le <\\\/span><b>Cours de Yoga Enfants<\\\/b><span style=\\\"font-weight: 400;\\\"> est une forme de yoga sp\\u00e9cialement con\\u00e7ue pour les enfants, int\\u00e9grant des \\u00e9l\\u00e9ments ludiques et joyeux pour les initier aux postures de yoga, aux exercices de respiration et aux techniques de relaxation.<\\\/span><\\\/p>\"}},{\"@type\":\"Question\",\"name\":\"Quels groupes d'\\u00e2ge conviennent aux Cours de Yoga Enfants?\",\"acceptedAnswer\":{\"@type\":\"Answer\",\"text\":\"<p><span style=\\\"font-weight: 400;\\\">Ces cours convient aux enfants de 1 \\u00e0 6 ans. Nous proposons diff\\u00e9rents cours adapt\\u00e9s \\u00e0 diff\\u00e9rents groupes d&rsquo;\\u00e2ge et stades de d\\u00e9veloppement.<\\\/span><\\\/p>\"}},{\"@type\":\"Question\",\"name\":\"Comment sont structur\\u00e9s les Cours de Yoga Enfants?\",\"acceptedAnswer\":{\"@type\":\"Answer\",\"text\":\"<p><span style=\\\"font-weight: 400;\\\">Les cours sont structur\\u00e9s pour inclure un m\\u00e9lange de postures de yoga, d&rsquo;exercices de respiration, d&rsquo;activit\\u00e9s de pleine conscience et de techniques de relaxation. Chaque cours est con\\u00e7u pour \\u00eatre adapt\\u00e9 \\u00e0 l&rsquo;\\u00e2ge des enfants et stimulant pour eux.<\\\/span><\\\/p>\"}},{\"@type\":\"Question\",\"name\":\"Quels sont les avantages du yoga pour mon enfant?\",\"acceptedAnswer\":{\"@type\":\"Answer\",\"text\":\"<p><span style=\\\"font-weight: 400;\\\">Les avantages incluent une meilleure flexibilit\\u00e9, force, \\u00e9quilibre et coordination. Le yoga aide \\u00e9galement les enfants \\u00e0 d\\u00e9velopper la concentration, la conscience de soi et les comp\\u00e9tences en r\\u00e9gulation \\u00e9motionnelle. Il favorise la relaxation et le soulagement du stress et encourage un sentiment de calme et de bien-\\u00eatre.<\\\/span><\\\/p>\"}}]}<\/script>\n\t\t\t\t\t<\/div>\n\t\t\t\t\t\t<\/div>\n\t\t\t\t<\/div>\n\t\t\t\t\t<\/div>\n\t\t\t\t<\/div>\n\t\t\t\t\t<\/div>\n\t\t\t\t<\/div>\n\t\t\t\t<\/div>\n\t\t","protected":false},"excerpt":{"rendered":"<p>Explorez le monde du yoga avec nos Cours de Yoga pour Enfants! Bienvenue dans notre monde de Cours de Yoga Enfant chez\u00a0 Little Pandas Kids Club \u00e0 Gen\u00e8ve. Nos Cours de Yoga Enfant sont \u00a0bienveillants et\u00a0 sp\u00e9cialement con\u00e7ues pour initier les tout-petits au monde merveilleux\u00a0 du yoga de mani\u00e8re ludique et engageante. Men\u00e9es par des [&hellip;]<\/p>\n","protected":false},"author":1,"featured_media":1594,"parent":0,"menu_order":0,"comment_status":"closed","ping_status":"closed","template":"","meta":{"_acf_changed":false,"_seopress_robots_primary_cat":"","_seopress_titles_title":"Kids Yoga Geneva","_seopress_titles_desc":"Yoga for Baby, Star &amp; Master groups, our specially designed Yoga Class in Geneva cater to the youngest participants, enabling them to develop motor skills and body awareness while enjoying a safe and engaging environment in our Kids Club.\r\n\r\nThese enriching activities foster self-confidence and a stronger parent-child relationship. The exercises are diverse, tailored to each child\u2019s age and abilities.","_seopress_robots_index":"","footnotes":""},"class_list":["post-4587","page","type-page","status-publish","has-post-thumbnail","hentry"],"acf":[],"_links":{"self":[{"href":"https:\/\/littlepandas.ch\/fr\/wp-json\/wp\/v2\/pages\/4587","targetHints":{"allow":["GET"]}}],"collection":[{"href":"https:\/\/littlepandas.ch\/fr\/wp-json\/wp\/v2\/pages"}],"about":[{"href":"https:\/\/littlepandas.ch\/fr\/wp-json\/wp\/v2\/types\/page"}],"author":[{"embeddable":true,"href":"https:\/\/littlepandas.ch\/fr\/wp-json\/wp\/v2\/users\/1"}],"replies":[{"embeddable":true,"href":"https:\/\/littlepandas.ch\/fr\/wp-json\/wp\/v2\/comments?post=4587"}],"version-history":[{"count":0,"href":"https:\/\/littlepandas.ch\/fr\/wp-json\/wp\/v2\/pages\/4587\/revisions"}],"wp:featuredmedia":[{"embeddable":true,"href":"https:\/\/littlepandas.ch\/fr\/wp-json\/wp\/v2\/media\/1594"}],"wp:attachment":[{"href":"https:\/\/littlepandas.ch\/fr\/wp-json\/wp\/v2\/media?parent=4587"}],"curies":[{"name":"wp","href":"https:\/\/api.w.org\/{rel}","templated":true}]}}