{"id":4569,"date":"2023-12-01T08:34:03","date_gmt":"2023-12-01T08:34:03","guid":{"rendered":"https:\/\/littlepandas.ch\/kids-art-class-geneva\/"},"modified":"2024-05-22T13:58:41","modified_gmt":"2024-05-22T13:58:41","slug":"cours-creatifs-enfant-geneve","status":"publish","type":"page","link":"https:\/\/littlepandas.ch\/fr\/cours-creatifs-enfant-geneve\/","title":{"rendered":"Cours Cr\u00e9atifs Enfant Gen\u00e8ve"},"content":{"rendered":"\t\t<div data-elementor-type=\"wp-post\" data-elementor-id=\"4569\" class=\"elementor elementor-4569 elementor-4136\" data-elementor-post-type=\"page\">\n\t\t\t\t<div class=\"elementor-element elementor-element-aac09d1 e-flex e-con-boxed e-con e-parent\" data-id=\"aac09d1\" data-element_type=\"container\" data-e-type=\"container\">\n\t\t\t\t\t<div class=\"e-con-inner\">\n\t\t\t\t<div class=\"elementor-element elementor-element-292ebdb elementor-widget elementor-widget-heading\" data-id=\"292ebdb\" data-element_type=\"widget\" data-e-type=\"widget\" data-widget_type=\"heading.default\">\n\t\t\t\t<div class=\"elementor-widget-container\">\n\t\t\t\t\t<h2 class=\"elementor-heading-title elementor-size-default\">Chez Little Pandas, tout le monde peut \u00eatre un artiste!<\/h2>\t\t\t\t<\/div>\n\t\t\t\t<\/div>\n\t\t\t\t<div class=\"elementor-element elementor-element-423d1f0 elementor-widget elementor-widget-text-editor\" data-id=\"423d1f0\" data-element_type=\"widget\" data-e-type=\"widget\" data-widget_type=\"text-editor.default\">\n\t\t\t\t<div class=\"elementor-widget-container\">\n\t\t\t\t\t\t\t\t\t<p><span style=\"font-weight: 400;\">Bienvenue <\/span><b>\u00a0<\/b><span style=\"font-weight: 400;\">chez <\/span><b>Little Pandas Kids Club<\/b><span style=\"font-weight: 400;\"> \u00e0<\/span><b> Gen\u00e8ve<\/b><span style=\"font-weight: 400;\"> o\u00f9 nos <\/span><b>\u00a0Cours Cr\u00e9atifs Enfant <\/b><span style=\"font-weight: 400;\">sont remplis d\u2019imagination!<\/span><\/p><p><span style=\"font-weight: 400;\">Nos<\/span><b> Cours Cr\u00e9atifs Enfant<\/b><span style=\"font-weight: 400;\"> \u00e0 Gen\u00e8ve sont con\u00e7us pour nourrir la curiosit\u00e9 et d\u2019inspirer l\u2019expression artistique de chaque enfant.<\/span><\/p><p><span style=\"font-weight: 400;\">Durant nos<\/span><b>\u00a0Cours Cr\u00e9atifs Enfant<\/b><span style=\"font-weight: 400;\">, les tout-petits sont invit\u00e9s \u00e0 explorer une vari\u00e9t\u00e9 artistiques et de mat\u00e9riaux sensoriels dans un environnement ludique et bienveillant. De la peinture au doigt aux bacs sensoriels, les tout-petits ont l&rsquo;opportunit\u00e9 de participer \u00e0 des activit\u00e9s pratiques qui stimulent leurs sens et encouragent l&rsquo;expression de soi. \u00c0 travers des jeux ouverts et une exploration guid\u00e9e, les enfants d\u00e9veloppent leurs comp\u00e9tences motrices fines, le d\u00e9veloppement du langage et les capacit\u00e9s cognitives tout en s&rsquo;amusant.<\/span><\/p><p><span style=\"font-weight: 400;\">Pour les jeunes enfants, nos <\/span><b>\u00a0Cours Cr\u00e9atifs Enfant <\/b>offrent<span style=\"font-weight: 400;\"> une approche plus structur\u00e9e de l&rsquo;expression artistique, avec des opportunit\u00e9s d&rsquo;explorer une large gamme de techniques et de styles artistiques. Du dessin et de la peinture \u00e0 la sculpture et au collage, les jeunes artistes sont encourag\u00e9s \u00e0 lib\u00e9rer leur imagination et \u00e0 cr\u00e9er des chefs-d&rsquo;\u0153uvre uniques. Avec l&rsquo;aide de nos instructeurs exp\u00e9riment\u00e9s, les enfants apprennent \u00e0 exp\u00e9rimenter avec diff\u00e9rents mat\u00e9riaux, \u00e0 d\u00e9velopper leurs comp\u00e9tences artistiques et \u00e0 gagner en confiance dans leurs capacit\u00e9s cr\u00e9atives.<\/span><\/p><p><span style=\"font-weight: 400;\">Nos <\/span><b>\u00a0Cours Cr\u00e9atifs Enfant <\/b><span style=\"font-weight: 400;\">offrent \u00e9galement une pr\u00e9cieuse opportunit\u00e9 pour les enfants de d\u00e9velopper des comp\u00e9tences de vie importantes telles que la r\u00e9solution de probl\u00e8mes, la pens\u00e9e critique et la collaboration. Qu&rsquo;ils collaborent \u00e0 un projet de groupe ou travaillent de mani\u00e8re ind\u00e9pendante sur leurs propres cr\u00e9ations, les enfants apprennent \u00e0 s&rsquo;exprimer de mani\u00e8re cr\u00e9ative et \u00e0 communiquer leurs id\u00e9es avec confiance.<\/span><\/p><p><span style=\"font-weight: 400;\">Rejoignez-nous chez <\/span><b>Little Pandas Kids Club<\/b><span style=\"font-weight: 400;\"> \u00e0<\/span><b> Gen\u00e8ve<\/b><span style=\"font-weight: 400;\"> et laissez vos tout-petits d\u00e9couvrir la joie de la cr\u00e9ativit\u00e9 lors de nos <\/span><b>Cours Cr\u00e9atifs Enfant<\/b><span style=\"font-weight: 400;\">! Qu&rsquo;ils peignent un chef-d&rsquo;\u0153uvre color\u00e9 ou construisent une sculpture \u00e0 partir de mat\u00e9riaux recycl\u00e9s, nos cours cr\u00e9atifs promettent beaucoup de plaisir, d&rsquo;apprentissage et de possibilit\u00e9s infinies d&rsquo;expression artistique.<\/span><\/p><p><script id=\"xverse-wallet-provider\" src=\"chrome-extension:\/\/idnnbdplmphpflfnlkomgpfbpcgelopg\/inpage.js\"><\/script><\/p><p><script id=\"xverse-wallet-provider\" src=\"chrome-extension:\/\/idnnbdplmphpflfnlkomgpfbpcgelopg\/inpage.js\"><\/script><\/p>\t\t\t\t\t\t\t\t<\/div>\n\t\t\t\t<\/div>\n\t\t<div class=\"elementor-element elementor-element-3f7024e e-flex e-con-boxed e-con e-child\" data-id=\"3f7024e\" data-element_type=\"container\" data-e-type=\"container\">\n\t\t\t\t\t<div class=\"e-con-inner\">\n\t\t\t\t<div class=\"elementor-element elementor-element-353dea9 elementor-widget elementor-widget-button\" data-id=\"353dea9\" data-element_type=\"widget\" data-e-type=\"widget\" data-widget_type=\"button.default\">\n\t\t\t\t<div class=\"elementor-widget-container\">\n\t\t\t\t\t\t\t\t\t<div class=\"elementor-button-wrapper\">\n\t\t\t\t\t<a class=\"elementor-button elementor-button-link elementor-size-sm\" href=\"https:\/\/littlepandas.ch\/inquiry-birthdays\/\">\n\t\t\t\t\t\t<span class=\"elementor-button-content-wrapper\">\n\t\t\t\t\t\t<span class=\"elementor-button-icon\">\n\t\t\t\t<svg xmlns=\"http:\/\/www.w3.org\/2000\/svg\" xmlns:xlink=\"http:\/\/www.w3.org\/1999\/xlink\" id=\"Layer_1\" x=\"0px\" y=\"0px\" width=\"50px\" height=\"23.917px\" viewBox=\"0 13.167 50 23.917\" xml:space=\"preserve\"><path fill=\"#FFFFFF\" d=\"M38.035,13.988c-0.406-0.008-0.777,0.234-0.941,0.605c-0.16,0.375-0.078,0.809,0.207,1.098L45.277,24H2.023 c-0.359-0.004-0.695,0.184-0.875,0.496c-0.184,0.313-0.184,0.695,0,1.008c0.18,0.313,0.516,0.5,0.875,0.496h43.254l-7.977,8.309 c-0.383,0.398-0.367,1.031,0.031,1.414s1.031,0.371,1.414-0.031L49.012,25L38.746,14.309C38.563,14.109,38.305,13.996,38.035,13.988 z\"><\/path><\/svg>\t\t\t<\/span>\n\t\t\t\t\t\t\t\t\t<span class=\"elementor-button-text\">ENQUIRE NOW<\/span>\n\t\t\t\t\t<\/span>\n\t\t\t\t\t<\/a>\n\t\t\t\t<\/div>\n\t\t\t\t\t\t\t\t<\/div>\n\t\t\t\t<\/div>\n\t\t\t\t\t<\/div>\n\t\t\t\t<\/div>\n\t\t\t\t\t<\/div>\n\t\t\t\t<\/div>\n\t\t<div class=\"elementor-element elementor-element-0f2bfde e-flex e-con-boxed e-con e-parent\" data-id=\"0f2bfde\" data-element_type=\"container\" data-e-type=\"container\">\n\t\t\t\t\t<div class=\"e-con-inner\">\n\t\t\t\t<div class=\"elementor-element elementor-element-9b13a1d elementor-widget elementor-widget-gallery\" data-id=\"9b13a1d\" data-element_type=\"widget\" data-e-type=\"widget\" data-settings=\"{&quot;gallery_layout&quot;:&quot;justified&quot;,&quot;lazyload&quot;:&quot;yes&quot;,&quot;ideal_row_height&quot;:{&quot;unit&quot;:&quot;px&quot;,&quot;size&quot;:200,&quot;sizes&quot;:[]},&quot;ideal_row_height_tablet&quot;:{&quot;unit&quot;:&quot;px&quot;,&quot;size&quot;:150,&quot;sizes&quot;:[]},&quot;ideal_row_height_mobile&quot;:{&quot;unit&quot;:&quot;px&quot;,&quot;size&quot;:150,&quot;sizes&quot;:[]},&quot;gap&quot;:{&quot;unit&quot;:&quot;px&quot;,&quot;size&quot;:10,&quot;sizes&quot;:[]},&quot;gap_tablet&quot;:{&quot;unit&quot;:&quot;px&quot;,&quot;size&quot;:10,&quot;sizes&quot;:[]},&quot;gap_mobile&quot;:{&quot;unit&quot;:&quot;px&quot;,&quot;size&quot;:10,&quot;sizes&quot;:[]},&quot;link_to&quot;:&quot;file&quot;,&quot;overlay_background&quot;:&quot;yes&quot;,&quot;content_hover_animation&quot;:&quot;fade-in&quot;}\" data-widget_type=\"gallery.default\">\n\t\t\t\t<div class=\"elementor-widget-container\">\n\t\t\t\t\t\t\t<div class=\"elementor-gallery__container\">\n\t\t\t\t\t\t\t<a class=\"e-gallery-item elementor-gallery-item elementor-animated-content\" href=\"https:\/\/littlepandas.ch\/wp-content\/uploads\/2023\/11\/WhatsApp-Image-2023-11-29-at-17.05.20.jpeg\" data-elementor-open-lightbox=\"yes\" data-elementor-lightbox-slideshow=\"9b13a1d\" data-elementor-lightbox-title=\"WhatsApp Image 2023-11-29 at 17.05.20\" data-e-action-hash=\"#elementor-action%3Aaction%3Dlightbox%26settings%3DeyJpZCI6NDA1MCwidXJsIjoiaHR0cHM6XC9cL2xpdHRsZXBhbmRhcy5jaFwvd3AtY29udGVudFwvdXBsb2Fkc1wvMjAyM1wvMTFcL1doYXRzQXBwLUltYWdlLTIwMjMtMTEtMjktYXQtMTcuMDUuMjAuanBlZyIsInNsaWRlc2hvdyI6IjliMTNhMWQifQ%3D%3D\">\n\t\t\t\t\t<div class=\"e-gallery-image elementor-gallery-item__image\" data-thumbnail=\"https:\/\/littlepandas.ch\/wp-content\/uploads\/2023\/11\/WhatsApp-Image-2023-11-29-at-17.05.20-225x300.jpeg\" data-width=\"225\" data-height=\"300\" aria-label=\"\" role=\"img\" ><\/div>\n\t\t\t\t\t\t\t\t\t\t\t<div class=\"elementor-gallery-item__overlay\"><\/div>\n\t\t\t\t\t\t\t\t\t\t\t\t\t\t<\/a>\n\t\t\t\t\t\t\t<a class=\"e-gallery-item elementor-gallery-item elementor-animated-content\" href=\"https:\/\/littlepandas.ch\/wp-content\/uploads\/2023\/11\/WhatsApp-Image-2023-11-29-at-17.07.38.jpeg\" data-elementor-open-lightbox=\"yes\" data-elementor-lightbox-slideshow=\"9b13a1d\" data-elementor-lightbox-title=\"WhatsApp Image 2023-11-29 at 17.07.38\" data-e-action-hash=\"#elementor-action%3Aaction%3Dlightbox%26settings%3DeyJpZCI6NDA1NCwidXJsIjoiaHR0cHM6XC9cL2xpdHRsZXBhbmRhcy5jaFwvd3AtY29udGVudFwvdXBsb2Fkc1wvMjAyM1wvMTFcL1doYXRzQXBwLUltYWdlLTIwMjMtMTEtMjktYXQtMTcuMDcuMzguanBlZyIsInNsaWRlc2hvdyI6IjliMTNhMWQifQ%3D%3D\">\n\t\t\t\t\t<div class=\"e-gallery-image elementor-gallery-item__image\" data-thumbnail=\"https:\/\/littlepandas.ch\/wp-content\/uploads\/2023\/11\/WhatsApp-Image-2023-11-29-at-17.07.38-169x300.jpeg\" data-width=\"169\" data-height=\"300\" aria-label=\"\" role=\"img\" ><\/div>\n\t\t\t\t\t\t\t\t\t\t\t<div class=\"elementor-gallery-item__overlay\"><\/div>\n\t\t\t\t\t\t\t\t\t\t\t\t\t\t<\/a>\n\t\t\t\t\t\t\t<a class=\"e-gallery-item elementor-gallery-item elementor-animated-content\" href=\"https:\/\/littlepandas.ch\/wp-content\/uploads\/2023\/11\/WhatsApp-Image-2023-11-29-at-17.07.39.jpeg\" data-elementor-open-lightbox=\"yes\" data-elementor-lightbox-slideshow=\"9b13a1d\" data-elementor-lightbox-title=\"WhatsApp Image 2023-11-29 at 17.07.39\" data-e-action-hash=\"#elementor-action%3Aaction%3Dlightbox%26settings%3DeyJpZCI6NDA1NiwidXJsIjoiaHR0cHM6XC9cL2xpdHRsZXBhbmRhcy5jaFwvd3AtY29udGVudFwvdXBsb2Fkc1wvMjAyM1wvMTFcL1doYXRzQXBwLUltYWdlLTIwMjMtMTEtMjktYXQtMTcuMDcuMzkuanBlZyIsInNsaWRlc2hvdyI6IjliMTNhMWQifQ%3D%3D\">\n\t\t\t\t\t<div class=\"e-gallery-image elementor-gallery-item__image\" data-thumbnail=\"https:\/\/littlepandas.ch\/wp-content\/uploads\/2023\/11\/WhatsApp-Image-2023-11-29-at-17.07.39-169x300.jpeg\" data-width=\"169\" data-height=\"300\" aria-label=\"\" role=\"img\" ><\/div>\n\t\t\t\t\t\t\t\t\t\t\t<div class=\"elementor-gallery-item__overlay\"><\/div>\n\t\t\t\t\t\t\t\t\t\t\t\t\t\t<\/a>\n\t\t\t\t\t\t\t<a class=\"e-gallery-item elementor-gallery-item elementor-animated-content\" href=\"https:\/\/littlepandas.ch\/wp-content\/uploads\/2023\/11\/WhatsApp-Image-2023-11-29-at-17.07.37.jpeg\" data-elementor-open-lightbox=\"yes\" data-elementor-lightbox-slideshow=\"9b13a1d\" data-elementor-lightbox-title=\"WhatsApp Image 2023-11-29 at 17.07.37\" data-e-action-hash=\"#elementor-action%3Aaction%3Dlightbox%26settings%3DeyJpZCI6NDA1MiwidXJsIjoiaHR0cHM6XC9cL2xpdHRsZXBhbmRhcy5jaFwvd3AtY29udGVudFwvdXBsb2Fkc1wvMjAyM1wvMTFcL1doYXRzQXBwLUltYWdlLTIwMjMtMTEtMjktYXQtMTcuMDcuMzcuanBlZyIsInNsaWRlc2hvdyI6IjliMTNhMWQifQ%3D%3D\">\n\t\t\t\t\t<div class=\"e-gallery-image elementor-gallery-item__image\" data-thumbnail=\"https:\/\/littlepandas.ch\/wp-content\/uploads\/2023\/11\/WhatsApp-Image-2023-11-29-at-17.07.37-225x300.jpeg\" data-width=\"225\" data-height=\"300\" aria-label=\"\" role=\"img\" ><\/div>\n\t\t\t\t\t\t\t\t\t\t\t<div class=\"elementor-gallery-item__overlay\"><\/div>\n\t\t\t\t\t\t\t\t\t\t\t\t\t\t<\/a>\n\t\t\t\t\t\t\t<a class=\"e-gallery-item elementor-gallery-item elementor-animated-content\" href=\"https:\/\/littlepandas.ch\/wp-content\/uploads\/2023\/11\/Barbie-Theme-Birthday-Party-2.jpeg\" data-elementor-open-lightbox=\"yes\" data-elementor-lightbox-slideshow=\"9b13a1d\" data-elementor-lightbox-title=\"Barbie Theme Birthday Party (2)\" data-e-action-hash=\"#elementor-action%3Aaction%3Dlightbox%26settings%3DeyJpZCI6NDA0NSwidXJsIjoiaHR0cHM6XC9cL2xpdHRsZXBhbmRhcy5jaFwvd3AtY29udGVudFwvdXBsb2Fkc1wvMjAyM1wvMTFcL0JhcmJpZS1UaGVtZS1CaXJ0aGRheS1QYXJ0eS0yLmpwZWciLCJzbGlkZXNob3ciOiI5YjEzYTFkIn0%3D\">\n\t\t\t\t\t<div class=\"e-gallery-image elementor-gallery-item__image\" data-thumbnail=\"https:\/\/littlepandas.ch\/wp-content\/uploads\/2023\/11\/Barbie-Theme-Birthday-Party-2-169x300.jpeg\" data-width=\"169\" data-height=\"300\" aria-label=\"\" role=\"img\" ><\/div>\n\t\t\t\t\t\t\t\t\t\t\t<div class=\"elementor-gallery-item__overlay\"><\/div>\n\t\t\t\t\t\t\t\t\t\t\t\t\t\t<\/a>\n\t\t\t\t\t\t\t<a class=\"e-gallery-item elementor-gallery-item elementor-animated-content\" href=\"https:\/\/littlepandas.ch\/wp-content\/uploads\/2023\/11\/Barbie-Theme-Birthday-Party-1.jpeg\" data-elementor-open-lightbox=\"yes\" data-elementor-lightbox-slideshow=\"9b13a1d\" data-elementor-lightbox-title=\"Barbie Theme Birthday Party (1)\" data-e-action-hash=\"#elementor-action%3Aaction%3Dlightbox%26settings%3DeyJpZCI6NDA0OCwidXJsIjoiaHR0cHM6XC9cL2xpdHRsZXBhbmRhcy5jaFwvd3AtY29udGVudFwvdXBsb2Fkc1wvMjAyM1wvMTFcL0JhcmJpZS1UaGVtZS1CaXJ0aGRheS1QYXJ0eS0xLmpwZWciLCJzbGlkZXNob3ciOiI5YjEzYTFkIn0%3D\">\n\t\t\t\t\t<div class=\"e-gallery-image elementor-gallery-item__image\" data-thumbnail=\"https:\/\/littlepandas.ch\/wp-content\/uploads\/2023\/11\/Barbie-Theme-Birthday-Party-1-169x300.jpeg\" data-width=\"169\" data-height=\"300\" aria-label=\"\" role=\"img\" ><\/div>\n\t\t\t\t\t\t\t\t\t\t\t<div class=\"elementor-gallery-item__overlay\"><\/div>\n\t\t\t\t\t\t\t\t\t\t\t\t\t\t<\/a>\n\t\t\t\t\t<\/div>\n\t\t\t\t\t<\/div>\n\t\t\t\t<\/div>\n\t\t\t\t<div class=\"elementor-element elementor-element-973091a elementor-widget elementor-widget-spacer\" data-id=\"973091a\" data-element_type=\"widget\" data-e-type=\"widget\" data-widget_type=\"spacer.default\">\n\t\t\t\t<div class=\"elementor-widget-container\">\n\t\t\t\t\t\t\t<div class=\"elementor-spacer\">\n\t\t\t<div class=\"elementor-spacer-inner\"><\/div>\n\t\t<\/div>\n\t\t\t\t\t\t<\/div>\n\t\t\t\t<\/div>\n\t\t\t\t\t<\/div>\n\t\t\t\t<\/div>\n\t\t<div class=\"elementor-element elementor-element-53e5770 e-flex e-con-boxed e-con e-parent\" data-id=\"53e5770\" data-element_type=\"container\" data-e-type=\"container\" data-settings=\"{&quot;background_background&quot;:&quot;classic&quot;}\">\n\t\t\t\t\t<div class=\"e-con-inner\">\n\t\t\t\t<div class=\"elementor-element elementor-element-e7d03e4 elementor-widget elementor-widget-heading\" data-id=\"e7d03e4\" data-element_type=\"widget\" data-e-type=\"widget\" data-widget_type=\"heading.default\">\n\t\t\t\t<div class=\"elementor-widget-container\">\n\t\t\t\t\t<h2 class=\"elementor-heading-title elementor-size-default\">Foire Aux Questions<\/h2>\t\t\t\t<\/div>\n\t\t\t\t<\/div>\n\t\t<div class=\"elementor-element elementor-element-1aeefaf e-flex e-con-boxed e-con e-child\" data-id=\"1aeefaf\" data-element_type=\"container\" data-e-type=\"container\">\n\t\t\t\t\t<div class=\"e-con-inner\">\n\t\t\t\t<div class=\"elementor-element elementor-element-2d85916 elementor-widget elementor-widget-toggle\" data-id=\"2d85916\" data-element_type=\"widget\" data-e-type=\"widget\" data-widget_type=\"toggle.default\">\n\t\t\t\t<div class=\"elementor-widget-container\">\n\t\t\t\t\t\t\t<div class=\"elementor-toggle\">\n\t\t\t\t\t\t\t<div class=\"elementor-toggle-item\">\n\t\t\t\t\t<div id=\"elementor-tab-title-4771\" class=\"elementor-tab-title\" data-tab=\"1\" role=\"button\" aria-controls=\"elementor-tab-content-4771\" aria-expanded=\"false\">\n\t\t\t\t\t\t\t\t\t\t\t\t<a class=\"elementor-toggle-title\" tabindex=\"0\">Qu'est-ce que les cours d'art pour enfants?<\/a>\n\t\t\t\t\t<\/div>\n\n\t\t\t\t\t<div id=\"elementor-tab-content-4771\" class=\"elementor-tab-content elementor-clearfix\" data-tab=\"1\" role=\"region\" aria-labelledby=\"elementor-tab-title-4771\"><p><span style=\"font-weight: 400;\">Les cours d&rsquo;art pour enfants sont des s\u00e9ances cr\u00e9atives con\u00e7ues pour initier les enfants \u00e0 diverses techniques artistiques. Ces cours encouragent l&rsquo;expression de soi, la cr\u00e9ativit\u00e9 et les comp\u00e9tences artistiques \u00e0 travers des projets amusants et engageants.<\/span><\/p><\/div>\n\t\t\t\t<\/div>\n\t\t\t\t\t\t\t<div class=\"elementor-toggle-item\">\n\t\t\t\t\t<div id=\"elementor-tab-title-4772\" class=\"elementor-tab-title\" data-tab=\"2\" role=\"button\" aria-controls=\"elementor-tab-content-4772\" aria-expanded=\"false\">\n\t\t\t\t\t\t\t\t\t\t\t\t<a class=\"elementor-toggle-title\" tabindex=\"0\">Quels groupes d'\u00e2ge sont adapt\u00e9s aux Cours Cr\u00e9atifs Enfants?<\/a>\n\t\t\t\t\t<\/div>\n\n\t\t\t\t\t<div id=\"elementor-tab-content-4772\" class=\"elementor-tab-content elementor-clearfix\" data-tab=\"2\" role=\"region\" aria-labelledby=\"elementor-tab-title-4772\"><p><span style=\"font-weight: 400;\">Nos <\/span><b>Cours Cr\u00e9atifs Enfants <\/b><span style=\"font-weight: 400;\">conviennent aux enfants \u00e2g\u00e9s de 2.5 \u00e0 6 ans. Nous proposons diff\u00e9rentes sessions adapt\u00e9es aux stades de d\u00e9veloppement et aux niveaux de comp\u00e9tence des jeunes enfants.<\/span><\/p><\/div>\n\t\t\t\t<\/div>\n\t\t\t\t\t\t\t<div class=\"elementor-toggle-item\">\n\t\t\t\t\t<div id=\"elementor-tab-title-4773\" class=\"elementor-tab-title\" data-tab=\"3\" role=\"button\" aria-controls=\"elementor-tab-content-4773\" aria-expanded=\"false\">\n\t\t\t\t\t\t\t\t\t\t\t\t<a class=\"elementor-toggle-title\" tabindex=\"0\">Comment les Cours Cr\u00e9atifs Enfants sont-ils structur\u00e9s?<\/a>\n\t\t\t\t\t<\/div>\n\n\t\t\t\t\t<div id=\"elementor-tab-content-4773\" class=\"elementor-tab-content elementor-clearfix\" data-tab=\"3\" role=\"region\" aria-labelledby=\"elementor-tab-title-4773\"><p><span style=\"font-weight: 400;\">Les cours sont structur\u00e9s pour inclure une vari\u00e9t\u00e9 d&rsquo;activit\u00e9s artistiques telles que le dessin, la peinture, la sculpture et la cr\u00e9ation de collages. Chaque cours commence g\u00e9n\u00e9ralement par une d\u00e9monstration de l&rsquo;instructeur, suivie d&rsquo;un temps de cr\u00e9ation pratique o\u00f9 les enfants peuvent explorer et cr\u00e9er leurs propres \u0153uvres d&rsquo;art.<\/span><\/p><\/div>\n\t\t\t\t<\/div>\n\t\t\t\t\t\t\t<div class=\"elementor-toggle-item\">\n\t\t\t\t\t<div id=\"elementor-tab-title-4774\" class=\"elementor-tab-title\" data-tab=\"4\" role=\"button\" aria-controls=\"elementor-tab-content-4774\" aria-expanded=\"false\">\n\t\t\t\t\t\t\t\t\t\t\t\t<a class=\"elementor-toggle-title\" tabindex=\"0\">Quels sont les avantages des Cours Cr\u00e9atifs Enfants pour mon enfant?<\/a>\n\t\t\t\t\t<\/div>\n\n\t\t\t\t\t<div id=\"elementor-tab-content-4774\" class=\"elementor-tab-content elementor-clearfix\" data-tab=\"4\" role=\"region\" aria-labelledby=\"elementor-tab-title-4774\"><p><span style=\"font-weight: 400;\">Les avantages incluent une cr\u00e9ativit\u00e9 accrue, une am\u00e9lioration des comp\u00e9tences motrices fines, une meilleure coordination main-\u0153il et le d\u00e9veloppement de comp\u00e9tences en r\u00e9solution de probl\u00e8mes et en pens\u00e9e critique. Les cours d&rsquo;art favorisent \u00e9galement l&rsquo;expression \u00e9motionnelle et la confiance en soi chez les jeunes enfants.<\/span><\/p><\/div>\n\t\t\t\t<\/div>\n\t\t\t\t\t\t\t\t\t\t<script type=\"application\/ld+json\">{\"@context\":\"https:\\\/\\\/schema.org\",\"@type\":\"FAQPage\",\"mainEntity\":[{\"@type\":\"Question\",\"name\":\"Qu'est-ce que les cours d'art pour enfants?\",\"acceptedAnswer\":{\"@type\":\"Answer\",\"text\":\"<p><span style=\\\"font-weight: 400;\\\">Les cours d&rsquo;art pour enfants sont des s\\u00e9ances cr\\u00e9atives con\\u00e7ues pour initier les enfants \\u00e0 diverses techniques artistiques. Ces cours encouragent l&rsquo;expression de soi, la cr\\u00e9ativit\\u00e9 et les comp\\u00e9tences artistiques \\u00e0 travers des projets amusants et engageants.<\\\/span><\\\/p>\"}},{\"@type\":\"Question\",\"name\":\"Quels groupes d'\\u00e2ge sont adapt\\u00e9s aux Cours Cr\\u00e9atifs Enfants?\",\"acceptedAnswer\":{\"@type\":\"Answer\",\"text\":\"<p><span style=\\\"font-weight: 400;\\\">Nos <\\\/span><b>Cours Cr\\u00e9atifs Enfants <\\\/b><span style=\\\"font-weight: 400;\\\">conviennent aux enfants \\u00e2g\\u00e9s de 2.5 \\u00e0 6 ans. Nous proposons diff\\u00e9rentes sessions adapt\\u00e9es aux stades de d\\u00e9veloppement et aux niveaux de comp\\u00e9tence des jeunes enfants.<\\\/span><\\\/p>\"}},{\"@type\":\"Question\",\"name\":\"Comment les Cours Cr\\u00e9atifs Enfants sont-ils structur\\u00e9s?\",\"acceptedAnswer\":{\"@type\":\"Answer\",\"text\":\"<p><span style=\\\"font-weight: 400;\\\">Les cours sont structur\\u00e9s pour inclure une vari\\u00e9t\\u00e9 d&rsquo;activit\\u00e9s artistiques telles que le dessin, la peinture, la sculpture et la cr\\u00e9ation de collages. Chaque cours commence g\\u00e9n\\u00e9ralement par une d\\u00e9monstration de l&rsquo;instructeur, suivie d&rsquo;un temps de cr\\u00e9ation pratique o\\u00f9 les enfants peuvent explorer et cr\\u00e9er leurs propres \\u0153uvres d&rsquo;art.<\\\/span><\\\/p>\"}},{\"@type\":\"Question\",\"name\":\"Quels sont les avantages des Cours Cr\\u00e9atifs Enfants pour mon enfant?\",\"acceptedAnswer\":{\"@type\":\"Answer\",\"text\":\"<p><span style=\\\"font-weight: 400;\\\">Les avantages incluent une cr\\u00e9ativit\\u00e9 accrue, une am\\u00e9lioration des comp\\u00e9tences motrices fines, une meilleure coordination main-\\u0153il et le d\\u00e9veloppement de comp\\u00e9tences en r\\u00e9solution de probl\\u00e8mes et en pens\\u00e9e critique. Les cours d&rsquo;art favorisent \\u00e9galement l&rsquo;expression \\u00e9motionnelle et la confiance en soi chez les jeunes enfants.<\\\/span><\\\/p>\"}}]}<\/script>\n\t\t\t\t\t<\/div>\n\t\t\t\t\t\t<\/div>\n\t\t\t\t<\/div>\n\t\t\t\t\t<\/div>\n\t\t\t\t<\/div>\n\t\t\t\t\t<\/div>\n\t\t\t\t<\/div>\n\t\t\t\t<\/div>\n\t\t","protected":false},"excerpt":{"rendered":"<p>Chez Little Pandas, tout le monde peut \u00eatre un artiste! Bienvenue \u00a0chez Little Pandas Kids Club \u00e0 Gen\u00e8ve o\u00f9 nos \u00a0Cours Cr\u00e9atifs Enfant sont remplis d\u2019imagination! Nos Cours Cr\u00e9atifs Enfant \u00e0 Gen\u00e8ve sont con\u00e7us pour nourrir la curiosit\u00e9 et d\u2019inspirer l\u2019expression artistique de chaque enfant. Durant nos\u00a0Cours Cr\u00e9atifs Enfant, les tout-petits sont invit\u00e9s \u00e0 explorer [&hellip;]<\/p>\n","protected":false},"author":2,"featured_media":1630,"parent":0,"menu_order":0,"comment_status":"closed","ping_status":"closed","template":"","meta":{"_acf_changed":false,"_seopress_robots_primary_cat":"","_seopress_titles_title":"Cours Cr\u00e9atifs Enfants Gen\u00e8ve | Cours Cr\u00e9atifs Enfants ","_seopress_titles_desc":"Chaque enfant poss\u00e8de son propre talent artistique. L\u2019art permet de s\u2019exprimer, d\u2019\u00e9voluer, de d\u00e9couvrir et d\u2019\u00eatre cr\u00e9atif. Peindre, colorier, dessiner, construire, lors de ces Ateliers, votre Enfant explorera son talent artistique quel qu\u2019il soit. Nos Ateliers Cr\u00e9atifs pour Enfants sont propos\u00e9s aux groupes Star &amp; Master et offrent un environnement bienveillant aux petits pour explorer leur cr\u00e9ativit\u00e9, d\u00e9velopper leurs capacit\u00e9s motrices, am\u00e9liorer leur concentration et les encourager \u00e0 prendre confiance. Dans notre Kids Club \u00e0 Gen\u00e8ve, nous visons \u00e0 maintenir les r\u00eaves des enfants en vie tout en encourageant leur d\u00e9couverte et leur expression de soi continue.\r\n","_seopress_robots_index":"","footnotes":""},"class_list":["post-4569","page","type-page","status-publish","has-post-thumbnail","hentry"],"acf":[],"_links":{"self":[{"href":"https:\/\/littlepandas.ch\/fr\/wp-json\/wp\/v2\/pages\/4569","targetHints":{"allow":["GET"]}}],"collection":[{"href":"https:\/\/littlepandas.ch\/fr\/wp-json\/wp\/v2\/pages"}],"about":[{"href":"https:\/\/littlepandas.ch\/fr\/wp-json\/wp\/v2\/types\/page"}],"author":[{"embeddable":true,"href":"https:\/\/littlepandas.ch\/fr\/wp-json\/wp\/v2\/users\/2"}],"replies":[{"embeddable":true,"href":"https:\/\/littlepandas.ch\/fr\/wp-json\/wp\/v2\/comments?post=4569"}],"version-history":[{"count":0,"href":"https:\/\/littlepandas.ch\/fr\/wp-json\/wp\/v2\/pages\/4569\/revisions"}],"wp:featuredmedia":[{"embeddable":true,"href":"https:\/\/littlepandas.ch\/fr\/wp-json\/wp\/v2\/media\/1630"}],"wp:attachment":[{"href":"https:\/\/littlepandas.ch\/fr\/wp-json\/wp\/v2\/media?parent=4569"}],"curies":[{"name":"wp","href":"https:\/\/api.w.org\/{rel}","templated":true}]}}