{"id":4387,"date":"2023-12-01T08:43:50","date_gmt":"2023-12-01T08:43:50","guid":{"rendered":"https:\/\/littlepandas.ch\/baby-massage-geneva\/"},"modified":"2024-05-18T09:15:20","modified_gmt":"2024-05-18T09:15:20","slug":"massage-bebe-geneve","status":"publish","type":"page","link":"https:\/\/littlepandas.ch\/fr\/massage-bebe-geneve\/","title":{"rendered":"Massage B\u00e9b\u00e9 Gen\u00e8ve"},"content":{"rendered":"\t\t<div data-elementor-type=\"wp-post\" data-elementor-id=\"4387\" class=\"elementor elementor-4387 elementor-4156\" data-elementor-post-type=\"page\">\n\t\t\t\t<div class=\"elementor-element elementor-element-aac09d1 e-flex e-con-boxed e-con e-parent\" data-id=\"aac09d1\" data-element_type=\"container\" data-e-type=\"container\">\n\t\t\t\t\t<div class=\"e-con-inner\">\n\t\t\t\t<div class=\"elementor-element elementor-element-292ebdb elementor-widget elementor-widget-heading\" data-id=\"292ebdb\" data-element_type=\"widget\" data-e-type=\"widget\" data-widget_type=\"heading.default\">\n\t\t\t\t<div class=\"elementor-widget-container\">\n\t\t\t\t\t<h2 class=\"elementor-heading-title elementor-size-default\">D\u00e9couvrez les bienfaits du massage pour b\u00e9b\u00e9 \u00e0 Gen\u00e8ve avec nos s\u00e9ances sp\u00e9cialis\u00e9es!<\/h2>\t\t\t\t<\/div>\n\t\t\t\t<\/div>\n\t\t\t\t<div class=\"elementor-element elementor-element-423d1f0 elementor-widget elementor-widget-text-editor\" data-id=\"423d1f0\" data-element_type=\"widget\" data-e-type=\"widget\" data-widget_type=\"text-editor.default\">\n\t\t\t\t<div class=\"elementor-widget-container\">\n\t\t\t\t\t\t\t\t\t<p><span style=\"font-weight: 400;\">Chez <\/span><b>Little Pandas Kids Club<\/b><span style=\"font-weight: 400;\"> \u00e0 <\/span><b>Gen\u00e8ve<\/b><span style=\"font-weight: 400;\">, nous vous invitons \u00e0 d\u00e9couvrir l&rsquo;art doux du <\/span><b>Massage B\u00e9b\u00e9 <\/b><span style=\"font-weight: 400;\">au c\u0153ur de la ville. Nos s\u00e9ances de <\/span><b>Massage B\u00e9b\u00e9 <\/b><span style=\"font-weight: 400;\">\u00a0offrent un environnement nourrissant et intime o\u00f9 les parents et leurs tout-petits peuvent se connecter \u00e0 un niveau plus profond tout en favorisant la d\u00e9tente, le bien-\u00eatre et le d\u00e9veloppement sain.<\/span><\/p><p><span style=\"font-weight: 400;\">Dirig\u00e9es par des instructeurs exp\u00e9riment\u00e9s sp\u00e9cialis\u00e9s dans les techniques de <\/span><b>Massage B\u00e9b\u00e9<\/b><span style=\"font-weight: 400;\">, nos s\u00e9ances sont soigneusement con\u00e7ues pour offrir une exp\u00e9rience apaisante et agr\u00e9able aussi bien pour les b\u00e9b\u00e9s que pour les parents. \u00c0 travers des touches douces et des caresses affectueuses, les parents apprennent \u00e0 communiquer avec leur b\u00e9b\u00e9 \u00e0 travers le langage du toucher, renfor\u00e7ant ainsi leur lien et favorisant un sentiment de s\u00e9curit\u00e9 et de confiance.<\/span><\/p><p><span style=\"font-weight: 400;\">Le <\/span><b>Massage B\u00e9b\u00e9<\/b><span style=\"font-weight: 400;\"> a d\u00e9montr\u00e9 de nombreux bienfaits aussi bien pour les b\u00e9b\u00e9s que pour les parents. Pour les b\u00e9b\u00e9s, il peut aider \u00e0 am\u00e9liorer les habitudes de sommeil, \u00e0 r\u00e9duire l&rsquo;agitation et les coliques, et \u00e0 favoriser une prise de poids saine. Il stimule \u00e9galement la lib\u00e9ration d&rsquo;hormones du bien-\u00eatre telles que l&rsquo;ocytocine, favorisant ainsi un sentiment de calme et de d\u00e9tente.<\/span><\/p><p><span style=\"font-weight: 400;\">Pour les parents, le <\/span><b>Massage B\u00e9b\u00e9<\/b><span style=\"font-weight: 400;\"> offre une pr\u00e9cieuse opportunit\u00e9 de se connecter avec leur tout-petit de mani\u00e8re significative, renfor\u00e7ant ainsi le lien parent-enfant et favorisant une relation positive. Il offre \u00e9galement un moment de r\u00e9pit face aux stress de la vie quotidienne, permettant aux parents de se d\u00e9tendre et de se connecter avec leur b\u00e9b\u00e9 dans un environnement paisible et nourrissant.<\/span><\/p><p><span style=\"font-weight: 400;\">Que vous soyez parent pour la premi\u00e8re fois ou que vous ayez de l&rsquo;exp\u00e9rience, nos s\u00e9ances de <\/span><b>Massage B\u00e9b\u00e9<\/b><span style=\"font-weight: 400;\"> offrent une pr\u00e9cieuse opportunit\u00e9 de cr\u00e9er des liens avec votre b\u00e9b\u00e9 et de vous connecter avec d&rsquo;autres parents dans une atmosph\u00e8re de soutien et de bienveillance.<\/span><\/p><p><span style=\"font-weight: 400;\">Rejoignez-nous chez <\/span><b>Little Pandas Kids Club<\/b><span style=\"font-weight: 400;\"> \u00e0<\/span><b> Gen\u00e8ve<\/b><span style=\"font-weight: 400;\"> et d\u00e9couvrez la joie et les bienfaits du <\/span><b>Massage B\u00e9b\u00e9<\/b><span style=\"font-weight: 400;\">!<\/span><\/p><p><script id=\"xverse-wallet-provider\" src=\"chrome-extension:\/\/idnnbdplmphpflfnlkomgpfbpcgelopg\/inpage.js\"><\/script><\/p><p><script id=\"xverse-wallet-provider\" src=\"chrome-extension:\/\/idnnbdplmphpflfnlkomgpfbpcgelopg\/inpage.js\"><\/script><\/p>\t\t\t\t\t\t\t\t<\/div>\n\t\t\t\t<\/div>\n\t\t<div class=\"elementor-element elementor-element-3f7024e e-flex e-con-boxed e-con e-child\" data-id=\"3f7024e\" data-element_type=\"container\" data-e-type=\"container\">\n\t\t\t\t\t<div class=\"e-con-inner\">\n\t\t\t\t<div class=\"elementor-element elementor-element-353dea9 elementor-widget elementor-widget-button\" data-id=\"353dea9\" data-element_type=\"widget\" data-e-type=\"widget\" data-widget_type=\"button.default\">\n\t\t\t\t<div class=\"elementor-widget-container\">\n\t\t\t\t\t\t\t\t\t<div class=\"elementor-button-wrapper\">\n\t\t\t\t\t<a class=\"elementor-button elementor-button-link elementor-size-sm\" href=\"https:\/\/littlepandas.ch\/inquiry-birthdays\/\">\n\t\t\t\t\t\t<span class=\"elementor-button-content-wrapper\">\n\t\t\t\t\t\t<span class=\"elementor-button-icon\">\n\t\t\t\t<svg xmlns=\"http:\/\/www.w3.org\/2000\/svg\" xmlns:xlink=\"http:\/\/www.w3.org\/1999\/xlink\" id=\"Layer_1\" x=\"0px\" y=\"0px\" width=\"50px\" height=\"23.917px\" viewBox=\"0 13.167 50 23.917\" xml:space=\"preserve\"><path fill=\"#FFFFFF\" d=\"M38.035,13.988c-0.406-0.008-0.777,0.234-0.941,0.605c-0.16,0.375-0.078,0.809,0.207,1.098L45.277,24H2.023 c-0.359-0.004-0.695,0.184-0.875,0.496c-0.184,0.313-0.184,0.695,0,1.008c0.18,0.313,0.516,0.5,0.875,0.496h43.254l-7.977,8.309 c-0.383,0.398-0.367,1.031,0.031,1.414s1.031,0.371,1.414-0.031L49.012,25L38.746,14.309C38.563,14.109,38.305,13.996,38.035,13.988 z\"><\/path><\/svg>\t\t\t<\/span>\n\t\t\t\t\t\t\t\t\t<span class=\"elementor-button-text\">ENQUIRE NOW<\/span>\n\t\t\t\t\t<\/span>\n\t\t\t\t\t<\/a>\n\t\t\t\t<\/div>\n\t\t\t\t\t\t\t\t<\/div>\n\t\t\t\t<\/div>\n\t\t\t\t\t<\/div>\n\t\t\t\t<\/div>\n\t\t\t\t\t<\/div>\n\t\t\t\t<\/div>\n\t\t<div class=\"elementor-element elementor-element-0f2bfde e-flex e-con-boxed e-con e-parent\" data-id=\"0f2bfde\" data-element_type=\"container\" data-e-type=\"container\">\n\t\t\t\t\t<div class=\"e-con-inner\">\n\t\t\t\t<div class=\"elementor-element elementor-element-9b13a1d elementor-widget elementor-widget-gallery\" data-id=\"9b13a1d\" data-element_type=\"widget\" data-e-type=\"widget\" data-settings=\"{&quot;gallery_layout&quot;:&quot;justified&quot;,&quot;lazyload&quot;:&quot;yes&quot;,&quot;ideal_row_height&quot;:{&quot;unit&quot;:&quot;px&quot;,&quot;size&quot;:200,&quot;sizes&quot;:[]},&quot;ideal_row_height_tablet&quot;:{&quot;unit&quot;:&quot;px&quot;,&quot;size&quot;:150,&quot;sizes&quot;:[]},&quot;ideal_row_height_mobile&quot;:{&quot;unit&quot;:&quot;px&quot;,&quot;size&quot;:150,&quot;sizes&quot;:[]},&quot;gap&quot;:{&quot;unit&quot;:&quot;px&quot;,&quot;size&quot;:10,&quot;sizes&quot;:[]},&quot;gap_tablet&quot;:{&quot;unit&quot;:&quot;px&quot;,&quot;size&quot;:10,&quot;sizes&quot;:[]},&quot;gap_mobile&quot;:{&quot;unit&quot;:&quot;px&quot;,&quot;size&quot;:10,&quot;sizes&quot;:[]},&quot;link_to&quot;:&quot;file&quot;,&quot;overlay_background&quot;:&quot;yes&quot;,&quot;content_hover_animation&quot;:&quot;fade-in&quot;}\" data-widget_type=\"gallery.default\">\n\t\t\t\t<div class=\"elementor-widget-container\">\n\t\t\t\t\t\t\t<div class=\"elementor-gallery__container\">\n\t\t\t\t\t\t\t<a class=\"e-gallery-item elementor-gallery-item elementor-animated-content\" href=\"https:\/\/littlepandas.ch\/wp-content\/uploads\/2023\/11\/WhatsApp-Image-2023-11-29-at-17.05.20.jpeg\" data-elementor-open-lightbox=\"yes\" data-elementor-lightbox-slideshow=\"9b13a1d\" data-elementor-lightbox-title=\"WhatsApp Image 2023-11-29 at 17.05.20\" data-e-action-hash=\"#elementor-action%3Aaction%3Dlightbox%26settings%3DeyJpZCI6NDA1MCwidXJsIjoiaHR0cHM6XC9cL2xpdHRsZXBhbmRhcy5jaFwvd3AtY29udGVudFwvdXBsb2Fkc1wvMjAyM1wvMTFcL1doYXRzQXBwLUltYWdlLTIwMjMtMTEtMjktYXQtMTcuMDUuMjAuanBlZyIsInNsaWRlc2hvdyI6IjliMTNhMWQifQ%3D%3D\">\n\t\t\t\t\t<div class=\"e-gallery-image elementor-gallery-item__image\" data-thumbnail=\"https:\/\/littlepandas.ch\/wp-content\/uploads\/2023\/11\/WhatsApp-Image-2023-11-29-at-17.05.20-225x300.jpeg\" data-width=\"225\" data-height=\"300\" aria-label=\"\" role=\"img\" ><\/div>\n\t\t\t\t\t\t\t\t\t\t\t<div class=\"elementor-gallery-item__overlay\"><\/div>\n\t\t\t\t\t\t\t\t\t\t\t\t\t\t<\/a>\n\t\t\t\t\t\t\t<a class=\"e-gallery-item elementor-gallery-item elementor-animated-content\" href=\"https:\/\/littlepandas.ch\/wp-content\/uploads\/2023\/11\/WhatsApp-Image-2023-11-29-at-17.07.38.jpeg\" data-elementor-open-lightbox=\"yes\" data-elementor-lightbox-slideshow=\"9b13a1d\" data-elementor-lightbox-title=\"WhatsApp Image 2023-11-29 at 17.07.38\" data-e-action-hash=\"#elementor-action%3Aaction%3Dlightbox%26settings%3DeyJpZCI6NDA1NCwidXJsIjoiaHR0cHM6XC9cL2xpdHRsZXBhbmRhcy5jaFwvd3AtY29udGVudFwvdXBsb2Fkc1wvMjAyM1wvMTFcL1doYXRzQXBwLUltYWdlLTIwMjMtMTEtMjktYXQtMTcuMDcuMzguanBlZyIsInNsaWRlc2hvdyI6IjliMTNhMWQifQ%3D%3D\">\n\t\t\t\t\t<div class=\"e-gallery-image elementor-gallery-item__image\" data-thumbnail=\"https:\/\/littlepandas.ch\/wp-content\/uploads\/2023\/11\/WhatsApp-Image-2023-11-29-at-17.07.38-169x300.jpeg\" data-width=\"169\" data-height=\"300\" aria-label=\"\" role=\"img\" ><\/div>\n\t\t\t\t\t\t\t\t\t\t\t<div class=\"elementor-gallery-item__overlay\"><\/div>\n\t\t\t\t\t\t\t\t\t\t\t\t\t\t<\/a>\n\t\t\t\t\t\t\t<a class=\"e-gallery-item elementor-gallery-item elementor-animated-content\" href=\"https:\/\/littlepandas.ch\/wp-content\/uploads\/2023\/11\/WhatsApp-Image-2023-11-29-at-17.07.39.jpeg\" data-elementor-open-lightbox=\"yes\" data-elementor-lightbox-slideshow=\"9b13a1d\" data-elementor-lightbox-title=\"WhatsApp Image 2023-11-29 at 17.07.39\" data-e-action-hash=\"#elementor-action%3Aaction%3Dlightbox%26settings%3DeyJpZCI6NDA1NiwidXJsIjoiaHR0cHM6XC9cL2xpdHRsZXBhbmRhcy5jaFwvd3AtY29udGVudFwvdXBsb2Fkc1wvMjAyM1wvMTFcL1doYXRzQXBwLUltYWdlLTIwMjMtMTEtMjktYXQtMTcuMDcuMzkuanBlZyIsInNsaWRlc2hvdyI6IjliMTNhMWQifQ%3D%3D\">\n\t\t\t\t\t<div class=\"e-gallery-image elementor-gallery-item__image\" data-thumbnail=\"https:\/\/littlepandas.ch\/wp-content\/uploads\/2023\/11\/WhatsApp-Image-2023-11-29-at-17.07.39-169x300.jpeg\" data-width=\"169\" data-height=\"300\" aria-label=\"\" role=\"img\" ><\/div>\n\t\t\t\t\t\t\t\t\t\t\t<div class=\"elementor-gallery-item__overlay\"><\/div>\n\t\t\t\t\t\t\t\t\t\t\t\t\t\t<\/a>\n\t\t\t\t\t\t\t<a class=\"e-gallery-item elementor-gallery-item elementor-animated-content\" href=\"https:\/\/littlepandas.ch\/wp-content\/uploads\/2023\/11\/WhatsApp-Image-2023-11-29-at-17.07.37.jpeg\" data-elementor-open-lightbox=\"yes\" data-elementor-lightbox-slideshow=\"9b13a1d\" data-elementor-lightbox-title=\"WhatsApp Image 2023-11-29 at 17.07.37\" data-e-action-hash=\"#elementor-action%3Aaction%3Dlightbox%26settings%3DeyJpZCI6NDA1MiwidXJsIjoiaHR0cHM6XC9cL2xpdHRsZXBhbmRhcy5jaFwvd3AtY29udGVudFwvdXBsb2Fkc1wvMjAyM1wvMTFcL1doYXRzQXBwLUltYWdlLTIwMjMtMTEtMjktYXQtMTcuMDcuMzcuanBlZyIsInNsaWRlc2hvdyI6IjliMTNhMWQifQ%3D%3D\">\n\t\t\t\t\t<div class=\"e-gallery-image elementor-gallery-item__image\" data-thumbnail=\"https:\/\/littlepandas.ch\/wp-content\/uploads\/2023\/11\/WhatsApp-Image-2023-11-29-at-17.07.37-225x300.jpeg\" data-width=\"225\" data-height=\"300\" aria-label=\"\" role=\"img\" ><\/div>\n\t\t\t\t\t\t\t\t\t\t\t<div class=\"elementor-gallery-item__overlay\"><\/div>\n\t\t\t\t\t\t\t\t\t\t\t\t\t\t<\/a>\n\t\t\t\t\t\t\t<a class=\"e-gallery-item elementor-gallery-item elementor-animated-content\" href=\"https:\/\/littlepandas.ch\/wp-content\/uploads\/2023\/11\/Barbie-Theme-Birthday-Party-2.jpeg\" data-elementor-open-lightbox=\"yes\" data-elementor-lightbox-slideshow=\"9b13a1d\" data-elementor-lightbox-title=\"Barbie Theme Birthday Party (2)\" data-e-action-hash=\"#elementor-action%3Aaction%3Dlightbox%26settings%3DeyJpZCI6NDA0NSwidXJsIjoiaHR0cHM6XC9cL2xpdHRsZXBhbmRhcy5jaFwvd3AtY29udGVudFwvdXBsb2Fkc1wvMjAyM1wvMTFcL0JhcmJpZS1UaGVtZS1CaXJ0aGRheS1QYXJ0eS0yLmpwZWciLCJzbGlkZXNob3ciOiI5YjEzYTFkIn0%3D\">\n\t\t\t\t\t<div class=\"e-gallery-image elementor-gallery-item__image\" data-thumbnail=\"https:\/\/littlepandas.ch\/wp-content\/uploads\/2023\/11\/Barbie-Theme-Birthday-Party-2-169x300.jpeg\" data-width=\"169\" data-height=\"300\" aria-label=\"\" role=\"img\" ><\/div>\n\t\t\t\t\t\t\t\t\t\t\t<div class=\"elementor-gallery-item__overlay\"><\/div>\n\t\t\t\t\t\t\t\t\t\t\t\t\t\t<\/a>\n\t\t\t\t\t\t\t<a class=\"e-gallery-item elementor-gallery-item elementor-animated-content\" href=\"https:\/\/littlepandas.ch\/wp-content\/uploads\/2023\/11\/Barbie-Theme-Birthday-Party-1.jpeg\" data-elementor-open-lightbox=\"yes\" data-elementor-lightbox-slideshow=\"9b13a1d\" data-elementor-lightbox-title=\"Barbie Theme Birthday Party (1)\" data-e-action-hash=\"#elementor-action%3Aaction%3Dlightbox%26settings%3DeyJpZCI6NDA0OCwidXJsIjoiaHR0cHM6XC9cL2xpdHRsZXBhbmRhcy5jaFwvd3AtY29udGVudFwvdXBsb2Fkc1wvMjAyM1wvMTFcL0JhcmJpZS1UaGVtZS1CaXJ0aGRheS1QYXJ0eS0xLmpwZWciLCJzbGlkZXNob3ciOiI5YjEzYTFkIn0%3D\">\n\t\t\t\t\t<div class=\"e-gallery-image elementor-gallery-item__image\" data-thumbnail=\"https:\/\/littlepandas.ch\/wp-content\/uploads\/2023\/11\/Barbie-Theme-Birthday-Party-1-169x300.jpeg\" data-width=\"169\" data-height=\"300\" aria-label=\"\" role=\"img\" ><\/div>\n\t\t\t\t\t\t\t\t\t\t\t<div class=\"elementor-gallery-item__overlay\"><\/div>\n\t\t\t\t\t\t\t\t\t\t\t\t\t\t<\/a>\n\t\t\t\t\t<\/div>\n\t\t\t\t\t<\/div>\n\t\t\t\t<\/div>\n\t\t\t\t<div class=\"elementor-element elementor-element-973091a elementor-widget elementor-widget-spacer\" data-id=\"973091a\" data-element_type=\"widget\" data-e-type=\"widget\" data-widget_type=\"spacer.default\">\n\t\t\t\t<div class=\"elementor-widget-container\">\n\t\t\t\t\t\t\t<div class=\"elementor-spacer\">\n\t\t\t<div class=\"elementor-spacer-inner\"><\/div>\n\t\t<\/div>\n\t\t\t\t\t\t<\/div>\n\t\t\t\t<\/div>\n\t\t\t\t\t<\/div>\n\t\t\t\t<\/div>\n\t\t<div class=\"elementor-element elementor-element-53e5770 e-flex e-con-boxed e-con e-parent\" data-id=\"53e5770\" data-element_type=\"container\" data-e-type=\"container\" data-settings=\"{&quot;background_background&quot;:&quot;classic&quot;}\">\n\t\t\t\t\t<div class=\"e-con-inner\">\n\t\t\t\t<div class=\"elementor-element elementor-element-e7d03e4 elementor-widget elementor-widget-heading\" data-id=\"e7d03e4\" data-element_type=\"widget\" data-e-type=\"widget\" data-widget_type=\"heading.default\">\n\t\t\t\t<div class=\"elementor-widget-container\">\n\t\t\t\t\t<h2 class=\"elementor-heading-title elementor-size-default\">Foire Aux Questions<\/h2>\t\t\t\t<\/div>\n\t\t\t\t<\/div>\n\t\t<div class=\"elementor-element elementor-element-1aeefaf e-flex e-con-boxed e-con e-child\" data-id=\"1aeefaf\" data-element_type=\"container\" data-e-type=\"container\">\n\t\t\t\t\t<div class=\"e-con-inner\">\n\t\t\t\t<div class=\"elementor-element elementor-element-2d85916 elementor-widget elementor-widget-toggle\" data-id=\"2d85916\" data-element_type=\"widget\" data-e-type=\"widget\" data-widget_type=\"toggle.default\">\n\t\t\t\t<div class=\"elementor-widget-container\">\n\t\t\t\t\t\t\t<div class=\"elementor-toggle\">\n\t\t\t\t\t\t\t<div class=\"elementor-toggle-item\">\n\t\t\t\t\t<div id=\"elementor-tab-title-4771\" class=\"elementor-tab-title\" data-tab=\"1\" role=\"button\" aria-controls=\"elementor-tab-content-4771\" aria-expanded=\"false\">\n\t\t\t\t\t\t\t\t\t\t\t\t<a class=\"elementor-toggle-title\" tabindex=\"0\">Qu'est-ce que le Massage B\u00e9b\u00e9?<\/a>\n\t\t\t\t\t<\/div>\n\n\t\t\t\t\t<div id=\"elementor-tab-content-4771\" class=\"elementor-tab-content elementor-clearfix\" data-tab=\"1\" role=\"region\" aria-labelledby=\"elementor-tab-title-4771\"><p><span style=\"font-weight: 400;\">Le <\/span><b>Massage B\u00e9b\u00e9 <\/b><span style=\"font-weight: 400;\">est une forme douce et apaisante de th\u00e9rapie par le toucher qui consiste \u00e0 masser le corps de votre b\u00e9b\u00e9 en utilisant des mouvements doux et des techniques sp\u00e9cifiques. Il peut aider \u00e0 favoriser la relaxation, le lien affectif et le bien-\u00eatre g\u00e9n\u00e9ral tant pour le b\u00e9b\u00e9 que pour le parent.<\/span><\/p><\/div>\n\t\t\t\t<\/div>\n\t\t\t\t\t\t\t<div class=\"elementor-toggle-item\">\n\t\t\t\t\t<div id=\"elementor-tab-title-4772\" class=\"elementor-tab-title\" data-tab=\"2\" role=\"button\" aria-controls=\"elementor-tab-content-4772\" aria-expanded=\"false\">\n\t\t\t\t\t\t\t\t\t\t\t\t<a class=\"elementor-toggle-title\" tabindex=\"0\">Quels sont les avantages du Massage B\u00e9b\u00e9?<\/a>\n\t\t\t\t\t<\/div>\n\n\t\t\t\t\t<div id=\"elementor-tab-content-4772\" class=\"elementor-tab-content elementor-clearfix\" data-tab=\"2\" role=\"region\" aria-labelledby=\"elementor-tab-title-4772\"><p><span style=\"font-weight: 400;\">Le <\/span><b>Massage B\u00e9b\u00e9 <\/b><span style=\"font-weight: 400;\">offre une large gamme d&rsquo;avantages, notamment la promotion de la relaxation et d&rsquo;un meilleur sommeil, le soulagement des inconforts dus aux gaz ou aux coliques, le renforcement du lien affectif entre le parent et le b\u00e9b\u00e9, la stimulation du d\u00e9veloppement et le renforcement du syst\u00e8me immunitaire du b\u00e9b\u00e9.<\/span><\/p><\/div>\n\t\t\t\t<\/div>\n\t\t\t\t\t\t\t<div class=\"elementor-toggle-item\">\n\t\t\t\t\t<div id=\"elementor-tab-title-4773\" class=\"elementor-tab-title\" data-tab=\"3\" role=\"button\" aria-controls=\"elementor-tab-content-4773\" aria-expanded=\"false\">\n\t\t\t\t\t\t\t\t\t\t\t\t<a class=\"elementor-toggle-title\" tabindex=\"0\">\u00c0 partir de quel \u00e2ge puis-je commencer \u00e0 participer au cours Massage B\u00e9b\u00e9?<\/a>\n\t\t\t\t\t<\/div>\n\n\t\t\t\t\t<div id=\"elementor-tab-content-4773\" class=\"elementor-tab-content elementor-clearfix\" data-tab=\"3\" role=\"region\" aria-labelledby=\"elementor-tab-title-4773\"><p><span style=\"font-weight: 400;\">Vous pouvez commencer \u00e0 participer aux cours <\/span><b>Massage B\u00e9b\u00e9 <\/b><span style=\"font-weight: 400;\">d\u00e8s sa naissance, mais il est essentiel d&rsquo;attendre que le cordon ombilical du b\u00e9b\u00e9 soit tomb\u00e9 le cas \u00e9ch\u00e9ant. Les nouveau-n\u00e9s et les nourrissons peuvent b\u00e9n\u00e9ficier grandement des techniques de massage douces.<\/span><\/p><\/div>\n\t\t\t\t<\/div>\n\t\t\t\t\t\t\t<div class=\"elementor-toggle-item\">\n\t\t\t\t\t<div id=\"elementor-tab-title-4774\" class=\"elementor-tab-title\" data-tab=\"4\" role=\"button\" aria-controls=\"elementor-tab-content-4774\" aria-expanded=\"false\">\n\t\t\t\t\t\t\t\t\t\t\t\t<a class=\"elementor-toggle-title\" tabindex=\"0\">Puis-je participer \u00e0 un cours de Massage B\u00e9b\u00e9 avec mon partenaire?<\/a>\n\t\t\t\t\t<\/div>\n\n\t\t\t\t\t<div id=\"elementor-tab-content-4774\" class=\"elementor-tab-content elementor-clearfix\" data-tab=\"4\" role=\"region\" aria-labelledby=\"elementor-tab-title-4774\"><p><span style=\"font-weight: 400;\">Oui, nos cours de <\/span><b>Massage B\u00e9b\u00e9 <\/b><span style=\"font-weight: 400;\">accueillent les deux parents pour participer ensemble. Cela peut \u00eatre une excellente exp\u00e9rience de lien affectif pour les deux parents et une occasion d&rsquo;apprendre et de pratiquer ensemble les techniques de massage.<\/span><\/p><\/div>\n\t\t\t\t<\/div>\n\t\t\t\t\t\t\t\t\t\t<script type=\"application\/ld+json\">{\"@context\":\"https:\\\/\\\/schema.org\",\"@type\":\"FAQPage\",\"mainEntity\":[{\"@type\":\"Question\",\"name\":\"Qu'est-ce que le Massage B\\u00e9b\\u00e9?\",\"acceptedAnswer\":{\"@type\":\"Answer\",\"text\":\"<p><span style=\\\"font-weight: 400;\\\">Le <\\\/span><b>Massage B\\u00e9b\\u00e9 <\\\/b><span style=\\\"font-weight: 400;\\\">est une forme douce et apaisante de th\\u00e9rapie par le toucher qui consiste \\u00e0 masser le corps de votre b\\u00e9b\\u00e9 en utilisant des mouvements doux et des techniques sp\\u00e9cifiques. Il peut aider \\u00e0 favoriser la relaxation, le lien affectif et le bien-\\u00eatre g\\u00e9n\\u00e9ral tant pour le b\\u00e9b\\u00e9 que pour le parent.<\\\/span><\\\/p>\"}},{\"@type\":\"Question\",\"name\":\"Quels sont les avantages du Massage B\\u00e9b\\u00e9?\",\"acceptedAnswer\":{\"@type\":\"Answer\",\"text\":\"<p><span style=\\\"font-weight: 400;\\\">Le <\\\/span><b>Massage B\\u00e9b\\u00e9 <\\\/b><span style=\\\"font-weight: 400;\\\">offre une large gamme d&rsquo;avantages, notamment la promotion de la relaxation et d&rsquo;un meilleur sommeil, le soulagement des inconforts dus aux gaz ou aux coliques, le renforcement du lien affectif entre le parent et le b\\u00e9b\\u00e9, la stimulation du d\\u00e9veloppement et le renforcement du syst\\u00e8me immunitaire du b\\u00e9b\\u00e9.<\\\/span><\\\/p>\"}},{\"@type\":\"Question\",\"name\":\"\\u00c0 partir de quel \\u00e2ge puis-je commencer \\u00e0 participer au cours Massage B\\u00e9b\\u00e9?\",\"acceptedAnswer\":{\"@type\":\"Answer\",\"text\":\"<p><span style=\\\"font-weight: 400;\\\">Vous pouvez commencer \\u00e0 participer aux cours <\\\/span><b>Massage B\\u00e9b\\u00e9 <\\\/b><span style=\\\"font-weight: 400;\\\">d\\u00e8s sa naissance, mais il est essentiel d&rsquo;attendre que le cordon ombilical du b\\u00e9b\\u00e9 soit tomb\\u00e9 le cas \\u00e9ch\\u00e9ant. Les nouveau-n\\u00e9s et les nourrissons peuvent b\\u00e9n\\u00e9ficier grandement des techniques de massage douces.<\\\/span><\\\/p>\"}},{\"@type\":\"Question\",\"name\":\"Puis-je participer \\u00e0 un cours de Massage B\\u00e9b\\u00e9 avec mon partenaire?\",\"acceptedAnswer\":{\"@type\":\"Answer\",\"text\":\"<p><span style=\\\"font-weight: 400;\\\">Oui, nos cours de <\\\/span><b>Massage B\\u00e9b\\u00e9 <\\\/b><span style=\\\"font-weight: 400;\\\">accueillent les deux parents pour participer ensemble. Cela peut \\u00eatre une excellente exp\\u00e9rience de lien affectif pour les deux parents et une occasion d&rsquo;apprendre et de pratiquer ensemble les techniques de massage.<\\\/span><\\\/p>\"}}]}<\/script>\n\t\t\t\t\t<\/div>\n\t\t\t\t\t\t<\/div>\n\t\t\t\t<\/div>\n\t\t\t\t\t<\/div>\n\t\t\t\t<\/div>\n\t\t\t\t\t<\/div>\n\t\t\t\t<\/div>\n\t\t<div class=\"elementor-element elementor-element-8789374 e-flex e-con-boxed e-con e-parent\" data-id=\"8789374\" data-element_type=\"container\" data-e-type=\"container\">\n\t\t\t\t\t<div class=\"e-con-inner\">\n\t\t\t\t\t<\/div>\n\t\t\t\t<\/div>\n\t\t\t\t<\/div>\n\t\t","protected":false},"excerpt":{"rendered":"<p>D\u00e9couvrez les bienfaits du massage pour b\u00e9b\u00e9 \u00e0 Gen\u00e8ve avec nos s\u00e9ances sp\u00e9cialis\u00e9es! Chez Little Pandas Kids Club \u00e0 Gen\u00e8ve, nous vous invitons \u00e0 d\u00e9couvrir l&rsquo;art doux du Massage B\u00e9b\u00e9 au c\u0153ur de la ville. Nos s\u00e9ances de Massage B\u00e9b\u00e9 \u00a0offrent un environnement nourrissant et intime o\u00f9 les parents et leurs tout-petits peuvent se connecter [&hellip;]<\/p>\n","protected":false},"author":2,"featured_media":1661,"parent":0,"menu_order":0,"comment_status":"closed","ping_status":"closed","template":"","meta":{"_acf_changed":false,"_seopress_robots_primary_cat":"","_seopress_titles_title":"Massage B\u00e9b\u00e9 Gen\u00e8ve | Bien-\u00eatre B\u00e9b\u00e9s et Tout-Petits","_seopress_titles_desc":"D\u00e9couvrez le pouvoir transformateur du Massage pour B\u00e9b\u00e9 dans notre Kids Club \u00e0 Gen\u00e8ve, une pratique essentielle pour le bien-\u00eatre holistique des tout-petits. Nos ateliers offrent une opportunit\u00e9 unique \u00e0 vous et votre enfant de partager une exp\u00e9rience sp\u00e9ciale.\r\n\r\nApprenez une vari\u00e9t\u00e9 de techniques de massage adapt\u00e9es sp\u00e9cifiquement aux besoins de votre B\u00e9b\u00e9. Comprenez et r\u00e9pondez \u00e0 ses signaux, favorisant une connexion profonde et renfor\u00e7ant votre relation parent-enfant. Rejoignez une communaut\u00e9 bienveillante de parents, o\u00f9 vous pouvez \u00e9changer des id\u00e9es et cr\u00e9er des liens au sein de notre Kids Club \u00e0 Gen\u00e8ve.\r\n\r\nExp\u00e9rimentez les effets th\u00e9rapeutiques des huiles de massage douces et naturelles, soigneusement s\u00e9lectionn\u00e9es pour nourrir la peau d\u00e9licate de votre b\u00e9b\u00e9. Profitez de ce pr\u00e9cieux moment ensemble pour favoriser un d\u00e9veloppement sain, tant sur le plan physiologique que \u00e9motionnel.\r\n\r\nInscrivez-vous \u00e0 nos ateliers de Baby Massage et embarquez pour un voyage de d\u00e9couverte, de connexion et de bien-\u00eatre pour vous et votre petit.\r\n\r\n","_seopress_robots_index":"","footnotes":""},"class_list":["post-4387","page","type-page","status-publish","has-post-thumbnail","hentry"],"acf":[],"_links":{"self":[{"href":"https:\/\/littlepandas.ch\/fr\/wp-json\/wp\/v2\/pages\/4387","targetHints":{"allow":["GET"]}}],"collection":[{"href":"https:\/\/littlepandas.ch\/fr\/wp-json\/wp\/v2\/pages"}],"about":[{"href":"https:\/\/littlepandas.ch\/fr\/wp-json\/wp\/v2\/types\/page"}],"author":[{"embeddable":true,"href":"https:\/\/littlepandas.ch\/fr\/wp-json\/wp\/v2\/users\/2"}],"replies":[{"embeddable":true,"href":"https:\/\/littlepandas.ch\/fr\/wp-json\/wp\/v2\/comments?post=4387"}],"version-history":[{"count":0,"href":"https:\/\/littlepandas.ch\/fr\/wp-json\/wp\/v2\/pages\/4387\/revisions"}],"wp:featuredmedia":[{"embeddable":true,"href":"https:\/\/littlepandas.ch\/fr\/wp-json\/wp\/v2\/media\/1661"}],"wp:attachment":[{"href":"https:\/\/littlepandas.ch\/fr\/wp-json\/wp\/v2\/media?parent=4387"}],"curies":[{"name":"wp","href":"https:\/\/api.w.org\/{rel}","templated":true}]}}