{"id":3630,"date":"2023-09-11T15:37:05","date_gmt":"2023-09-11T15:37:05","guid":{"rendered":"https:\/\/littlepandas.ch\/gift-card\/"},"modified":"2026-01-19T16:53:38","modified_gmt":"2026-01-19T16:53:38","slug":"carte-cadeau-geneve","status":"publish","type":"page","link":"https:\/\/littlepandas.ch\/fr\/carte-cadeau-geneve\/","title":{"rendered":"Carte Cadeau Gen\u00e8ve"},"content":{"rendered":"\t\t<div data-elementor-type=\"wp-post\" data-elementor-id=\"3630\" class=\"elementor elementor-3630 elementor-3614\" data-elementor-post-type=\"page\">\n\t\t\t\t<div class=\"elementor-element elementor-element-aac09d1 e-flex e-con-boxed e-con e-parent\" data-id=\"aac09d1\" data-element_type=\"container\" data-e-type=\"container\">\n\t\t\t\t\t<div class=\"e-con-inner\">\n\t\t\t\t<div class=\"elementor-element elementor-element-292ebdb elementor-widget elementor-widget-heading\" data-id=\"292ebdb\" data-element_type=\"widget\" data-e-type=\"widget\" data-widget_type=\"heading.default\">\n\t\t\t\t<div class=\"elementor-widget-container\">\n\t\t\t\t\t<h2 class=\"elementor-heading-title elementor-size-default\">Offrez une Exp\u00e9rience \u00e0 vos proches avec une Carte-Cadeau Little Pandas!\n<\/h2>\t\t\t\t<\/div>\n\t\t\t\t<\/div>\n\t\t\t\t<div class=\"elementor-element elementor-element-423d1f0 elementor-widget elementor-widget-text-editor\" data-id=\"423d1f0\" data-element_type=\"widget\" data-e-type=\"widget\" data-widget_type=\"text-editor.default\">\n\t\t\t\t<div class=\"elementor-widget-container\">\n\t\t\t\t\t\t\t\t\t<p>Que faire avec des <strong>Enfants<\/strong> \u00e0 <strong>Gen\u00e8ve<\/strong>? Offrez-leur une <strong>Exp\u00e9rience<\/strong> avec un <strong>Bon Cadeau<\/strong> <strong>Little Pandas<\/strong>. Nous avons cr\u00e9\u00e9 l&rsquo;espace parfait pour vos <strong>Enfants<\/strong> \u00e0 <strong>Gen\u00e8ve<\/strong>. Avec cette <strong>Carte-Cadeau<\/strong>, vous n&rsquo;offrez pas seulement un <strong>Cadeau<\/strong>, mais la libert\u00e9 de choisir, d&rsquo;explorer et de <a href=\"https:\/\/littlepandas.ch\/fr\/activites\/\"><span style=\"text-decoration: underline;\">d\u00e9couvrir diverses Activit\u00e9s<\/span><\/a>. Ce <strong>Bon Cadeau<\/strong> est une v\u00e9ritable <strong>Exp\u00e9rience<\/strong>. Vivre avec des <strong>Enfants<\/strong> \u00e0 <strong>Gen\u00e8ve <\/strong>peut \u00eatre un d\u00e9fi, chez <strong>Little Pandas<\/strong>, les <strong>Enfants<\/strong> ont une <span style=\"text-decoration: underline;\">multitude d&rsquo;Activit\u00e9s<\/span> \u00e0 faire dans un monde rempli d&rsquo;Exp\u00e9riences inoubliables.<\/p>\t\t\t\t\t\t\t\t<\/div>\n\t\t\t\t<\/div>\n\t\t\t\t<div class=\"elementor-element elementor-element-a98ae4a elementor-align-center elementor-widget elementor-widget-button\" data-id=\"a98ae4a\" data-element_type=\"widget\" data-e-type=\"widget\" data-widget_type=\"button.default\">\n\t\t\t\t<div class=\"elementor-widget-container\">\n\t\t\t\t\t\t\t\t\t<div class=\"elementor-button-wrapper\">\n\t\t\t\t\t<a class=\"elementor-button elementor-button-link elementor-size-sm\" href=\"https:\/\/backoffice.bsport.io\/m\/Little%20Pandas\/1668\/giftcard\/?tabSelected=2&#038;index=2\" target=\"_blank\">\n\t\t\t\t\t\t<span class=\"elementor-button-content-wrapper\">\n\t\t\t\t\t\t<span class=\"elementor-button-icon\">\n\t\t\t\t<i aria-hidden=\"true\" class=\"fas fa-gift\"><\/i>\t\t\t<\/span>\n\t\t\t\t\t\t\t\t\t<span class=\"elementor-button-text\">Acheter une carte cadeau<\/span>\n\t\t\t\t\t<\/span>\n\t\t\t\t\t<\/a>\n\t\t\t\t<\/div>\n\t\t\t\t\t\t\t\t<\/div>\n\t\t\t\t<\/div>\n\t\t\t\t\t<\/div>\n\t\t\t\t<\/div>\n\t\t<div class=\"elementor-element elementor-element-6fa6875 e-flex e-con-boxed e-con e-parent\" data-id=\"6fa6875\" data-element_type=\"container\" data-e-type=\"container\" data-settings=\"{&quot;background_background&quot;:&quot;classic&quot;}\">\n\t\t\t\t\t<div class=\"e-con-inner\">\n\t\t\t\t<div class=\"elementor-element elementor-element-819bbd5 elementor-widget elementor-widget-heading\" data-id=\"819bbd5\" data-element_type=\"widget\" data-e-type=\"widget\" data-widget_type=\"heading.default\">\n\t\t\t\t<div class=\"elementor-widget-container\">\n\t\t\t\t\t<h2 class=\"elementor-heading-title elementor-size-default\">Freequently Asked Questions<\/h2>\t\t\t\t<\/div>\n\t\t\t\t<\/div>\n\t\t\t\t<div class=\"elementor-element elementor-element-b5a036b elementor-widget elementor-widget-heading\" data-id=\"b5a036b\" data-element_type=\"widget\" data-e-type=\"widget\" data-widget_type=\"heading.default\">\n\t\t\t\t<div class=\"elementor-widget-container\">\n\t\t\t\t\t<h3 class=\"elementor-heading-title elementor-size-default\">Voici quelques-unes des questions les plus fr\u00e9quemment pos\u00e9es concernant les cartes cadeaux de Little Pandas Gen\u00e8ve.<\/h3>\t\t\t\t<\/div>\n\t\t\t\t<\/div>\n\t\t<div class=\"elementor-element elementor-element-ab2ebd3 e-flex e-con-boxed e-con e-child\" data-id=\"ab2ebd3\" data-element_type=\"container\" data-e-type=\"container\">\n\t\t\t\t\t<div class=\"e-con-inner\">\n\t\t\t\t<div class=\"elementor-element elementor-element-9dd73d0 elementor-widget elementor-widget-toggle\" data-id=\"9dd73d0\" data-element_type=\"widget\" data-e-type=\"widget\" data-widget_type=\"toggle.default\">\n\t\t\t\t<div class=\"elementor-widget-container\">\n\t\t\t\t\t\t\t<div class=\"elementor-toggle\">\n\t\t\t\t\t\t\t<div class=\"elementor-toggle-item\">\n\t\t\t\t\t<div id=\"elementor-tab-title-1651\" class=\"elementor-tab-title\" data-tab=\"1\" role=\"button\" aria-controls=\"elementor-tab-content-1651\" aria-expanded=\"false\">\n\t\t\t\t\t\t\t\t\t\t\t\t<span class=\"elementor-toggle-icon elementor-toggle-icon-left\" aria-hidden=\"true\">\n\t\t\t\t\t\t\t\t\t\t\t\t\t\t\t<span class=\"elementor-toggle-icon-closed\"><svg xmlns=\"http:\/\/www.w3.org\/2000\/svg\" xmlns:xlink=\"http:\/\/www.w3.org\/1999\/xlink\" viewBox=\"0 0 50 50\" width=\"50px\" height=\"50px\"><style type=\"text\/css\">.st0{fill:none;stroke:#000000;stroke-width:2;stroke-miterlimit:10;}<\/style><line class=\"st0\" x1=\"9\" y1=\"25\" x2=\"41\" y2=\"25\"><\/line><line class=\"st0\" x1=\"25\" y1=\"9\" x2=\"25\" y2=\"41\"><\/line><\/svg><\/span>\n\t\t\t\t\t\t\t\t<span class=\"elementor-toggle-icon-opened\"><svg xmlns=\"http:\/\/www.w3.org\/2000\/svg\" xmlns:xlink=\"http:\/\/www.w3.org\/1999\/xlink\" viewBox=\"0 0 50 50\" width=\"50px\" height=\"50px\"><style type=\"text\/css\">.st0{fill:none;stroke:#000000;stroke-width:2;stroke-miterlimit:10;}<\/style><line class=\"st0\" x1=\"9\" y1=\"25\" x2=\"41\" y2=\"25\"><\/line><\/svg><\/span>\n\t\t\t\t\t\t\t\t\t\t\t\t\t<\/span>\n\t\t\t\t\t\t\t\t\t\t\t\t<a class=\"elementor-toggle-title\" tabindex=\"0\">Quel est le temps de validit\u00e9 des bons cadeaux?<\/a>\n\t\t\t\t\t<\/div>\n\n\t\t\t\t\t<div id=\"elementor-tab-content-1651\" class=\"elementor-tab-content elementor-clearfix\" data-tab=\"1\" role=\"region\" aria-labelledby=\"elementor-tab-title-1651\"><p>Nos bons cadeaux pour les cours d&rsquo;essai sont valides 6 semaines. Tous les autres bons cadeaux sont valides pendant 3 mois (90 jours) ce qui vous laisse le temps de l&rsquo;utiliser \ud83d\ude42<\/p><\/div>\n\t\t\t\t<\/div>\n\t\t\t\t\t\t\t<div class=\"elementor-toggle-item\">\n\t\t\t\t\t<div id=\"elementor-tab-title-1652\" class=\"elementor-tab-title\" data-tab=\"2\" role=\"button\" aria-controls=\"elementor-tab-content-1652\" aria-expanded=\"false\">\n\t\t\t\t\t\t\t\t\t\t\t\t<span class=\"elementor-toggle-icon elementor-toggle-icon-left\" aria-hidden=\"true\">\n\t\t\t\t\t\t\t\t\t\t\t\t\t\t\t<span class=\"elementor-toggle-icon-closed\"><svg xmlns=\"http:\/\/www.w3.org\/2000\/svg\" xmlns:xlink=\"http:\/\/www.w3.org\/1999\/xlink\" viewBox=\"0 0 50 50\" width=\"50px\" height=\"50px\"><style type=\"text\/css\">.st0{fill:none;stroke:#000000;stroke-width:2;stroke-miterlimit:10;}<\/style><line class=\"st0\" x1=\"9\" y1=\"25\" x2=\"41\" y2=\"25\"><\/line><line class=\"st0\" x1=\"25\" y1=\"9\" x2=\"25\" y2=\"41\"><\/line><\/svg><\/span>\n\t\t\t\t\t\t\t\t<span class=\"elementor-toggle-icon-opened\"><svg xmlns=\"http:\/\/www.w3.org\/2000\/svg\" xmlns:xlink=\"http:\/\/www.w3.org\/1999\/xlink\" viewBox=\"0 0 50 50\" width=\"50px\" height=\"50px\"><style type=\"text\/css\">.st0{fill:none;stroke:#000000;stroke-width:2;stroke-miterlimit:10;}<\/style><line class=\"st0\" x1=\"9\" y1=\"25\" x2=\"41\" y2=\"25\"><\/line><\/svg><\/span>\n\t\t\t\t\t\t\t\t\t\t\t\t\t<\/span>\n\t\t\t\t\t\t\t\t\t\t\t\t<a class=\"elementor-toggle-title\" tabindex=\"0\">Est-ce que la carte cadeau peut \u00eatre utilis\u00e9e pour un anniversaire?<\/a>\n\t\t\t\t\t<\/div>\n\n\t\t\t\t\t<div id=\"elementor-tab-content-1652\" class=\"elementor-tab-content elementor-clearfix\" data-tab=\"2\" role=\"region\" aria-labelledby=\"elementor-tab-title-1652\"><p>Absolument! Le montant de la carte cadeau sera d\u00e9duit directement. Il vous suffit de nous contacter pour plus de d\u00e9tails \ud83d\ude42<\/p><\/div>\n\t\t\t\t<\/div>\n\t\t\t\t\t\t\t<div class=\"elementor-toggle-item\">\n\t\t\t\t\t<div id=\"elementor-tab-title-1653\" class=\"elementor-tab-title\" data-tab=\"3\" role=\"button\" aria-controls=\"elementor-tab-content-1653\" aria-expanded=\"false\">\n\t\t\t\t\t\t\t\t\t\t\t\t<span class=\"elementor-toggle-icon elementor-toggle-icon-left\" aria-hidden=\"true\">\n\t\t\t\t\t\t\t\t\t\t\t\t\t\t\t<span class=\"elementor-toggle-icon-closed\"><svg xmlns=\"http:\/\/www.w3.org\/2000\/svg\" xmlns:xlink=\"http:\/\/www.w3.org\/1999\/xlink\" viewBox=\"0 0 50 50\" width=\"50px\" height=\"50px\"><style type=\"text\/css\">.st0{fill:none;stroke:#000000;stroke-width:2;stroke-miterlimit:10;}<\/style><line class=\"st0\" x1=\"9\" y1=\"25\" x2=\"41\" y2=\"25\"><\/line><line class=\"st0\" x1=\"25\" y1=\"9\" x2=\"25\" y2=\"41\"><\/line><\/svg><\/span>\n\t\t\t\t\t\t\t\t<span class=\"elementor-toggle-icon-opened\"><svg xmlns=\"http:\/\/www.w3.org\/2000\/svg\" xmlns:xlink=\"http:\/\/www.w3.org\/1999\/xlink\" viewBox=\"0 0 50 50\" width=\"50px\" height=\"50px\"><style type=\"text\/css\">.st0{fill:none;stroke:#000000;stroke-width:2;stroke-miterlimit:10;}<\/style><line class=\"st0\" x1=\"9\" y1=\"25\" x2=\"41\" y2=\"25\"><\/line><\/svg><\/span>\n\t\t\t\t\t\t\t\t\t\t\t\t\t<\/span>\n\t\t\t\t\t\t\t\t\t\t\t\t<a class=\"elementor-toggle-title\" tabindex=\"0\">Est-ce que la carte cadeau peut aussi \u00eatre utilis\u00e9e pour un membership?<\/a>\n\t\t\t\t\t<\/div>\n\n\t\t\t\t\t<div id=\"elementor-tab-content-1653\" class=\"elementor-tab-content elementor-clearfix\" data-tab=\"3\" role=\"region\" aria-labelledby=\"elementor-tab-title-1653\"><p><span style=\"font-weight: 400;\">Bien s\u00fbr ! Votre bon cadeau Little Pandas peut \u00eatre utilis\u00e9 pour n&rsquo;importe lequel de nos services, y compris le paiement d&rsquo;une adh\u00e9sion membre.<\/span><\/p><\/div>\n\t\t\t\t<\/div>\n\t\t\t\t\t\t\t<div class=\"elementor-toggle-item\">\n\t\t\t\t\t<div id=\"elementor-tab-title-1654\" class=\"elementor-tab-title\" data-tab=\"4\" role=\"button\" aria-controls=\"elementor-tab-content-1654\" aria-expanded=\"false\">\n\t\t\t\t\t\t\t\t\t\t\t\t<span class=\"elementor-toggle-icon elementor-toggle-icon-left\" aria-hidden=\"true\">\n\t\t\t\t\t\t\t\t\t\t\t\t\t\t\t<span class=\"elementor-toggle-icon-closed\"><svg xmlns=\"http:\/\/www.w3.org\/2000\/svg\" xmlns:xlink=\"http:\/\/www.w3.org\/1999\/xlink\" viewBox=\"0 0 50 50\" width=\"50px\" height=\"50px\"><style type=\"text\/css\">.st0{fill:none;stroke:#000000;stroke-width:2;stroke-miterlimit:10;}<\/style><line class=\"st0\" x1=\"9\" y1=\"25\" x2=\"41\" y2=\"25\"><\/line><line class=\"st0\" x1=\"25\" y1=\"9\" x2=\"25\" y2=\"41\"><\/line><\/svg><\/span>\n\t\t\t\t\t\t\t\t<span class=\"elementor-toggle-icon-opened\"><svg xmlns=\"http:\/\/www.w3.org\/2000\/svg\" xmlns:xlink=\"http:\/\/www.w3.org\/1999\/xlink\" viewBox=\"0 0 50 50\" width=\"50px\" height=\"50px\"><style type=\"text\/css\">.st0{fill:none;stroke:#000000;stroke-width:2;stroke-miterlimit:10;}<\/style><line class=\"st0\" x1=\"9\" y1=\"25\" x2=\"41\" y2=\"25\"><\/line><\/svg><\/span>\n\t\t\t\t\t\t\t\t\t\t\t\t\t<\/span>\n\t\t\t\t\t\t\t\t\t\t\t\t<a class=\"elementor-toggle-title\" tabindex=\"0\">J'aimerais utiliser ma carte cadeau pour un cours, mais le montant est plus \u00e9lev\u00e9 que le montant du cours. Vais-je perdre la diff\u00e9rence?<\/a>\n\t\t\t\t\t<\/div>\n\n\t\t\t\t\t<div id=\"elementor-tab-content-1654\" class=\"elementor-tab-content elementor-clearfix\" data-tab=\"4\" role=\"region\" aria-labelledby=\"elementor-tab-title-1654\"><p><span style=\"font-weight: 400;\">Pas du tout, la diff\u00e9rence sera ajout\u00e9e comme cr\u00e9dit sur votre compte.<\/span><\/p><\/div>\n\t\t\t\t<\/div>\n\t\t\t\t\t\t\t\t\t\t<script type=\"application\/ld+json\">{\"@context\":\"https:\\\/\\\/schema.org\",\"@type\":\"FAQPage\",\"mainEntity\":[{\"@type\":\"Question\",\"name\":\"Quel est le temps de validit\\u00e9 des bons cadeaux?\",\"acceptedAnswer\":{\"@type\":\"Answer\",\"text\":\"<p>Nos bons cadeaux pour les cours d&rsquo;essai sont valides 6 semaines. Tous les autres bons cadeaux sont valides pendant 3 mois (90 jours) ce qui vous laisse le temps de l&rsquo;utiliser \\ud83d\\ude42<\\\/p>\"}},{\"@type\":\"Question\",\"name\":\"Est-ce que la carte cadeau peut \\u00eatre utilis\\u00e9e pour un anniversaire?\",\"acceptedAnswer\":{\"@type\":\"Answer\",\"text\":\"<p>Absolument! Le montant de la carte cadeau sera d\\u00e9duit directement. Il vous suffit de nous contacter pour plus de d\\u00e9tails \\ud83d\\ude42<\\\/p>\"}},{\"@type\":\"Question\",\"name\":\"Est-ce que la carte cadeau peut aussi \\u00eatre utilis\\u00e9e pour un membership?\",\"acceptedAnswer\":{\"@type\":\"Answer\",\"text\":\"<p><span style=\\\"font-weight: 400;\\\">Bien s\\u00fbr ! Votre bon cadeau Little Pandas peut \\u00eatre utilis\\u00e9 pour n&rsquo;importe lequel de nos services, y compris le paiement d&rsquo;une adh\\u00e9sion membre.<\\\/span><\\\/p>\"}},{\"@type\":\"Question\",\"name\":\"J'aimerais utiliser ma carte cadeau pour un cours, mais le montant est plus \\u00e9lev\\u00e9 que le montant du cours. Vais-je perdre la diff\\u00e9rence?\",\"acceptedAnswer\":{\"@type\":\"Answer\",\"text\":\"<p><span style=\\\"font-weight: 400;\\\">Pas du tout, la diff\\u00e9rence sera ajout\\u00e9e comme cr\\u00e9dit sur votre compte.<\\\/span><\\\/p>\"}}]}<\/script>\n\t\t\t\t\t<\/div>\n\t\t\t\t\t\t<\/div>\n\t\t\t\t<\/div>\n\t\t\t\t\t<\/div>\n\t\t\t\t<\/div>\n\t\t\t\t\t<\/div>\n\t\t\t\t<\/div>\n\t\t\t\t<\/div>\n\t\t","protected":false},"excerpt":{"rendered":"<p>Offrez une Exp\u00e9rience \u00e0 vos proches avec une Carte-Cadeau Little Pandas! Que faire avec des Enfants \u00e0 Gen\u00e8ve? Offrez-leur une Exp\u00e9rience avec un Bon Cadeau Little Pandas. Nous avons cr\u00e9\u00e9 l&rsquo;espace parfait pour vos Enfants \u00e0 Gen\u00e8ve. Avec cette Carte-Cadeau, vous n&rsquo;offrez pas seulement un Cadeau, mais la libert\u00e9 de choisir, d&rsquo;explorer et de d\u00e9couvrir [&hellip;]<\/p>\n","protected":false},"author":1,"featured_media":1695,"parent":0,"menu_order":0,"comment_status":"closed","ping_status":"closed","template":"","meta":{"_acf_changed":false,"_seopress_robots_primary_cat":"","_seopress_titles_title":"","_seopress_titles_desc":"","_seopress_robots_index":"","footnotes":""},"class_list":["post-3630","page","type-page","status-publish","has-post-thumbnail","hentry"],"acf":[],"_links":{"self":[{"href":"https:\/\/littlepandas.ch\/fr\/wp-json\/wp\/v2\/pages\/3630","targetHints":{"allow":["GET"]}}],"collection":[{"href":"https:\/\/littlepandas.ch\/fr\/wp-json\/wp\/v2\/pages"}],"about":[{"href":"https:\/\/littlepandas.ch\/fr\/wp-json\/wp\/v2\/types\/page"}],"author":[{"embeddable":true,"href":"https:\/\/littlepandas.ch\/fr\/wp-json\/wp\/v2\/users\/1"}],"replies":[{"embeddable":true,"href":"https:\/\/littlepandas.ch\/fr\/wp-json\/wp\/v2\/comments?post=3630"}],"version-history":[{"count":3,"href":"https:\/\/littlepandas.ch\/fr\/wp-json\/wp\/v2\/pages\/3630\/revisions"}],"predecessor-version":[{"id":7993,"href":"https:\/\/littlepandas.ch\/fr\/wp-json\/wp\/v2\/pages\/3630\/revisions\/7993"}],"wp:featuredmedia":[{"embeddable":true,"href":"https:\/\/littlepandas.ch\/fr\/wp-json\/wp\/v2\/media\/1695"}],"wp:attachment":[{"href":"https:\/\/littlepandas.ch\/fr\/wp-json\/wp\/v2\/media?parent=3630"}],"curies":[{"name":"wp","href":"https:\/\/api.w.org\/{rel}","templated":true}]}}