{"id":1870,"date":"2023-06-10T21:16:10","date_gmt":"2023-06-10T21:16:10","guid":{"rendered":"https:\/\/littlepandas.ch\/facilities\/"},"modified":"2023-07-07T13:43:59","modified_gmt":"2023-07-07T13:43:59","slug":"installations","status":"publish","type":"page","link":"https:\/\/littlepandas.ch\/fr\/installations\/","title":{"rendered":"Installations"},"content":{"rendered":"\t\t<div data-elementor-type=\"wp-post\" data-elementor-id=\"1870\" class=\"elementor elementor-1870 elementor-900\" data-elementor-post-type=\"page\">\n\t\t\t\t<div class=\"elementor-element elementor-element-75bae47 e-flex e-con-boxed e-con e-parent\" data-id=\"75bae47\" data-element_type=\"container\" data-e-type=\"container\">\n\t\t\t\t\t<div class=\"e-con-inner\">\n\t\t\t\t<div class=\"elementor-element elementor-element-4473ece elementor-widget elementor-widget-heading\" data-id=\"4473ece\" data-element_type=\"widget\" data-e-type=\"widget\" data-widget_type=\"heading.default\">\n\t\t\t\t<div class=\"elementor-widget-container\">\n\t\t\t\t\t<h2 class=\"elementor-heading-title elementor-size-default\">Restez connect\u00e9.<\/h2>\t\t\t\t<\/div>\n\t\t\t\t<\/div>\n\t\t\t\t<div class=\"elementor-element elementor-element-9abd595 elementor-widget elementor-widget-text-editor\" data-id=\"9abd595\" data-element_type=\"widget\" data-e-type=\"widget\" data-widget_type=\"text-editor.default\">\n\t\t\t\t<div class=\"elementor-widget-container\">\n\t\t\t\t\t\t\t\t\t<p>Des d\u00e9veloppements passionnants sont en cours, nous sommes en train de cr\u00e9er de magnifiques installations pour vous et vos petits. Pr\u00e9parez-vous \u00e0 un espace captivant o\u00f9 des moments joyeux sont partag\u00e9s par tous. Restez connect\u00e9 avec nous en vous abonnant \u00e0 notre newsletter, et nous nous assurerons de vous envoyer une notification par email d\u00e8s que nous d\u00e9voilerons notre grande ouverture.<\/p>\t\t\t\t\t\t\t\t<\/div>\n\t\t\t\t<\/div>\n\t\t\t\t\t<\/div>\n\t\t\t\t<\/div>\n\t\t<div class=\"elementor-element elementor-element-4686bbf e-flex e-con-boxed e-con e-parent\" data-id=\"4686bbf\" data-element_type=\"container\" data-e-type=\"container\">\n\t\t\t\t\t<div class=\"e-con-inner\">\n\t\t\t\t<div class=\"elementor-element elementor-element-6719a01 elementor-widget__width-initial animated-slow elementor-button-align-stretch elementor-invisible elementor-widget elementor-widget-form\" data-id=\"6719a01\" data-element_type=\"widget\" data-e-type=\"widget\" data-settings=\"{&quot;button_width&quot;:&quot;30&quot;,&quot;step_next_label&quot;:&quot;Next&quot;,&quot;step_previous_label&quot;:&quot;Previous&quot;,&quot;_animation&quot;:&quot;fadeIn&quot;,&quot;step_type&quot;:&quot;number_text&quot;,&quot;step_icon_shape&quot;:&quot;circle&quot;}\" data-widget_type=\"form.default\">\n\t\t\t\t<div class=\"elementor-widget-container\">\n\t\t\t\t\t\t\t<form class=\"elementor-form\" method=\"post\" name=\"New Form\" aria-label=\"New Form\">\n\t\t\t<input type=\"hidden\" name=\"post_id\" value=\"1870\"\/>\n\t\t\t<input type=\"hidden\" name=\"form_id\" value=\"6719a01\"\/>\n\t\t\t<input type=\"hidden\" name=\"referer_title\" value=\"\" \/>\n\n\t\t\t\n\t\t\t<div class=\"elementor-form-fields-wrapper elementor-labels-above\">\n\t\t\t\t\t\t\t\t<div class=\"elementor-field-type-email elementor-field-group elementor-column elementor-field-group-email elementor-col-70 elementor-field-required\">\n\t\t\t\t\t\t\t\t\t\t\t\t\t<input size=\"1\" type=\"email\" name=\"form_fields[email]\" id=\"form-field-email\" class=\"elementor-field elementor-size-sm  elementor-field-textual\" placeholder=\"VOTRE-MAIL@MAIL.CH\" required=\"required\">\n\t\t\t\t\t\t\t\t\t\t\t<\/div>\n\t\t\t\t\t\t\t\t<div class=\"elementor-field-group elementor-column elementor-field-type-submit elementor-col-30 e-form__buttons\">\n\t\t\t\t\t<button class=\"elementor-button elementor-size-sm\" type=\"submit\">\n\t\t\t\t\t\t<span class=\"elementor-button-content-wrapper\">\n\t\t\t\t\t\t\t\t\t\t\t\t\t\t\t\t\t\t\t\t\t\t<span class=\"elementor-button-text\">S'ABONNER<\/span>\n\t\t\t\t\t\t\t\t\t\t\t\t\t<\/span>\n\t\t\t\t\t<\/button>\n\t\t\t\t<\/div>\n\t\t\t<\/div>\n\t\t<\/form>\n\t\t\t\t\t\t<\/div>\n\t\t\t\t<\/div>\n\t\t\t\t\t<\/div>\n\t\t\t\t<\/div>\n\t\t<div class=\"elementor-element elementor-element-1cf8a2f e-flex e-con-boxed e-con e-parent\" data-id=\"1cf8a2f\" data-element_type=\"container\" data-e-type=\"container\">\n\t\t\t\t\t<div class=\"e-con-inner\">\n\t\t\t\t<div class=\"elementor-element elementor-element-f2c7efd elementor-widget elementor-widget-spacer\" data-id=\"f2c7efd\" data-element_type=\"widget\" data-e-type=\"widget\" data-widget_type=\"spacer.default\">\n\t\t\t\t<div class=\"elementor-widget-container\">\n\t\t\t\t\t\t\t<div class=\"elementor-spacer\">\n\t\t\t<div class=\"elementor-spacer-inner\"><\/div>\n\t\t<\/div>\n\t\t\t\t\t\t<\/div>\n\t\t\t\t<\/div>\n\t\t\t\t\t<\/div>\n\t\t\t\t<\/div>\n\t\t\t\t<\/div>\n\t\t","protected":false},"excerpt":{"rendered":"<p>Restez connect\u00e9. Des d\u00e9veloppements passionnants sont en cours, nous sommes en train de cr\u00e9er de magnifiques installations pour vous et vos petits. Pr\u00e9parez-vous \u00e0 un espace captivant o\u00f9 des moments joyeux sont partag\u00e9s par tous. Restez connect\u00e9 avec nous en vous abonnant \u00e0 notre newsletter, et nous nous assurerons de vous envoyer une notification par [&hellip;]<\/p>\n","protected":false},"author":1,"featured_media":1693,"parent":0,"menu_order":0,"comment_status":"closed","ping_status":"closed","template":"","meta":{"_acf_changed":false,"_seopress_robots_primary_cat":"","_seopress_titles_title":"","_seopress_titles_desc":"","_seopress_robots_index":"","footnotes":""},"class_list":["post-1870","page","type-page","status-publish","has-post-thumbnail","hentry"],"acf":[],"_links":{"self":[{"href":"https:\/\/littlepandas.ch\/fr\/wp-json\/wp\/v2\/pages\/1870","targetHints":{"allow":["GET"]}}],"collection":[{"href":"https:\/\/littlepandas.ch\/fr\/wp-json\/wp\/v2\/pages"}],"about":[{"href":"https:\/\/littlepandas.ch\/fr\/wp-json\/wp\/v2\/types\/page"}],"author":[{"embeddable":true,"href":"https:\/\/littlepandas.ch\/fr\/wp-json\/wp\/v2\/users\/1"}],"replies":[{"embeddable":true,"href":"https:\/\/littlepandas.ch\/fr\/wp-json\/wp\/v2\/comments?post=1870"}],"version-history":[{"count":0,"href":"https:\/\/littlepandas.ch\/fr\/wp-json\/wp\/v2\/pages\/1870\/revisions"}],"wp:featuredmedia":[{"embeddable":true,"href":"https:\/\/littlepandas.ch\/fr\/wp-json\/wp\/v2\/media\/1693"}],"wp:attachment":[{"href":"https:\/\/littlepandas.ch\/fr\/wp-json\/wp\/v2\/media?parent=1870"}],"curies":[{"name":"wp","href":"https:\/\/api.w.org\/{rel}","templated":true}]}}